{"id":643,"date":"2015-07-10T18:03:06","date_gmt":"2015-07-10T18:03:06","guid":{"rendered":"http:\/\/site.astrofoto.com.pt\/welcome\/?post_type=product&#038;p=643"},"modified":"2025-02-21T15:01:51","modified_gmt":"2025-02-21T15:01:51","slug":"oculos-to-para-eclipse-cx-500","status":"publish","type":"product","link":"https:\/\/site.astrofoto.com.pt\/welcome\/produto\/oculos-to-para-eclipse-cx-500\/","title":{"rendered":"Oculos TO para eclipse (cx 500)"},"content":{"rendered":"<p><strong>Oculos TO para eclipse (cx 500)<\/strong><\/p>\n<p>\u25baF\u00f3rmula \u00f3ptica exclusiva Thousand Oaks desenvolvida para observa\u00e7\u00e3o solar segura. As propriedades protectoras de nossos filmes de pol\u00edmero prata-preto est\u00e3o em todo o substrato, portanto, nunca h\u00e1 uma preocupa\u00e7\u00e3o com furos.<\/p>\n<p>\u25ba<span class=\"VIiyi\" lang=\"pt\"><span class=\"JLqJ4b ChMk0b\" data-language-for-alternatives=\"pt\" data-language-to-translate-into=\"en\" data-phrase-index=\"0\">Nossos substratos exclusivos de alta qualidade fornecem recursos de seguran\u00e7a superiores, imagens solares mais n\u00edtidas e imagem solar laranja agrad\u00e1vel.<\/span> <span class=\"JLqJ4b ChMk0b\" data-language-for-alternatives=\"pt\" data-language-to-translate-into=\"en\" data-phrase-index=\"1\">Fabricamos produtos solares desde 1979 e temos mais de 35 anos de experi\u00eancia em astronomia e observa\u00e7\u00e3o solar segura.<\/span><\/span><\/p>\n","protected":false},"excerpt":{"rendered":"<p>Oculos TO para eclipse (cx 500) \u25baF\u00f3rmula \u00f3ptica exclusiva Thousand Oaks desenvolvida para observa\u00e7\u00e3o solar segura. As propriedades protectoras de nossos filmes de pol\u00edmero prata-preto est\u00e3o em todo o substrato, portanto, nunca h\u00e1 uma preocupa\u00e7\u00e3o com furos. \u25baNossos substratos exclusivos de alta qualidade fornecem recursos de seguran\u00e7a superiores, imagens solares mais n\u00edtidas e imagem solar<\/p>\n<div class=\"more-link\">\n\t\t\t\t <a href=\"https:\/\/site.astrofoto.com.pt\/welcome\/produto\/oculos-to-para-eclipse-cx-500\/\" class=\"btn theme-btn inverted\"><span>Continuar a Ler <\/span><\/a>\n\t\t\t<\/div>\n","protected":false},"featured_media":6591,"comment_status":"open","ping_status":"closed","template":"","meta":[],"product_brand":[],"product_cat":[20],"product_tag":[],"class_list":{"0":"post-643","1":"product","2":"type-product","3":"status-publish","4":"has-post-thumbnail","6":"product_cat-filtros-solares","7":"product_shipping_class-taxa-minima","9":"first","10":"outofstock","11":"shipping-taxable","12":"purchasable","13":"product-type-simple"},"_links":{"self":[{"href":"https:\/\/site.astrofoto.com.pt\/welcome\/wp-json\/wp\/v2\/product\/643","targetHints":{"allow":["GET"]}}],"collection":[{"href":"https:\/\/site.astrofoto.com.pt\/welcome\/wp-json\/wp\/v2\/product"}],"about":[{"href":"https:\/\/site.astrofoto.com.pt\/welcome\/wp-json\/wp\/v2\/types\/product"}],"replies":[{"embeddable":true,"href":"https:\/\/site.astrofoto.com.pt\/welcome\/wp-json\/wp\/v2\/comments?post=643"}],"wp:featuredmedia":[{"embeddable":true,"href":"https:\/\/site.astrofoto.com.pt\/welcome\/wp-json\/wp\/v2\/media\/6591"}],"wp:attachment":[{"href":"https:\/\/site.astrofoto.com.pt\/welcome\/wp-json\/wp\/v2\/media?parent=643"}],"wp:term":[{"taxonomy":"product_brand","embeddable":true,"href":"https:\/\/site.astrofoto.com.pt\/welcome\/wp-json\/wp\/v2\/product_brand?post=643"},{"taxonomy":"product_cat","embeddable":true,"href":"https:\/\/site.astrofoto.com.pt\/welcome\/wp-json\/wp\/v2\/product_cat?post=643"},{"taxonomy":"product_tag","embeddable":true,"href":"https:\/\/site.astrofoto.com.pt\/welcome\/wp-json\/wp\/v2\/product_tag?post=643"}],"curies":[{"name":"wp","href":"https:\/\/api.w.org\/{rel}","templated":true}]}}