{"id":631,"date":"2015-07-10T17:33:34","date_gmt":"2015-07-10T17:33:34","guid":{"rendered":"http:\/\/site.astrofoto.com.pt\/welcome\/?post_type=product&#038;p=631"},"modified":"2024-08-07T13:06:03","modified_gmt":"2024-08-07T13:06:03","slug":"filtro-solar-baader-camara-filmar-49mm","status":"publish","type":"product","link":"https:\/\/site.astrofoto.com.pt\/welcome\/produto\/filtro-solar-baader-camara-filmar-49mm\/","title":{"rendered":"Filtro solar Baader c\u00e2mara filmar 49mm"},"content":{"rendered":"<p><a href=\"http:\/\/site.astrofoto.com.pt\/welcome\/wp-content\/uploads\/2015\/07\/f7.png\"><img decoding=\"async\" class=\"alignleft size-full wp-image-632\" src=\"http:\/\/site.astrofoto.com.pt\/welcome\/wp-content\/uploads\/2015\/07\/f7.png\" alt=\"f7\" width=\"100\" height=\"82\" \/><\/a><\/p>\n<p>\u2022 enroscam nas objectivas das c\u00e2maras<\/p>\n<p>\u2022 ou nos tubos de adapta\u00e7\u00e3o de filtros nas c\u00e2maras em que a objectiva n\u00e3o tem rosca para filtros<\/p>\n<p>veja:<a href=\"http:\/\/astrofoto.com.pt\/diversos.htm#digital\"><strong><span style=\"color: #000000;\"> adaptadores a c\u00e2mara digital<\/span><\/strong><\/a> ou consulte o fornecedor para saber como colocar filtros Skylight ou UV<\/p>\n","protected":false},"excerpt":{"rendered":"<p>\u2022 enroscam nas objectivas das c\u00e2maras \u2022 ou nos tubos de adapta\u00e7\u00e3o de filtros nas c\u00e2maras em que a objectiva n\u00e3o tem rosca para filtros veja: adaptadores a c\u00e2mara digital ou consulte o fornecedor para saber como colocar filtros Skylight ou UV<\/p>\n","protected":false},"featured_media":632,"comment_status":"open","ping_status":"closed","template":"","meta":[],"product_brand":[],"product_cat":[20],"product_tag":[],"class_list":{"0":"post-631","1":"product","2":"type-product","3":"status-publish","4":"has-post-thumbnail","6":"product_cat-filtros-solares","7":"product_shipping_class-taxa-minima","9":"first","10":"outofstock","11":"shipping-taxable","12":"purchasable","13":"product-type-simple"},"_links":{"self":[{"href":"https:\/\/site.astrofoto.com.pt\/welcome\/wp-json\/wp\/v2\/product\/631","targetHints":{"allow":["GET"]}}],"collection":[{"href":"https:\/\/site.astrofoto.com.pt\/welcome\/wp-json\/wp\/v2\/product"}],"about":[{"href":"https:\/\/site.astrofoto.com.pt\/welcome\/wp-json\/wp\/v2\/types\/product"}],"replies":[{"embeddable":true,"href":"https:\/\/site.astrofoto.com.pt\/welcome\/wp-json\/wp\/v2\/comments?post=631"}],"wp:featuredmedia":[{"embeddable":true,"href":"https:\/\/site.astrofoto.com.pt\/welcome\/wp-json\/wp\/v2\/media\/632"}],"wp:attachment":[{"href":"https:\/\/site.astrofoto.com.pt\/welcome\/wp-json\/wp\/v2\/media?parent=631"}],"wp:term":[{"taxonomy":"product_brand","embeddable":true,"href":"https:\/\/site.astrofoto.com.pt\/welcome\/wp-json\/wp\/v2\/product_brand?post=631"},{"taxonomy":"product_cat","embeddable":true,"href":"https:\/\/site.astrofoto.com.pt\/welcome\/wp-json\/wp\/v2\/product_cat?post=631"},{"taxonomy":"product_tag","embeddable":true,"href":"https:\/\/site.astrofoto.com.pt\/welcome\/wp-json\/wp\/v2\/product_tag?post=631"}],"curies":[{"name":"wp","href":"https:\/\/api.w.org\/{rel}","templated":true}]}}