{"id":618,"date":"2015-07-10T17:13:08","date_gmt":"2015-07-10T17:13:08","guid":{"rendered":"http:\/\/site.astrofoto.com.pt\/welcome\/?post_type=product&#038;p=618"},"modified":"2026-02-26T18:46:23","modified_gmt":"2026-02-26T18:46:23","slug":"baader-em-folha-100x50","status":"publish","type":"product","link":"https:\/\/site.astrofoto.com.pt\/welcome\/produto\/baader-em-folha-100x50\/","title":{"rendered":"Baader em folha 100&#215;50"},"content":{"rendered":"<p><strong>Baader em folha 100&#215;50<\/strong><\/p>\n<p>\u2022 cortam os raios ultra-violetas e infravermelhos<br \/>\n\u2022 observa\u00e7\u00e3o do Sol em perfeitas condi\u00e7\u00f5es de seguran\u00e7a<br \/>\n\u2022 observa\u00e7\u00e3o das manchas solares<br \/>\n\u2022 visibilidade perfeita pela qualidade do filtro solar Baader<\/p>\n<p>\u25baCom a qualidade conhecida do filtro astrosolar Baader, proporciona uma imagem bem definida do Sol.<\/p>\n<p>\u25baDevido ao processo de metaliza\u00e7\u00e3o de dois lados projectado para o AstroSolar &#x2122; Silver Film, o filme permanece seguro para uma vis\u00e3o directa do Sol, mesmo no caso de a parte frontal do visualizador sofrer um arranh\u00e3o. Ainda assim, deve fazer sempre uma inspec\u00e7\u00e3o completa para detectar poss\u00edveis danos devido ao manuseio incorrecto e deve ser descartado no caso de defeito vis\u00edvel, como furo.<\/p>\n","protected":false},"excerpt":{"rendered":"<p>Baader em folha 100&#215;50 \u2022 cortam os raios ultra-violetas e infravermelhos \u2022 observa\u00e7\u00e3o do Sol em perfeitas condi\u00e7\u00f5es de seguran\u00e7a \u2022 observa\u00e7\u00e3o das manchas solares \u2022 visibilidade perfeita pela qualidade do filtro solar Baader \u25baCom a qualidade conhecida do filtro astrosolar Baader, proporciona uma imagem bem definida do Sol. \u25baDevido ao processo de metaliza\u00e7\u00e3o de<\/p>\n<div class=\"more-link\">\n\t\t\t\t <a href=\"https:\/\/site.astrofoto.com.pt\/welcome\/produto\/baader-em-folha-100x50\/\" class=\"btn theme-btn inverted\"><span>Continuar a Ler <\/span><\/a>\n\t\t\t<\/div>\n","protected":false},"featured_media":619,"comment_status":"open","ping_status":"closed","template":"","meta":[],"product_brand":[],"product_cat":[20],"product_tag":[],"class_list":{"0":"post-618","1":"product","2":"type-product","3":"status-publish","4":"has-post-thumbnail","6":"product_cat-filtros-solares","7":"product_shipping_class-taxa-minima","9":"first","10":"outofstock","11":"shipping-taxable","12":"purchasable","13":"product-type-simple"},"_links":{"self":[{"href":"https:\/\/site.astrofoto.com.pt\/welcome\/wp-json\/wp\/v2\/product\/618","targetHints":{"allow":["GET"]}}],"collection":[{"href":"https:\/\/site.astrofoto.com.pt\/welcome\/wp-json\/wp\/v2\/product"}],"about":[{"href":"https:\/\/site.astrofoto.com.pt\/welcome\/wp-json\/wp\/v2\/types\/product"}],"replies":[{"embeddable":true,"href":"https:\/\/site.astrofoto.com.pt\/welcome\/wp-json\/wp\/v2\/comments?post=618"}],"wp:featuredmedia":[{"embeddable":true,"href":"https:\/\/site.astrofoto.com.pt\/welcome\/wp-json\/wp\/v2\/media\/619"}],"wp:attachment":[{"href":"https:\/\/site.astrofoto.com.pt\/welcome\/wp-json\/wp\/v2\/media?parent=618"}],"wp:term":[{"taxonomy":"product_brand","embeddable":true,"href":"https:\/\/site.astrofoto.com.pt\/welcome\/wp-json\/wp\/v2\/product_brand?post=618"},{"taxonomy":"product_cat","embeddable":true,"href":"https:\/\/site.astrofoto.com.pt\/welcome\/wp-json\/wp\/v2\/product_cat?post=618"},{"taxonomy":"product_tag","embeddable":true,"href":"https:\/\/site.astrofoto.com.pt\/welcome\/wp-json\/wp\/v2\/product_tag?post=618"}],"curies":[{"name":"wp","href":"https:\/\/api.w.org\/{rel}","templated":true}]}}