{"id":5880,"date":"2021-01-13T17:31:55","date_gmt":"2021-01-13T17:31:55","guid":{"rendered":"http:\/\/site.astrofoto.com.pt\/welcome\/?post_type=product&#038;p=5880"},"modified":"2021-05-19T15:11:10","modified_gmt":"2021-05-19T15:11:10","slug":"zoomion-mini-dobson-76","status":"publish","type":"product","link":"https:\/\/site.astrofoto.com.pt\/welcome\/produto\/zoomion-mini-dobson-76\/","title":{"rendered":"Zoomion Mini Dobson 76\/300"},"content":{"rendered":"<p><strong>Zoomion Mini Dobson 76\/300<\/strong><\/p>\n<p>\u2022 Reflector (Newton)<br \/>\n\u2022 Di\u00e2metro: 76mm<br \/>\n\u2022 Dist\u00e2ncia focal: 300mm<br \/>\n\u2022 Focagem a partir de 2,5m<br \/>\n\u2022 Montagem: Dobson<br \/>\n\u2022 Oculares: SR4mm, H6mm, H12,5mm, H20mm<br \/>\n\u2022 Barlow: 2x<br \/>\n\u2022 Erector: 1.5x (imagem terrestre)<br \/>\n\u2022 Peso: 3Kg<br \/>\n\u25baTelescopio para usar em cima duma mesa ou banco alto<\/p>\n<p><em>\u25baconcebido no \u00e2mbito do Ano Internacional da Astronomia pretende ser uma inicia\u00e7\u00e3o para crian\u00e7as facilitando o acompanhamento dos astros sem as &#8220;folgas&#8221; do refractores desta gama de pre\u00e7os.<\/em><\/p>\n","protected":false},"excerpt":{"rendered":"<p>Zoomion Mini Dobson 76\/300 \u2022 Reflector (Newton) \u2022 Di\u00e2metro: 76mm \u2022 Dist\u00e2ncia focal: 300mm \u2022 Focagem a partir de 2,5m \u2022 Montagem: Dobson \u2022 Oculares: SR4mm, H6mm, H12,5mm, H20mm \u2022 Barlow: 2x \u2022 Erector: 1.5x (imagem terrestre) \u2022 Peso: 3Kg \u25baTelescopio para usar em cima duma mesa ou banco alto \u25baconcebido no \u00e2mbito do Ano<\/p>\n<div class=\"more-link\">\n\t\t\t\t <a href=\"https:\/\/site.astrofoto.com.pt\/welcome\/produto\/zoomion-mini-dobson-76\/\" class=\"btn theme-btn inverted\"><span>Continuar a Ler <\/span><\/a>\n\t\t\t<\/div>\n","protected":false},"featured_media":5881,"comment_status":"closed","ping_status":"closed","template":"","meta":[],"product_brand":[],"product_cat":[15],"product_tag":[],"class_list":{"0":"post-5880","1":"product","2":"type-product","3":"status-publish","4":"has-post-thumbnail","6":"product_cat-telescopios-reflectores","8":"first","9":"outofstock","10":"shipping-taxable","11":"purchasable","12":"product-type-simple"},"_links":{"self":[{"href":"https:\/\/site.astrofoto.com.pt\/welcome\/wp-json\/wp\/v2\/product\/5880","targetHints":{"allow":["GET"]}}],"collection":[{"href":"https:\/\/site.astrofoto.com.pt\/welcome\/wp-json\/wp\/v2\/product"}],"about":[{"href":"https:\/\/site.astrofoto.com.pt\/welcome\/wp-json\/wp\/v2\/types\/product"}],"replies":[{"embeddable":true,"href":"https:\/\/site.astrofoto.com.pt\/welcome\/wp-json\/wp\/v2\/comments?post=5880"}],"wp:featuredmedia":[{"embeddable":true,"href":"https:\/\/site.astrofoto.com.pt\/welcome\/wp-json\/wp\/v2\/media\/5881"}],"wp:attachment":[{"href":"https:\/\/site.astrofoto.com.pt\/welcome\/wp-json\/wp\/v2\/media?parent=5880"}],"wp:term":[{"taxonomy":"product_brand","embeddable":true,"href":"https:\/\/site.astrofoto.com.pt\/welcome\/wp-json\/wp\/v2\/product_brand?post=5880"},{"taxonomy":"product_cat","embeddable":true,"href":"https:\/\/site.astrofoto.com.pt\/welcome\/wp-json\/wp\/v2\/product_cat?post=5880"},{"taxonomy":"product_tag","embeddable":true,"href":"https:\/\/site.astrofoto.com.pt\/welcome\/wp-json\/wp\/v2\/product_tag?post=5880"}],"curies":[{"name":"wp","href":"https:\/\/api.w.org\/{rel}","templated":true}]}}