{"id":5839,"date":"2021-01-05T10:46:26","date_gmt":"2021-01-05T10:46:26","guid":{"rendered":"http:\/\/site.astrofoto.com.pt\/welcome\/?post_type=product&#038;p=5839"},"modified":"2023-12-13T21:12:29","modified_gmt":"2023-12-13T21:12:29","slug":"5839","status":"publish","type":"product","link":"https:\/\/site.astrofoto.com.pt\/welcome\/produto\/5839\/","title":{"rendered":"Telescopio Celestron StarSense 130\/650 Explorer DX AZ"},"content":{"rendered":"<p><strong><a href=\"http:\/\/site.astrofoto.com.pt\/welcome\/wp-content\/uploads\/2020\/11\/StarSense130d.jpg\"><img fetchpriority=\"high\" decoding=\"async\" class=\"alignleft size-medium wp-image-5668\" src=\"http:\/\/site.astrofoto.com.pt\/welcome\/wp-content\/uploads\/2020\/11\/StarSense130d-300x288.jpg\" alt=\"\" width=\"300\" height=\"288\" srcset=\"https:\/\/site.astrofoto.com.pt\/welcome\/wp-content\/uploads\/2020\/11\/StarSense130d-300x288.jpg 300w, https:\/\/site.astrofoto.com.pt\/welcome\/wp-content\/uploads\/2020\/11\/StarSense130d-450x432.jpg 450w, https:\/\/site.astrofoto.com.pt\/welcome\/wp-content\/uploads\/2020\/11\/StarSense130d-600x576.jpg 600w, https:\/\/site.astrofoto.com.pt\/welcome\/wp-content\/uploads\/2020\/11\/StarSense130d-768x738.jpg 768w, https:\/\/site.astrofoto.com.pt\/welcome\/wp-content\/uploads\/2020\/11\/StarSense130d.jpg 863w\" sizes=\"(max-width: 300px) 100vw, 300px\" \/><\/a>Telescopio Celestron StarSense 130\/650\u00a0 AZ<br \/>\n<\/strong>\u25ba <em>O grande sucesso dos\u00a0 StarSense fez esgotar completamente este modelo. Estamos a aceitar reservas para entregar em Outubro de 2021. <\/em><em>Fa\u00e7a a sua reserva <\/em><a href=\"mailto:astrofotoportugal@gmail.com\"><em>aqui<\/em><\/a><strong><br \/>\n<\/strong><\/p>\n<p>&nbsp;<\/p>\n<p>\u25baO sistema StarSense Explorer usa o seu smartphone para analisar o c\u00e9u noturno e calcular a sua posi\u00e7\u00e3o em tempo real.<br \/>\nStarSense Explorer \u00e9 ideal para iniciantes, gra\u00e7as ao interface do aplicativo e tutoriais detalhados.<br \/>\n\u00c9 como ter o seu pr\u00f3prio guia pessoal no c\u00e9u noturno.<\/p>\n<p>\u2022 Di\u00e2metro: 130mm<br \/>\n\u2022 Focal: 650mm f\/4.6<br \/>\n\u2022 Reflector (Newton)<br \/>\n\u2022 Montagem: AZ StarSense<br \/>\n\u2022 Oculares: 25mm e 10mm<br \/>\n\u2022 Buscador: StarPointer<br \/>\n\u2022 Peso total: 8Kg<\/p>\n<p>\u25ba O Sistema StarSense \u00e9 compativel com os Android 7.1.2 e iPhone 6 ou superior. T\u00eam de ter c\u00e2mara, girosc\u00f3pio e aceler\u00f3metro<\/p>\n<p>\u25ba ver <a href=\"https:\/\/starsenseexplorer.simcur.com\/\">compatibilidades<\/a><\/p>\n<p>Ver no youtube: <a href=\"https:\/\/www.youtube.com\/watch?v=aD2_F89Qjkw\">StarSense<\/a><\/p>\n<p>&nbsp;<\/p>\n<div class=\"woocommerce-tabs wc-tabs-wrapper\">\n<div id=\"tab-description\" class=\"woocommerce-Tabs-panel woocommerce-Tabs-panel--description panel entry-content wc-tab\" role=\"tabpanel\" aria-labelledby=\"tab-title-description\">\n<p>&nbsp;<\/p>\n<\/div>\n<\/div>\n","protected":false},"excerpt":{"rendered":"<p>Telescopio Celestron StarSense 130\/650\u00a0 AZ \u25ba O grande sucesso dos\u00a0 StarSense fez esgotar completamente este modelo. Estamos a aceitar reservas para entregar em Outubro de 2021. Fa\u00e7a a sua reserva aqui &nbsp; \u25baO sistema StarSense Explorer usa o seu smartphone para analisar o c\u00e9u noturno e calcular a sua posi\u00e7\u00e3o em tempo real. StarSense Explorer<\/p>\n<div class=\"more-link\">\n\t\t\t\t <a href=\"https:\/\/site.astrofoto.com.pt\/welcome\/produto\/5839\/\" class=\"btn theme-btn inverted\"><span>Continuar a Ler <\/span><\/a>\n\t\t\t<\/div>\n","protected":false},"featured_media":5669,"comment_status":"closed","ping_status":"closed","template":"","meta":[],"product_brand":[],"product_cat":[6,15],"product_tag":[],"class_list":{"0":"post-5839","1":"product","2":"type-product","3":"status-publish","4":"has-post-thumbnail","6":"product_cat-telescopios","7":"product_cat-telescopios-reflectores","9":"first","10":"onbackorder","11":"shipping-taxable","12":"purchasable","13":"product-type-simple"},"_links":{"self":[{"href":"https:\/\/site.astrofoto.com.pt\/welcome\/wp-json\/wp\/v2\/product\/5839","targetHints":{"allow":["GET"]}}],"collection":[{"href":"https:\/\/site.astrofoto.com.pt\/welcome\/wp-json\/wp\/v2\/product"}],"about":[{"href":"https:\/\/site.astrofoto.com.pt\/welcome\/wp-json\/wp\/v2\/types\/product"}],"replies":[{"embeddable":true,"href":"https:\/\/site.astrofoto.com.pt\/welcome\/wp-json\/wp\/v2\/comments?post=5839"}],"wp:featuredmedia":[{"embeddable":true,"href":"https:\/\/site.astrofoto.com.pt\/welcome\/wp-json\/wp\/v2\/media\/5669"}],"wp:attachment":[{"href":"https:\/\/site.astrofoto.com.pt\/welcome\/wp-json\/wp\/v2\/media?parent=5839"}],"wp:term":[{"taxonomy":"product_brand","embeddable":true,"href":"https:\/\/site.astrofoto.com.pt\/welcome\/wp-json\/wp\/v2\/product_brand?post=5839"},{"taxonomy":"product_cat","embeddable":true,"href":"https:\/\/site.astrofoto.com.pt\/welcome\/wp-json\/wp\/v2\/product_cat?post=5839"},{"taxonomy":"product_tag","embeddable":true,"href":"https:\/\/site.astrofoto.com.pt\/welcome\/wp-json\/wp\/v2\/product_tag?post=5839"}],"curies":[{"name":"wp","href":"https:\/\/api.w.org\/{rel}","templated":true}]}}