{"id":5827,"date":"2020-12-30T19:12:01","date_gmt":"2020-12-30T19:12:01","guid":{"rendered":"http:\/\/site.astrofoto.com.pt\/welcome\/?post_type=product&#038;p=5827"},"modified":"2022-08-10T11:19:48","modified_gmt":"2022-08-10T11:19:48","slug":"montagem-skywatcher-eq8rh","status":"publish","type":"product","link":"https:\/\/site.astrofoto.com.pt\/welcome\/produto\/montagem-skywatcher-eq8rh\/","title":{"rendered":"Montagem SkyWatcher EQ8RH"},"content":{"rendered":"<p><a href=\"http:\/\/site.astrofoto.com.pt\/welcome\/wp-content\/uploads\/2020\/12\/SWEQ8R05.jpg\"><img fetchpriority=\"high\" decoding=\"async\" class=\"alignleft size-medium wp-image-5825\" src=\"http:\/\/site.astrofoto.com.pt\/welcome\/wp-content\/uploads\/2020\/12\/SWEQ8R05-296x300.jpg\" alt=\"\" width=\"296\" height=\"300\" srcset=\"https:\/\/site.astrofoto.com.pt\/welcome\/wp-content\/uploads\/2020\/12\/SWEQ8R05-296x300.jpg 296w, https:\/\/site.astrofoto.com.pt\/welcome\/wp-content\/uploads\/2020\/12\/SWEQ8R05-450x455.jpg 450w, https:\/\/site.astrofoto.com.pt\/welcome\/wp-content\/uploads\/2020\/12\/SWEQ8R05-100x100.jpg 100w, https:\/\/site.astrofoto.com.pt\/welcome\/wp-content\/uploads\/2020\/12\/SWEQ8R05-600x607.jpg 600w, https:\/\/site.astrofoto.com.pt\/welcome\/wp-content\/uploads\/2020\/12\/SWEQ8R05.jpg 674w\" sizes=\"(max-width: 296px) 100vw, 296px\" \/><\/a><\/p>\n<p><strong>Montagem SkyWatcher EQ8Rh<\/strong><\/p>\n<p>\u2022 Capacidade max: 50 Kg<br \/>\n\u2022 Almenta\u00e7\u00e3o: 11 \u2013 16V<br \/>\n\u2022 Base de dados: 42.900 objectos<br \/>\n\u2022 Velocidades de corre\u00e7ao: 0,125; 0,25; 0,5; 0,75; 1<br \/>\n\u2022 Contrapesos: 2 de 10Kg<br \/>\n\u2022 Barra dos contrapesos: 2,6Kg<br \/>\n\u2022 Peso da Montagem: 26Kg<br \/>\n\u2022 Peso do Trip\u00e9 (opcional):29,5Kg<br \/>\n\u2022 Modo de seguimento: Equatorial<br \/>\n\u2022 Velocidades de seguimento: solar, lunar e sideral<br \/>\n\u2022 Sistema GOTO com comando<br \/>\n\u2022 Motor de passos hibrido 0,9\u00ba<br \/>\n\u2022 Resolu\u00e7\u00e3o: 0.03 seg\/arco (44 milh\u00f5es de passos)<br \/>\n\u2022 Velocidade: at\u00e9 3.7\u00b0\/seg (0,5x a 800x)<br \/>\n\u2022 Autoguiagem: de 0.125x a 1x<br \/>\n\u2022 Controlavel por PC<br \/>\n\u2022 Actualizavel na internet<\/p>\n<p><strong><em> \u25ba<\/em>\u201cencoder\u201d Renishaw no eixo de RA permite um erro peri\u00f3dico quase nulo<\/strong><\/p>\n<p>\u25ba Melhoramentos em rela\u00e7\u00e3o \u00e0 anterior EQ8:<\/p>\n<p>\u2022 Conectividade melhorada: 4 portas USB3.0 e 3 portas auxiliares.<br \/>\n\u2022<strong> Transmiss\u00e3o por correia: sobre os dois eixos melhorando o seguimento e o ruido.<\/strong><br \/>\n\u2022 Sistema de gest\u00e3o de cabos: permite melhor acomoda\u00e7\u00e3o.<br \/>\n\u2022 Posi\u00e7\u00e3o dos motores: permite\u00a0 equilibrio mais facilitado.<br \/>\n\u2022 Parafusos de fixa\u00e7\u00e3o da dovetail melhorados e mais firmes.<\/p>\n<p>\u25ba <em>Na vers\u00e3o EQ8-RH: um \u201cencoder\u201d Renishaw no eixo de RA permite um erro peri\u00f3dico quase nulo<\/em><\/p>\n<p>\u25ba Trip\u00e9 opcional<\/p>\n","protected":false},"excerpt":{"rendered":"<p>Montagem SkyWatcher EQ8Rh \u2022 Capacidade max: 50 Kg \u2022 Almenta\u00e7\u00e3o: 11 \u2013 16V \u2022 Base de dados: 42.900 objectos \u2022 Velocidades de corre\u00e7ao: 0,125; 0,25; 0,5; 0,75; 1 \u2022 Contrapesos: 2 de 10Kg \u2022 Barra dos contrapesos: 2,6Kg \u2022 Peso da Montagem: 26Kg \u2022 Peso do Trip\u00e9 (opcional):29,5Kg \u2022 Modo de seguimento: Equatorial \u2022 Velocidades<\/p>\n<div class=\"more-link\">\n\t\t\t\t <a href=\"https:\/\/site.astrofoto.com.pt\/welcome\/produto\/montagem-skywatcher-eq8rh\/\" class=\"btn theme-btn inverted\"><span>Continuar a Ler <\/span><\/a>\n\t\t\t<\/div>\n","protected":false},"featured_media":5825,"comment_status":"closed","ping_status":"closed","template":"","meta":[],"product_brand":[],"product_cat":[14,79,67],"product_tag":[],"class_list":{"0":"post-5827","1":"product","2":"type-product","3":"status-publish","4":"has-post-thumbnail","6":"product_cat-montagens","7":"product_cat-montagens-goto","8":"product_cat-https-site-astrofoto-com-pt-welcome-categoria-produto-novidade","10":"first","11":"onbackorder","12":"shipping-taxable","13":"purchasable","14":"product-type-simple"},"_links":{"self":[{"href":"https:\/\/site.astrofoto.com.pt\/welcome\/wp-json\/wp\/v2\/product\/5827","targetHints":{"allow":["GET"]}}],"collection":[{"href":"https:\/\/site.astrofoto.com.pt\/welcome\/wp-json\/wp\/v2\/product"}],"about":[{"href":"https:\/\/site.astrofoto.com.pt\/welcome\/wp-json\/wp\/v2\/types\/product"}],"replies":[{"embeddable":true,"href":"https:\/\/site.astrofoto.com.pt\/welcome\/wp-json\/wp\/v2\/comments?post=5827"}],"wp:featuredmedia":[{"embeddable":true,"href":"https:\/\/site.astrofoto.com.pt\/welcome\/wp-json\/wp\/v2\/media\/5825"}],"wp:attachment":[{"href":"https:\/\/site.astrofoto.com.pt\/welcome\/wp-json\/wp\/v2\/media?parent=5827"}],"wp:term":[{"taxonomy":"product_brand","embeddable":true,"href":"https:\/\/site.astrofoto.com.pt\/welcome\/wp-json\/wp\/v2\/product_brand?post=5827"},{"taxonomy":"product_cat","embeddable":true,"href":"https:\/\/site.astrofoto.com.pt\/welcome\/wp-json\/wp\/v2\/product_cat?post=5827"},{"taxonomy":"product_tag","embeddable":true,"href":"https:\/\/site.astrofoto.com.pt\/welcome\/wp-json\/wp\/v2\/product_tag?post=5827"}],"curies":[{"name":"wp","href":"https:\/\/api.w.org\/{rel}","templated":true}]}}