{"id":5757,"date":"2020-12-16T12:03:31","date_gmt":"2020-12-16T12:03:31","guid":{"rendered":"http:\/\/site.astrofoto.com.pt\/welcome\/?post_type=product&#038;p=5757"},"modified":"2023-10-18T20:09:53","modified_gmt":"2023-10-18T20:09:53","slug":"telescopio-omegon-130-650-eq320-advanced","status":"publish","type":"product","link":"https:\/\/site.astrofoto.com.pt\/welcome\/produto\/telescopio-omegon-130-650-eq320-advanced\/","title":{"rendered":"Telescopio Omegon 130\/650 EQ320 Advanced"},"content":{"rendered":"<p><a href=\"http:\/\/site.astrofoto.com.pt\/welcome\/wp-content\/uploads\/2020\/12\/Omegon01.jpg\"><img fetchpriority=\"high\" decoding=\"async\" class=\"alignleft size-medium wp-image-5755\" src=\"http:\/\/site.astrofoto.com.pt\/welcome\/wp-content\/uploads\/2020\/12\/Omegon01-219x300.jpg\" alt=\"\" width=\"219\" height=\"300\" srcset=\"https:\/\/site.astrofoto.com.pt\/welcome\/wp-content\/uploads\/2020\/12\/Omegon01-219x300.jpg 219w, https:\/\/site.astrofoto.com.pt\/welcome\/wp-content\/uploads\/2020\/12\/Omegon01-150x205.jpg 150w, https:\/\/site.astrofoto.com.pt\/welcome\/wp-content\/uploads\/2020\/12\/Omegon01.jpg 245w\" sizes=\"(max-width: 219px) 100vw, 219px\" \/><\/a><strong>Telescopio Omegon 130\/650 EQ320 Advanced<\/strong><\/p>\n<p>\u2022Tubo \u00d3ptico Alum\u00ednio<br \/>\n\u2022Com dovetail e an\u00e9is de fixa\u00e7\u00e3o<br \/>\n\u2022Abertura: 130mm<br \/>\n\u2022Dist\u00e2ncia Focal: 650mm<br \/>\n\u2022Espelho: Parab\u00f3lico<br \/>\n\u2022Poder de resolu\u00e7\u00e3o: 0.8\u2033<br \/>\n\u2022Magnitude limite: 13.5<br \/>\n\u2022Montagem equatorial alem\u00e3 EQ320<br \/>\n\u2022Trip\u00e9 em alum\u00ednio regul\u00e1vel em altura<br \/>\n\u2022Oculares : K10mm e K25mm<\/p>\n<p>\u2022Buscador Red dot<br \/>\n\u2022Peso: 16,6Kg<\/p>\n<p>&nbsp;<\/p>\n","protected":false},"excerpt":{"rendered":"<p>Telescopio Omegon 130\/650 EQ320 Advanced \u2022Tubo \u00d3ptico Alum\u00ednio \u2022Com dovetail e an\u00e9is de fixa\u00e7\u00e3o \u2022Abertura: 130mm \u2022Dist\u00e2ncia Focal: 650mm \u2022Espelho: Parab\u00f3lico \u2022Poder de resolu\u00e7\u00e3o: 0.8\u2033 \u2022Magnitude limite: 13.5 \u2022Montagem equatorial alem\u00e3 EQ320 \u2022Trip\u00e9 em alum\u00ednio regul\u00e1vel em altura \u2022Oculares : K10mm e K25mm \u2022Buscador Red dot \u2022Peso: 16,6Kg &nbsp;<\/p>\n","protected":false},"featured_media":5755,"comment_status":"closed","ping_status":"closed","template":"","meta":[],"product_brand":[],"product_cat":[15],"product_tag":[],"class_list":{"0":"post-5757","1":"product","2":"type-product","3":"status-publish","4":"has-post-thumbnail","6":"product_cat-telescopios-reflectores","8":"first","9":"onbackorder","10":"shipping-taxable","11":"purchasable","12":"product-type-simple"},"_links":{"self":[{"href":"https:\/\/site.astrofoto.com.pt\/welcome\/wp-json\/wp\/v2\/product\/5757","targetHints":{"allow":["GET"]}}],"collection":[{"href":"https:\/\/site.astrofoto.com.pt\/welcome\/wp-json\/wp\/v2\/product"}],"about":[{"href":"https:\/\/site.astrofoto.com.pt\/welcome\/wp-json\/wp\/v2\/types\/product"}],"replies":[{"embeddable":true,"href":"https:\/\/site.astrofoto.com.pt\/welcome\/wp-json\/wp\/v2\/comments?post=5757"}],"wp:featuredmedia":[{"embeddable":true,"href":"https:\/\/site.astrofoto.com.pt\/welcome\/wp-json\/wp\/v2\/media\/5755"}],"wp:attachment":[{"href":"https:\/\/site.astrofoto.com.pt\/welcome\/wp-json\/wp\/v2\/media?parent=5757"}],"wp:term":[{"taxonomy":"product_brand","embeddable":true,"href":"https:\/\/site.astrofoto.com.pt\/welcome\/wp-json\/wp\/v2\/product_brand?post=5757"},{"taxonomy":"product_cat","embeddable":true,"href":"https:\/\/site.astrofoto.com.pt\/welcome\/wp-json\/wp\/v2\/product_cat?post=5757"},{"taxonomy":"product_tag","embeddable":true,"href":"https:\/\/site.astrofoto.com.pt\/welcome\/wp-json\/wp\/v2\/product_tag?post=5757"}],"curies":[{"name":"wp","href":"https:\/\/api.w.org\/{rel}","templated":true}]}}