{"id":570,"date":"2015-07-01T15:24:27","date_gmt":"2015-07-01T15:24:27","guid":{"rendered":"http:\/\/site.astrofoto.com.pt\/welcome\/?post_type=product&#038;p=570"},"modified":"2025-02-25T19:45:05","modified_gmt":"2025-02-25T19:45:05","slug":"oculos-de-eclipse-baader","status":"publish","type":"product","link":"https:\/\/site.astrofoto.com.pt\/welcome\/produto\/oculos-de-eclipse-baader\/","title":{"rendered":"Oculos de eclipse Baader"},"content":{"rendered":"<p><a href=\"http:\/\/site.astrofoto.com.pt\/welcome\/wp-content\/uploads\/2015\/07\/OculEclipse.jpg\"><img fetchpriority=\"high\" decoding=\"async\" class=\"alignleft size-medium wp-image-4144\" src=\"http:\/\/site.astrofoto.com.pt\/welcome\/wp-content\/uploads\/2015\/07\/OculEclipse-300x219.jpg\" alt=\"\" width=\"300\" height=\"219\" srcset=\"https:\/\/site.astrofoto.com.pt\/welcome\/wp-content\/uploads\/2015\/07\/OculEclipse-300x219.jpg 300w, https:\/\/site.astrofoto.com.pt\/welcome\/wp-content\/uploads\/2015\/07\/OculEclipse-450x328.jpg 450w, https:\/\/site.astrofoto.com.pt\/welcome\/wp-content\/uploads\/2015\/07\/OculEclipse-600x438.jpg 600w, https:\/\/site.astrofoto.com.pt\/welcome\/wp-content\/uploads\/2015\/07\/OculEclipse-768x560.jpg 768w, https:\/\/site.astrofoto.com.pt\/welcome\/wp-content\/uploads\/2015\/07\/OculEclipse.jpg 877w\" sizes=\"(max-width: 300px) 100vw, 300px\" \/><\/a><\/p>\n<p><strong>\u00d3CULOS BAADER PARA ECLIPSE<\/strong><\/p>\n<p>\u2022 cortam os raios ultra-violetas e infravermelhos<br \/>\n\u2022 observa\u00e7\u00e3o do Sol em perfeitas condi\u00e7\u00f5es de seguran\u00e7a<br \/>\n\u2022 observa\u00e7\u00e3o das manchas solares<br \/>\n\u2022 visibilidade perfeita pela qualidade do filtro solar Baader<\/p>\n<p>\u25baCom a qualidade conhecida do filtro astrosolar Baader, proporciona uma imagem bem definida do Sol.<\/p>\n<p>\u25baDevido ao processo de metaliza\u00e7\u00e3o de dois lados projectado para o AstroSolar \u2122 Silver Film, o filme permanece seguro para uma vis\u00e3o directa do Sol, mesmo no caso de a parte frontal do visualizador sofrer um arranh\u00e3o. Ainda assim, deve fazer sempre uma inspec\u00e7\u00e3o completa para detectar poss\u00edveis danos devido ao manuseio incorrecto e deve ser descartado no caso de defeito vis\u00edvel, como furo.<\/p>\n","protected":false},"excerpt":{"rendered":"<p>\u00d3CULOS BAADER PARA ECLIPSE \u2022 cortam os raios ultra-violetas e infravermelhos \u2022 observa\u00e7\u00e3o do Sol em perfeitas condi\u00e7\u00f5es de seguran\u00e7a \u2022 observa\u00e7\u00e3o das manchas solares \u2022 visibilidade perfeita pela qualidade do filtro solar Baader \u25baCom a qualidade conhecida do filtro astrosolar Baader, proporciona uma imagem bem definida do Sol. \u25baDevido ao processo de metaliza\u00e7\u00e3o de<\/p>\n<div class=\"more-link\">\n\t\t\t\t <a href=\"https:\/\/site.astrofoto.com.pt\/welcome\/produto\/oculos-de-eclipse-baader\/\" class=\"btn theme-btn inverted\"><span>Continuar a Ler <\/span><\/a>\n\t\t\t<\/div>\n","protected":false},"featured_media":4144,"comment_status":"open","ping_status":"closed","template":"","meta":[],"product_brand":[],"product_cat":[31],"product_tag":[],"class_list":{"0":"post-570","1":"product","2":"type-product","3":"status-publish","4":"has-post-thumbnail","6":"product_cat-miscelanea","7":"product_shipping_class-taxa-minima","9":"first","10":"onbackorder","11":"shipping-taxable","12":"purchasable","13":"product-type-simple"},"_links":{"self":[{"href":"https:\/\/site.astrofoto.com.pt\/welcome\/wp-json\/wp\/v2\/product\/570","targetHints":{"allow":["GET"]}}],"collection":[{"href":"https:\/\/site.astrofoto.com.pt\/welcome\/wp-json\/wp\/v2\/product"}],"about":[{"href":"https:\/\/site.astrofoto.com.pt\/welcome\/wp-json\/wp\/v2\/types\/product"}],"replies":[{"embeddable":true,"href":"https:\/\/site.astrofoto.com.pt\/welcome\/wp-json\/wp\/v2\/comments?post=570"}],"wp:featuredmedia":[{"embeddable":true,"href":"https:\/\/site.astrofoto.com.pt\/welcome\/wp-json\/wp\/v2\/media\/4144"}],"wp:attachment":[{"href":"https:\/\/site.astrofoto.com.pt\/welcome\/wp-json\/wp\/v2\/media?parent=570"}],"wp:term":[{"taxonomy":"product_brand","embeddable":true,"href":"https:\/\/site.astrofoto.com.pt\/welcome\/wp-json\/wp\/v2\/product_brand?post=570"},{"taxonomy":"product_cat","embeddable":true,"href":"https:\/\/site.astrofoto.com.pt\/welcome\/wp-json\/wp\/v2\/product_cat?post=570"},{"taxonomy":"product_tag","embeddable":true,"href":"https:\/\/site.astrofoto.com.pt\/welcome\/wp-json\/wp\/v2\/product_tag?post=570"}],"curies":[{"name":"wp","href":"https:\/\/api.w.org\/{rel}","templated":true}]}}