{"id":57,"date":"2015-03-04T09:52:06","date_gmt":"2015-03-04T09:52:06","guid":{"rendered":"http:\/\/site.astrofoto.com.pt\/welcome\/?post_type=product&#038;p=57"},"modified":"2025-11-28T14:59:19","modified_gmt":"2025-11-28T14:59:19","slug":"telescopio-terrestre-ts-15-45x60a","status":"publish","type":"product","link":"https:\/\/site.astrofoto.com.pt\/welcome\/produto\/telescopio-terrestre-ts-15-45x60a\/","title":{"rendered":"Telescopio Terrestre TS-Optics 15-45x60A"},"content":{"rendered":"<p><strong>Spotting Scope TS 15-45x60A <\/strong><\/p>\n<p><span class=\"&quot;f-smaller&quot;\">\u2022 Di\u00e2metro da Objectiva: 60mm<br \/>\n\u2022\u00a0Amplia\u00e7\u00e3o: 15-45x<br \/>\n\u2022\u00a0Angulo da ocular: 45\u00b0<br \/>\n\u2022 Angulo de vis\u00e3o: 2.4\u00ba a 1.2\u00ba<br \/>\n\u2022 Vis\u00e3o a 1000m: 42-24m<br \/>\n\u2022 Saida de pupila: 4mm a 1.3m<br \/>\n\u2022 Dist\u00e2ncia \u00e0 pupila: 16mm a 13mm<br \/>\n<\/span><span class=\"&quot;f-smaller&quot;\">\u2022 Comprimento total: <\/span><span class=\"&quot;f-smaller&quot;\"> 31 cm<br \/>\n\u2022 Parassol retr\u00e1ctil<br \/>\n\u2022\u00a0Peso: 720gr<br \/>\n\u2022 Saco de Transporte<\/span><span class=\"&quot;f-smaller&quot;\"><br \/>\n\u2022\u00a0Liga\u00e7\u00e3o a trip\u00e9: 1\/4&#8243;<br \/>\n\u2022 Cor: verde<br \/>\n<\/span><\/p>\n<p>\u25ba <em>Tambem em Astronomia para ver a Lua os planetas e at\u00e9 os aneis de Saturno (45x)<\/em><\/p>\n<p>\u25basugest\u00e3o de trip\u00e9 de campo: <a href=\"https:\/\/site.astrofoto.com.pt\/welcome\/produto\/tripe-fotomate-106\/\">Fotomate 106<\/a><\/p>\n","protected":false},"excerpt":{"rendered":"<p>Spotting Scope TS 15-45x60A \u2022 Di\u00e2metro da Objectiva: 60mm \u2022\u00a0Amplia\u00e7\u00e3o: 15-45x \u2022\u00a0Angulo da ocular: 45\u00b0 \u2022 Angulo de vis\u00e3o: 2.4\u00ba a 1.2\u00ba \u2022 Vis\u00e3o a 1000m: 42-24m \u2022 Saida de pupila: 4mm a 1.3m \u2022 Dist\u00e2ncia \u00e0 pupila: 16mm a 13mm \u2022 Comprimento total: 31 cm \u2022 Parassol retr\u00e1ctil \u2022\u00a0Peso: 720gr \u2022 Saco de Transporte<\/p>\n<div class=\"more-link\">\n\t\t\t\t <a href=\"https:\/\/site.astrofoto.com.pt\/welcome\/produto\/telescopio-terrestre-ts-15-45x60a\/\" class=\"btn theme-btn inverted\"><span>Continuar a Ler <\/span><\/a>\n\t\t\t<\/div>\n","protected":false},"featured_media":58,"comment_status":"open","ping_status":"closed","template":"","meta":[],"product_brand":[],"product_cat":[63,22,95],"product_tag":[],"class_list":{"0":"post-57","1":"product","2":"type-product","3":"status-publish","4":"has-post-thumbnail","6":"product_cat-promocoes","7":"product_cat-spotting-scopes","8":"product_cat-stock-off","9":"product_shipping_class-taxa-media","11":"first","12":"instock","13":"sale","14":"shipping-taxable","15":"purchasable","16":"product-type-simple"},"_links":{"self":[{"href":"https:\/\/site.astrofoto.com.pt\/welcome\/wp-json\/wp\/v2\/product\/57","targetHints":{"allow":["GET"]}}],"collection":[{"href":"https:\/\/site.astrofoto.com.pt\/welcome\/wp-json\/wp\/v2\/product"}],"about":[{"href":"https:\/\/site.astrofoto.com.pt\/welcome\/wp-json\/wp\/v2\/types\/product"}],"replies":[{"embeddable":true,"href":"https:\/\/site.astrofoto.com.pt\/welcome\/wp-json\/wp\/v2\/comments?post=57"}],"wp:featuredmedia":[{"embeddable":true,"href":"https:\/\/site.astrofoto.com.pt\/welcome\/wp-json\/wp\/v2\/media\/58"}],"wp:attachment":[{"href":"https:\/\/site.astrofoto.com.pt\/welcome\/wp-json\/wp\/v2\/media?parent=57"}],"wp:term":[{"taxonomy":"product_brand","embeddable":true,"href":"https:\/\/site.astrofoto.com.pt\/welcome\/wp-json\/wp\/v2\/product_brand?post=57"},{"taxonomy":"product_cat","embeddable":true,"href":"https:\/\/site.astrofoto.com.pt\/welcome\/wp-json\/wp\/v2\/product_cat?post=57"},{"taxonomy":"product_tag","embeddable":true,"href":"https:\/\/site.astrofoto.com.pt\/welcome\/wp-json\/wp\/v2\/product_tag?post=57"}],"curies":[{"name":"wp","href":"https:\/\/api.w.org\/{rel}","templated":true}]}}