{"id":5692,"date":"2020-11-30T15:17:48","date_gmt":"2020-11-30T15:17:48","guid":{"rendered":"http:\/\/site.astrofoto.com.pt\/welcome\/?post_type=product&#038;p=5692"},"modified":"2025-11-28T15:00:20","modified_gmt":"2025-11-28T15:00:20","slug":"telescopio-ts15-45x60-tripe-fotomate","status":"publish","type":"product","link":"https:\/\/site.astrofoto.com.pt\/welcome\/produto\/telescopio-ts15-45x60-tripe-fotomate\/","title":{"rendered":"Telescopio TS15-45\u00d760 &#038; Tripe Fotomate"},"content":{"rendered":"<p><a href=\"http:\/\/site.astrofoto.com.pt\/welcome\/wp-content\/uploads\/2020\/11\/TS154560Fotom106.jpg\"><img fetchpriority=\"high\" decoding=\"async\" class=\"alignleft size-medium wp-image-5693\" src=\"http:\/\/site.astrofoto.com.pt\/welcome\/wp-content\/uploads\/2020\/11\/TS154560Fotom106-300x300.jpg\" alt=\"\" width=\"300\" height=\"300\" srcset=\"https:\/\/site.astrofoto.com.pt\/welcome\/wp-content\/uploads\/2020\/11\/TS154560Fotom106-300x300.jpg 300w, https:\/\/site.astrofoto.com.pt\/welcome\/wp-content\/uploads\/2020\/11\/TS154560Fotom106-450x450.jpg 450w, https:\/\/site.astrofoto.com.pt\/welcome\/wp-content\/uploads\/2020\/11\/TS154560Fotom106-100x100.jpg 100w, https:\/\/site.astrofoto.com.pt\/welcome\/wp-content\/uploads\/2020\/11\/TS154560Fotom106-150x150.jpg 150w, https:\/\/site.astrofoto.com.pt\/welcome\/wp-content\/uploads\/2020\/11\/TS154560Fotom106.jpg 500w\" sizes=\"(max-width: 300px) 100vw, 300px\" \/><\/a><strong>Telescopio TS15-45\u00d760 &amp; Tripe Fotomate<\/strong><\/p>\n<p><strong>Spotting Scope TS 15-45x60A <\/strong><a href=\"http:\/\/site.astrofoto.com.pt\/welcome\/produto\/telescopio-terrestre-ts-15-45x60a\/\"><em>Ver<\/em><\/a><\/p>\n<p><span class=\"&quot;f-smaller&quot;\">\u2022 Di\u00e2metro da Objectiva: 60mm<br \/>\n\u2022\u00a0Amplia\u00e7\u00e3o: 15-45x<br \/>\n\u2022\u00a0Angulo da ocular: 45\u00b0<br \/>\n<\/span><span class=\"&quot;f-smaller&quot;\">\u2022 Comprimento total: <\/span><span class=\"&quot;f-smaller&quot;\"> 31 cm<br \/>\n\u2022 Parassol retr\u00e1ctil<br \/>\n\u2022\u00a0Peso: 720gr<br \/>\n\u2022 Saco de Transporte<\/span><span class=\"&quot;f-smaller&quot;\"><br \/>\n\u2022\u00a0Liga\u00e7\u00e3o a trip\u00e9: 1\/4\u2033<br \/>\n\u2022 Cor: verde<\/span><\/p>\n<p><strong>Trip\u00e9 Fotomate 106<\/strong><a href=\"http:\/\/site.astrofoto.com.pt\/welcome\/produto\/tripe-fotomate-106\/\"><em> Ver<\/em><\/a><strong><br \/>\n<\/strong><\/p>\n<p>Cabe\u00e7a de 2 movimentos fluidos (oleo)<br \/>\nPress\u00e3o ajust\u00e1vel<br \/>\nPeso suportado: 4kg<br \/>\nSapata destac\u00e1vel com parafuso 1\/4\u2033<br \/>\nAltura Maxima: 152cm<br \/>\nAltura fechado: 58cm<br \/>\nDiametro das pernas: 23mm<br \/>\nElevador central com manivela<br \/>\nBolha de nivel<br \/>\nP\u00e9s de borracha ajust\u00e1veis a terreno duro<br \/>\nPeso: 1,33Kg<br \/>\nSaco de transporte<\/p>\n","protected":false},"excerpt":{"rendered":"<p>Telescopio TS15-45\u00d760 &amp; Tripe Fotomate Spotting Scope TS 15-45x60A Ver \u2022 Di\u00e2metro da Objectiva: 60mm \u2022\u00a0Amplia\u00e7\u00e3o: 15-45x \u2022\u00a0Angulo da ocular: 45\u00b0 \u2022 Comprimento total: 31 cm \u2022 Parassol retr\u00e1ctil \u2022\u00a0Peso: 720gr \u2022 Saco de Transporte \u2022\u00a0Liga\u00e7\u00e3o a trip\u00e9: 1\/4\u2033 \u2022 Cor: verde Trip\u00e9 Fotomate 106 Ver Cabe\u00e7a de 2 movimentos fluidos (oleo) Press\u00e3o ajust\u00e1vel Peso<\/p>\n<div class=\"more-link\">\n\t\t\t\t <a href=\"https:\/\/site.astrofoto.com.pt\/welcome\/produto\/telescopio-ts15-45x60-tripe-fotomate\/\" class=\"btn theme-btn inverted\"><span>Continuar a Ler <\/span><\/a>\n\t\t\t<\/div>\n","protected":false},"featured_media":5693,"comment_status":"closed","ping_status":"closed","template":"","meta":[],"product_brand":[],"product_cat":[22],"product_tag":[],"class_list":{"0":"post-5692","1":"product","2":"type-product","3":"status-publish","4":"has-post-thumbnail","6":"product_cat-spotting-scopes","8":"first","9":"onbackorder","10":"sale","11":"shipping-taxable","12":"purchasable","13":"product-type-simple"},"_links":{"self":[{"href":"https:\/\/site.astrofoto.com.pt\/welcome\/wp-json\/wp\/v2\/product\/5692","targetHints":{"allow":["GET"]}}],"collection":[{"href":"https:\/\/site.astrofoto.com.pt\/welcome\/wp-json\/wp\/v2\/product"}],"about":[{"href":"https:\/\/site.astrofoto.com.pt\/welcome\/wp-json\/wp\/v2\/types\/product"}],"replies":[{"embeddable":true,"href":"https:\/\/site.astrofoto.com.pt\/welcome\/wp-json\/wp\/v2\/comments?post=5692"}],"wp:featuredmedia":[{"embeddable":true,"href":"https:\/\/site.astrofoto.com.pt\/welcome\/wp-json\/wp\/v2\/media\/5693"}],"wp:attachment":[{"href":"https:\/\/site.astrofoto.com.pt\/welcome\/wp-json\/wp\/v2\/media?parent=5692"}],"wp:term":[{"taxonomy":"product_brand","embeddable":true,"href":"https:\/\/site.astrofoto.com.pt\/welcome\/wp-json\/wp\/v2\/product_brand?post=5692"},{"taxonomy":"product_cat","embeddable":true,"href":"https:\/\/site.astrofoto.com.pt\/welcome\/wp-json\/wp\/v2\/product_cat?post=5692"},{"taxonomy":"product_tag","embeddable":true,"href":"https:\/\/site.astrofoto.com.pt\/welcome\/wp-json\/wp\/v2\/product_tag?post=5692"}],"curies":[{"name":"wp","href":"https:\/\/api.w.org\/{rel}","templated":true}]}}