{"id":5683,"date":"2020-11-30T11:42:08","date_gmt":"2020-11-30T11:42:08","guid":{"rendered":"http:\/\/site.astrofoto.com.pt\/welcome\/?post_type=product&#038;p=5683"},"modified":"2022-11-07T18:12:54","modified_gmt":"2022-11-07T18:12:54","slug":"lanterna-de-infra-vermelhos-visao-nocturna","status":"publish","type":"product","link":"https:\/\/site.astrofoto.com.pt\/welcome\/produto\/lanterna-de-infra-vermelhos-visao-nocturna\/","title":{"rendered":"Lanterna de Infra-vermelhos Vis\u00e3o Nocturna"},"content":{"rendered":"<p><a href=\"http:\/\/site.astrofoto.com.pt\/welcome\/wp-content\/uploads\/2020\/11\/NV_Lanterna04.jpg\"><img fetchpriority=\"high\" decoding=\"async\" class=\"alignleft size-medium wp-image-5688\" src=\"http:\/\/site.astrofoto.com.pt\/welcome\/wp-content\/uploads\/2020\/11\/NV_Lanterna04-300x300.jpg\" alt=\"\" width=\"300\" height=\"300\" srcset=\"https:\/\/site.astrofoto.com.pt\/welcome\/wp-content\/uploads\/2020\/11\/NV_Lanterna04-300x300.jpg 300w, https:\/\/site.astrofoto.com.pt\/welcome\/wp-content\/uploads\/2020\/11\/NV_Lanterna04-450x450.jpg 450w, https:\/\/site.astrofoto.com.pt\/welcome\/wp-content\/uploads\/2020\/11\/NV_Lanterna04-100x100.jpg 100w, https:\/\/site.astrofoto.com.pt\/welcome\/wp-content\/uploads\/2020\/11\/NV_Lanterna04-150x150.jpg 150w, https:\/\/site.astrofoto.com.pt\/welcome\/wp-content\/uploads\/2020\/11\/NV_Lanterna04.jpg 600w\" sizes=\"(max-width: 300px) 100vw, 300px\" \/><\/a><strong>Lanterna de Infra-vermelhos Vis\u00e3o Nocturna uf-t20 IR 850nm<\/strong><\/p>\n<p>\u25baPara usar com equipamentos de vis\u00e3o noturna,<br \/>\n\u25baPermite maior alcance aos equipamentos de vis\u00e3o nocturna:<br \/>\nOs mon\u00f3culos t\u00eam uma pequena lanterna de IR que atinge pouco mais de 30m, embora o iluminador possa atingir os 200m. Com esta lanterna o feixe de IR permite ver at\u00e9 cerca de 100m na aus\u00eancia total de luz<br \/>\n\u2022 Invis\u00edvel a olho nu<br \/>\n\u2022 Fun\u00e7\u00e3o zoom<br \/>\n\u2022 Resistente a salpicos<br \/>\n\u2022 Resistente ao choque<br \/>\n\u2022 Feito em liga de alum\u00ednio de alta qualidade<\/p>\n<p>Modelo: uf-t20 IR 850nm<br \/>\nMarca: uniqueFire<br \/>\nFonte de luz: IR 850nm<br \/>\n3 LEDs core<br \/>\nTens\u00e3o de funcionamento: 3.0-4.2 v<br \/>\nTipo de bateria: 1 x 18650 (n\u00e3o inclu\u00edda)<br \/>\nMaterial do corpo: liga de alum\u00ednio<br \/>\nDimens\u00e3o: Di\u00e2metro 45mm + di\u00e2metro 25mm<br \/>\ncomprimento total 147,5mm<br \/>\nPeso: 167g (sem bateria)<\/p>\n","protected":false},"excerpt":{"rendered":"<p>Lanterna de Infra-vermelhos Vis\u00e3o Nocturna uf-t20 IR 850nm \u25baPara usar com equipamentos de vis\u00e3o noturna, \u25baPermite maior alcance aos equipamentos de vis\u00e3o nocturna: Os mon\u00f3culos t\u00eam uma pequena lanterna de IR que atinge pouco mais de 30m, embora o iluminador possa atingir os 200m. Com esta lanterna o feixe de IR permite ver at\u00e9 cerca<\/p>\n<div class=\"more-link\">\n\t\t\t\t <a href=\"https:\/\/site.astrofoto.com.pt\/welcome\/produto\/lanterna-de-infra-vermelhos-visao-nocturna\/\" class=\"btn theme-btn inverted\"><span>Continuar a Ler <\/span><\/a>\n\t\t\t<\/div>\n","protected":false},"featured_media":5688,"comment_status":"closed","ping_status":"closed","template":"","meta":[],"product_brand":[],"product_cat":[21],"product_tag":[],"class_list":{"0":"post-5683","1":"product","2":"type-product","3":"status-publish","4":"has-post-thumbnail","6":"product_cat-visao-nocturna","8":"first","9":"outofstock","10":"shipping-taxable","11":"purchasable","12":"product-type-simple"},"_links":{"self":[{"href":"https:\/\/site.astrofoto.com.pt\/welcome\/wp-json\/wp\/v2\/product\/5683","targetHints":{"allow":["GET"]}}],"collection":[{"href":"https:\/\/site.astrofoto.com.pt\/welcome\/wp-json\/wp\/v2\/product"}],"about":[{"href":"https:\/\/site.astrofoto.com.pt\/welcome\/wp-json\/wp\/v2\/types\/product"}],"replies":[{"embeddable":true,"href":"https:\/\/site.astrofoto.com.pt\/welcome\/wp-json\/wp\/v2\/comments?post=5683"}],"wp:featuredmedia":[{"embeddable":true,"href":"https:\/\/site.astrofoto.com.pt\/welcome\/wp-json\/wp\/v2\/media\/5688"}],"wp:attachment":[{"href":"https:\/\/site.astrofoto.com.pt\/welcome\/wp-json\/wp\/v2\/media?parent=5683"}],"wp:term":[{"taxonomy":"product_brand","embeddable":true,"href":"https:\/\/site.astrofoto.com.pt\/welcome\/wp-json\/wp\/v2\/product_brand?post=5683"},{"taxonomy":"product_cat","embeddable":true,"href":"https:\/\/site.astrofoto.com.pt\/welcome\/wp-json\/wp\/v2\/product_cat?post=5683"},{"taxonomy":"product_tag","embeddable":true,"href":"https:\/\/site.astrofoto.com.pt\/welcome\/wp-json\/wp\/v2\/product_tag?post=5683"}],"curies":[{"name":"wp","href":"https:\/\/api.w.org\/{rel}","templated":true}]}}