{"id":5635,"date":"2020-11-17T19:44:46","date_gmt":"2020-11-17T19:44:46","guid":{"rendered":"http:\/\/site.astrofoto.com.pt\/welcome\/?post_type=product&#038;p=5635"},"modified":"2020-11-17T19:44:46","modified_gmt":"2020-11-17T19:44:46","slug":"anel-t-wide-canon-eos-r","status":"publish","type":"product","link":"https:\/\/site.astrofoto.com.pt\/welcome\/produto\/anel-t-wide-canon-eos-r\/","title":{"rendered":"Anel T Wide Canon EOS R"},"content":{"rendered":"<p><a href=\"http:\/\/site.astrofoto.com.pt\/welcome\/wp-content\/uploads\/2020\/11\/TWide2eosR.jpg\"><img fetchpriority=\"high\" decoding=\"async\" class=\"alignleft size-medium wp-image-5636\" src=\"http:\/\/site.astrofoto.com.pt\/welcome\/wp-content\/uploads\/2020\/11\/TWide2eosR-300x257.jpg\" alt=\"\" width=\"300\" height=\"257\" srcset=\"https:\/\/site.astrofoto.com.pt\/welcome\/wp-content\/uploads\/2020\/11\/TWide2eosR-300x257.jpg 300w, https:\/\/site.astrofoto.com.pt\/welcome\/wp-content\/uploads\/2020\/11\/TWide2eosR-150x128.jpg 150w, https:\/\/site.astrofoto.com.pt\/welcome\/wp-content\/uploads\/2020\/11\/TWide2eosR.jpg 400w\" sizes=\"(max-width: 300px) 100vw, 300px\" \/><\/a><\/p>\n<p><strong>Anel T wide 2&#8243; para Canon EOS R<br \/>\n<\/strong><\/p>\n<p>&#x2666; Liga\u00e7\u00e3o do lado da c\u00e2mara: Canon RF macho<br \/>\n&#x2666; Liga\u00e7\u00e3o do lado do telescopio:\u00a0 2&#8243; macho<br \/>\n&#x2666; Rosca interna para filtros de 48mm (filtros de 2\u2033)<\/p>\n","protected":false},"excerpt":{"rendered":"<p>Anel T wide 2&#8243; para Canon EOS R &#x2666; Liga\u00e7\u00e3o do lado da c\u00e2mara: Canon RF macho &#x2666; Liga\u00e7\u00e3o do lado do telescopio:\u00a0 2&#8243; macho &#x2666; Rosca interna para filtros de 48mm (filtros de 2\u2033)<\/p>\n","protected":false},"featured_media":5636,"comment_status":"closed","ping_status":"closed","template":"","meta":[],"product_brand":[],"product_cat":[34,24],"product_tag":[],"class_list":{"0":"post-5635","1":"product","2":"type-product","3":"status-publish","4":"has-post-thumbnail","6":"product_cat-acessoriosfotografia","7":"product_cat-fotografia-astronomica","9":"first","10":"onbackorder","11":"shipping-taxable","12":"purchasable","13":"product-type-simple"},"_links":{"self":[{"href":"https:\/\/site.astrofoto.com.pt\/welcome\/wp-json\/wp\/v2\/product\/5635","targetHints":{"allow":["GET"]}}],"collection":[{"href":"https:\/\/site.astrofoto.com.pt\/welcome\/wp-json\/wp\/v2\/product"}],"about":[{"href":"https:\/\/site.astrofoto.com.pt\/welcome\/wp-json\/wp\/v2\/types\/product"}],"replies":[{"embeddable":true,"href":"https:\/\/site.astrofoto.com.pt\/welcome\/wp-json\/wp\/v2\/comments?post=5635"}],"wp:featuredmedia":[{"embeddable":true,"href":"https:\/\/site.astrofoto.com.pt\/welcome\/wp-json\/wp\/v2\/media\/5636"}],"wp:attachment":[{"href":"https:\/\/site.astrofoto.com.pt\/welcome\/wp-json\/wp\/v2\/media?parent=5635"}],"wp:term":[{"taxonomy":"product_brand","embeddable":true,"href":"https:\/\/site.astrofoto.com.pt\/welcome\/wp-json\/wp\/v2\/product_brand?post=5635"},{"taxonomy":"product_cat","embeddable":true,"href":"https:\/\/site.astrofoto.com.pt\/welcome\/wp-json\/wp\/v2\/product_cat?post=5635"},{"taxonomy":"product_tag","embeddable":true,"href":"https:\/\/site.astrofoto.com.pt\/welcome\/wp-json\/wp\/v2\/product_tag?post=5635"}],"curies":[{"name":"wp","href":"https:\/\/api.w.org\/{rel}","templated":true}]}}