{"id":5633,"date":"2020-11-17T19:36:38","date_gmt":"2020-11-17T19:36:38","guid":{"rendered":"http:\/\/site.astrofoto.com.pt\/welcome\/?post_type=product&#038;p=5633"},"modified":"2020-11-17T19:36:39","modified_gmt":"2020-11-17T19:36:39","slug":"anel-t-wide-para-canon-eos-r","status":"publish","type":"product","link":"https:\/\/site.astrofoto.com.pt\/welcome\/produto\/anel-t-wide-para-canon-eos-r\/","title":{"rendered":"Anel T wide para Canon EOS R"},"content":{"rendered":"<p><a href=\"http:\/\/site.astrofoto.com.pt\/welcome\/wp-content\/uploads\/2020\/11\/TcanonEosR.jpg\"><img fetchpriority=\"high\" decoding=\"async\" class=\"alignleft size-medium wp-image-5634\" src=\"http:\/\/site.astrofoto.com.pt\/welcome\/wp-content\/uploads\/2020\/11\/TcanonEosR-300x250.jpg\" alt=\"\" width=\"300\" height=\"250\" srcset=\"https:\/\/site.astrofoto.com.pt\/welcome\/wp-content\/uploads\/2020\/11\/TcanonEosR-300x250.jpg 300w, https:\/\/site.astrofoto.com.pt\/welcome\/wp-content\/uploads\/2020\/11\/TcanonEosR-150x125.jpg 150w, https:\/\/site.astrofoto.com.pt\/welcome\/wp-content\/uploads\/2020\/11\/TcanonEosR.jpg 360w\" sizes=\"(max-width: 300px) 100vw, 300px\" \/><\/a><strong>Anel T wide para Canon EOS R<\/strong><\/p>\n<p>&#x2666; Liga\u00e7\u00e3o do lado da c\u00e2mara: Canon RF macho<br \/>\n&#x2666; Liga\u00e7\u00e3o do lado do telescopio:\u00a0 M48x0.75 f\u00eamea<br \/>\n&#x2666; Para as canon R e RP com expessura de 20mm<br \/>\n&#x2666; Dist\u00e2ncia ao sensor da c\u00e2mara: 28,3mm<br \/>\n&#x2666; Rosca interna para filtros de 48mm (filtros de 2&#8243;)<\/p>\n","protected":false},"excerpt":{"rendered":"<p>Anel T wide para Canon EOS R &#x2666; Liga\u00e7\u00e3o do lado da c\u00e2mara: Canon RF macho &#x2666; Liga\u00e7\u00e3o do lado do telescopio:\u00a0 M48x0.75 f\u00eamea &#x2666; Para as canon R e RP com expessura de 20mm &#x2666; Dist\u00e2ncia ao sensor da c\u00e2mara: 28,3mm &#x2666; Rosca interna para filtros de 48mm (filtros de 2&#8243;)<\/p>\n","protected":false},"featured_media":5634,"comment_status":"closed","ping_status":"closed","template":"","meta":[],"product_brand":[],"product_cat":[82,24],"product_tag":[],"class_list":{"0":"post-5633","1":"product","2":"type-product","3":"status-publish","4":"has-post-thumbnail","6":"product_cat-adaptadores","7":"product_cat-fotografia-astronomica","9":"first","10":"onbackorder","11":"shipping-taxable","12":"purchasable","13":"product-type-simple"},"_links":{"self":[{"href":"https:\/\/site.astrofoto.com.pt\/welcome\/wp-json\/wp\/v2\/product\/5633","targetHints":{"allow":["GET"]}}],"collection":[{"href":"https:\/\/site.astrofoto.com.pt\/welcome\/wp-json\/wp\/v2\/product"}],"about":[{"href":"https:\/\/site.astrofoto.com.pt\/welcome\/wp-json\/wp\/v2\/types\/product"}],"replies":[{"embeddable":true,"href":"https:\/\/site.astrofoto.com.pt\/welcome\/wp-json\/wp\/v2\/comments?post=5633"}],"wp:featuredmedia":[{"embeddable":true,"href":"https:\/\/site.astrofoto.com.pt\/welcome\/wp-json\/wp\/v2\/media\/5634"}],"wp:attachment":[{"href":"https:\/\/site.astrofoto.com.pt\/welcome\/wp-json\/wp\/v2\/media?parent=5633"}],"wp:term":[{"taxonomy":"product_brand","embeddable":true,"href":"https:\/\/site.astrofoto.com.pt\/welcome\/wp-json\/wp\/v2\/product_brand?post=5633"},{"taxonomy":"product_cat","embeddable":true,"href":"https:\/\/site.astrofoto.com.pt\/welcome\/wp-json\/wp\/v2\/product_cat?post=5633"},{"taxonomy":"product_tag","embeddable":true,"href":"https:\/\/site.astrofoto.com.pt\/welcome\/wp-json\/wp\/v2\/product_tag?post=5633"}],"curies":[{"name":"wp","href":"https:\/\/api.w.org\/{rel}","templated":true}]}}