{"id":562,"date":"2015-07-01T14:52:54","date_gmt":"2015-07-01T14:52:54","guid":{"rendered":"http:\/\/site.astrofoto.com.pt\/welcome\/?post_type=product&#038;p=562"},"modified":"2022-10-24T12:39:39","modified_gmt":"2022-10-24T12:39:39","slug":"observatorio-tenda-omegon","status":"publish","type":"product","link":"https:\/\/site.astrofoto.com.pt\/welcome\/produto\/observatorio-tenda-omegon\/","title":{"rendered":"Observat\u00f3rio Tenda Omegon"},"content":{"rendered":"<p><a href=\"http:\/\/site.astrofoto.com.pt\/welcome\/wp-content\/uploads\/2015\/07\/m7.jpg\"><img fetchpriority=\"high\" decoding=\"async\" class=\"alignleft size-medium wp-image-563\" src=\"http:\/\/site.astrofoto.com.pt\/welcome\/wp-content\/uploads\/2015\/07\/m7-300x240.jpg\" alt=\"m7\" width=\"300\" height=\"240\" srcset=\"https:\/\/site.astrofoto.com.pt\/welcome\/wp-content\/uploads\/2015\/07\/m7-300x240.jpg 300w, https:\/\/site.astrofoto.com.pt\/welcome\/wp-content\/uploads\/2015\/07\/m7-450x360.jpg 450w, https:\/\/site.astrofoto.com.pt\/welcome\/wp-content\/uploads\/2015\/07\/m7.jpg 500w\" sizes=\"(max-width: 300px) 100vw, 300px\" \/><\/a><\/p>\n<p>TENDA OBSERVAT\u00d3RIO OMEGON<\/p>\n<p>*** ver <a href=\"http:\/\/astrofoto.com.pt\/Tenda_Mosaico.jpg\">mosaico de fotos<\/a> de Jos\u00e9 Luis Pereira (Brasil)<\/p>\n<p>\u2022 Dimens\u00f5es:<\/p>\n<ul>\n<li>di\u00e2metro da base: 2.8m<\/li>\n<li>altura: 1,4m<\/li>\n<li>di\u00e2metro da abertura: 2m<\/li>\n<\/ul>\n<p>\u2022 peso: 4.5Kg<\/p>\n<p>\u2022 Cor: Verde<\/p>\n<p>&nbsp;<\/p>\n","protected":false},"excerpt":{"rendered":"<p>TENDA OBSERVAT\u00d3RIO OMEGON *** ver mosaico de fotos de Jos\u00e9 Luis Pereira (Brasil) \u2022 Dimens\u00f5es: di\u00e2metro da base: 2.8m altura: 1,4m di\u00e2metro da abertura: 2m \u2022 peso: 4.5Kg \u2022 Cor: Verde &nbsp;<\/p>\n","protected":false},"featured_media":563,"comment_status":"open","ping_status":"closed","template":"","meta":[],"product_brand":[],"product_cat":[31],"product_tag":[],"class_list":{"0":"post-562","1":"product","2":"type-product","3":"status-publish","4":"has-post-thumbnail","6":"product_cat-miscelanea","7":"product_shipping_class-taxa-minima","9":"first","10":"onbackorder","11":"shipping-taxable","12":"purchasable","13":"product-type-simple"},"_links":{"self":[{"href":"https:\/\/site.astrofoto.com.pt\/welcome\/wp-json\/wp\/v2\/product\/562","targetHints":{"allow":["GET"]}}],"collection":[{"href":"https:\/\/site.astrofoto.com.pt\/welcome\/wp-json\/wp\/v2\/product"}],"about":[{"href":"https:\/\/site.astrofoto.com.pt\/welcome\/wp-json\/wp\/v2\/types\/product"}],"replies":[{"embeddable":true,"href":"https:\/\/site.astrofoto.com.pt\/welcome\/wp-json\/wp\/v2\/comments?post=562"}],"wp:featuredmedia":[{"embeddable":true,"href":"https:\/\/site.astrofoto.com.pt\/welcome\/wp-json\/wp\/v2\/media\/563"}],"wp:attachment":[{"href":"https:\/\/site.astrofoto.com.pt\/welcome\/wp-json\/wp\/v2\/media?parent=562"}],"wp:term":[{"taxonomy":"product_brand","embeddable":true,"href":"https:\/\/site.astrofoto.com.pt\/welcome\/wp-json\/wp\/v2\/product_brand?post=562"},{"taxonomy":"product_cat","embeddable":true,"href":"https:\/\/site.astrofoto.com.pt\/welcome\/wp-json\/wp\/v2\/product_cat?post=562"},{"taxonomy":"product_tag","embeddable":true,"href":"https:\/\/site.astrofoto.com.pt\/welcome\/wp-json\/wp\/v2\/product_tag?post=562"}],"curies":[{"name":"wp","href":"https:\/\/api.w.org\/{rel}","templated":true}]}}