{"id":5583,"date":"2020-10-30T15:43:36","date_gmt":"2020-10-30T15:43:36","guid":{"rendered":"http:\/\/site.astrofoto.com.pt\/welcome\/?post_type=product&#038;p=5583"},"modified":"2025-02-24T20:36:11","modified_gmt":"2025-02-24T20:36:11","slug":"binoculo-solana-com-tripe","status":"publish","type":"product","link":"https:\/\/site.astrofoto.com.pt\/welcome\/produto\/binoculo-solana-com-tripe\/","title":{"rendered":"Binoculo Solana com tripe"},"content":{"rendered":"<p><a href=\"http:\/\/site.astrofoto.com.pt\/welcome\/wp-content\/uploads\/2020\/10\/SolanaTripe.jpg\"><img fetchpriority=\"high\" decoding=\"async\" class=\"alignleft size-medium wp-image-5584\" src=\"http:\/\/site.astrofoto.com.pt\/welcome\/wp-content\/uploads\/2020\/10\/SolanaTripe-292x300.jpg\" alt=\"\" width=\"292\" height=\"300\" srcset=\"https:\/\/site.astrofoto.com.pt\/welcome\/wp-content\/uploads\/2020\/10\/SolanaTripe-292x300.jpg 292w, https:\/\/site.astrofoto.com.pt\/welcome\/wp-content\/uploads\/2020\/10\/SolanaTripe-450x463.jpg 450w, https:\/\/site.astrofoto.com.pt\/welcome\/wp-content\/uploads\/2020\/10\/SolanaTripe-300x308.jpg 300w, https:\/\/site.astrofoto.com.pt\/welcome\/wp-content\/uploads\/2020\/10\/SolanaTripe.jpg 500w\" sizes=\"(max-width: 292px) 100vw, 292px\" \/><\/a><strong>Binoculo Solana com tripe<\/strong><\/p>\n<p><strong>Binoculo Helios Solana 10\u00d750 <\/strong><a href=\"http:\/\/site.astrofoto.com.pt\/welcome\/produto\/binoculo-helios-solana-10x50\/\"><em>Ver<\/em><\/a><strong><br \/>\n<\/strong>\u2022 Amplia\u00e7\u00e3o:10x<br \/>\n\u2022 Di\u00e2metro da objectiva: 50mm<br \/>\n\u2022 Prismas: BK7<br \/>\n\u2022 Di\u00e2metro de pupila de sa\u00edda: 5mm<br \/>\n\u2022 Campo de Vis\u00e3o: 6,5\u00ba<\/p>\n<p><strong>Trip\u00e9 Fotomate 106 <\/strong><a href=\"http:\/\/site.astrofoto.com.pt\/welcome\/produto\/tripe-fotomate-106\/\"><em>ver<\/em><\/a><strong><br \/>\n<\/strong>Cabe\u00e7a de 2 movimentos fluidos (oleo)<br \/>\nPress\u00e3o ajust\u00e1vel<br \/>\nPeso suportado: 4kg<br \/>\nSapata destac\u00e1vel com parafuso 1\/4\u2033<br \/>\nAltura Maxima: 152cm<br \/>\nAltura fechado: 58cm<br \/>\nDiametro das pernas: 23mm<br \/>\nElevador central com manivela<br \/>\nBolha de nivel<br \/>\nP\u00e9s de borracha ajust\u00e1veis a terreno duro<br \/>\nPeso: 1,33Kg<br \/>\nSaco de transporte<\/p>\n<p><strong>Adaptador Binoculo\/Tripe <\/strong><a href=\"http:\/\/site.astrofoto.com.pt\/welcome\/produto\/adaptador-binoculotripe-pequeno-tipo-l\/\"><em>ver<\/em><\/a><strong><br \/>\n<\/strong><\/p>\n","protected":false},"excerpt":{"rendered":"<p>Binoculo Solana com tripe Binoculo Helios Solana 10\u00d750 Ver \u2022 Amplia\u00e7\u00e3o:10x \u2022 Di\u00e2metro da objectiva: 50mm \u2022 Prismas: BK7 \u2022 Di\u00e2metro de pupila de sa\u00edda: 5mm \u2022 Campo de Vis\u00e3o: 6,5\u00ba Trip\u00e9 Fotomate 106 ver Cabe\u00e7a de 2 movimentos fluidos (oleo) Press\u00e3o ajust\u00e1vel Peso suportado: 4kg Sapata destac\u00e1vel com parafuso 1\/4\u2033 Altura Maxima: 152cm Altura<\/p>\n<div class=\"more-link\">\n\t\t\t\t <a href=\"https:\/\/site.astrofoto.com.pt\/welcome\/produto\/binoculo-solana-com-tripe\/\" class=\"btn theme-btn inverted\"><span>Continuar a Ler <\/span><\/a>\n\t\t\t<\/div>\n","protected":false},"featured_media":5584,"comment_status":"closed","ping_status":"closed","template":"","meta":[],"product_brand":[],"product_cat":[13,87,48],"product_tag":[],"class_list":{"0":"post-5583","1":"product","2":"type-product","3":"status-publish","4":"has-post-thumbnail","6":"product_cat-binoculos","7":"product_cat-binoculosp","8":"product_cat-natal","10":"first","11":"instock","12":"sale","13":"shipping-taxable","14":"purchasable","15":"product-type-simple"},"_links":{"self":[{"href":"https:\/\/site.astrofoto.com.pt\/welcome\/wp-json\/wp\/v2\/product\/5583","targetHints":{"allow":["GET"]}}],"collection":[{"href":"https:\/\/site.astrofoto.com.pt\/welcome\/wp-json\/wp\/v2\/product"}],"about":[{"href":"https:\/\/site.astrofoto.com.pt\/welcome\/wp-json\/wp\/v2\/types\/product"}],"replies":[{"embeddable":true,"href":"https:\/\/site.astrofoto.com.pt\/welcome\/wp-json\/wp\/v2\/comments?post=5583"}],"wp:featuredmedia":[{"embeddable":true,"href":"https:\/\/site.astrofoto.com.pt\/welcome\/wp-json\/wp\/v2\/media\/5584"}],"wp:attachment":[{"href":"https:\/\/site.astrofoto.com.pt\/welcome\/wp-json\/wp\/v2\/media?parent=5583"}],"wp:term":[{"taxonomy":"product_brand","embeddable":true,"href":"https:\/\/site.astrofoto.com.pt\/welcome\/wp-json\/wp\/v2\/product_brand?post=5583"},{"taxonomy":"product_cat","embeddable":true,"href":"https:\/\/site.astrofoto.com.pt\/welcome\/wp-json\/wp\/v2\/product_cat?post=5583"},{"taxonomy":"product_tag","embeddable":true,"href":"https:\/\/site.astrofoto.com.pt\/welcome\/wp-json\/wp\/v2\/product_tag?post=5583"}],"curies":[{"name":"wp","href":"https:\/\/api.w.org\/{rel}","templated":true}]}}