{"id":5580,"date":"2020-10-30T15:25:07","date_gmt":"2020-10-30T15:25:07","guid":{"rendered":"http:\/\/site.astrofoto.com.pt\/welcome\/?post_type=product&#038;p=5580"},"modified":"2022-11-30T10:41:45","modified_gmt":"2022-11-30T10:41:45","slug":"telescopio-ts15-45x60-tripe-evolution","status":"publish","type":"product","link":"https:\/\/site.astrofoto.com.pt\/welcome\/produto\/telescopio-ts15-45x60-tripe-evolution\/","title":{"rendered":"Telescopio TS15-45&#215;60 &#038; Tripe Evolution"},"content":{"rendered":"<p><a href=\"http:\/\/site.astrofoto.com.pt\/welcome\/wp-content\/uploads\/2020\/10\/TS154560EvoTripe.jpg\"><img fetchpriority=\"high\" decoding=\"async\" class=\"alignleft size-medium wp-image-5581\" src=\"http:\/\/site.astrofoto.com.pt\/welcome\/wp-content\/uploads\/2020\/10\/TS154560EvoTripe-300x300.jpg\" alt=\"\" width=\"300\" height=\"300\" srcset=\"https:\/\/site.astrofoto.com.pt\/welcome\/wp-content\/uploads\/2020\/10\/TS154560EvoTripe-300x300.jpg 300w, https:\/\/site.astrofoto.com.pt\/welcome\/wp-content\/uploads\/2020\/10\/TS154560EvoTripe-450x450.jpg 450w, https:\/\/site.astrofoto.com.pt\/welcome\/wp-content\/uploads\/2020\/10\/TS154560EvoTripe-100x100.jpg 100w, https:\/\/site.astrofoto.com.pt\/welcome\/wp-content\/uploads\/2020\/10\/TS154560EvoTripe-150x150.jpg 150w, https:\/\/site.astrofoto.com.pt\/welcome\/wp-content\/uploads\/2020\/10\/TS154560EvoTripe.jpg 500w\" sizes=\"(max-width: 300px) 100vw, 300px\" \/><\/a><strong>Telescopio TS15-45&#215;60 &amp; Tripe Evolution<\/strong><\/p>\n<p><strong>Spotting Scope TS 15-45x60A <\/strong><a href=\"http:\/\/site.astrofoto.com.pt\/welcome\/produto\/telescopio-terrestre-ts-15-45x60a\/\"><em>Ver<\/em><\/a><\/p>\n<p><span class=\"&quot;f-smaller&quot;\">\u2022 Di\u00e2metro da Objectiva: 60mm<br \/>\n\u2022\u00a0Amplia\u00e7\u00e3o: 15-45x<br \/>\n\u2022\u00a0Angulo da ocular: 45\u00b0<br \/>\n<\/span><span class=\"&quot;f-smaller&quot;\">\u2022 Comprimento total: <\/span><span class=\"&quot;f-smaller&quot;\"> 31 cm<br \/>\n\u2022 Parassol retr\u00e1ctil<br \/>\n\u2022\u00a0Peso: 720gr<br \/>\n\u2022 Saco de Transporte<\/span><span class=\"&quot;f-smaller&quot;\"><br \/>\n\u2022\u00a0Liga\u00e7\u00e3o a trip\u00e9: 1\/4\u2033<br \/>\n\u2022 Cor: verde<\/span><\/p>\n<p><strong>Trip\u00e9 Helios Evolution<\/strong><a href=\"http:\/\/site.astrofoto.com.pt\/welcome\/produto\/tripe-helios-evolution\/\"><em> ver<\/em><\/a><strong><br \/>\n<\/strong><\/p>\n<p><span class=\"&quot;f-smaller&quot;\">\u2022\u00a0<\/span>Cabe\u00e7a de 2 movimentos fluidos (sem trepida\u00e7oes)<br \/>\n<span class=\"&quot;f-smaller&quot;\">\u2022\u00a0<\/span>Press\u00e3o ajust\u00e1vel<br \/>\n<span class=\"&quot;f-smaller&quot;\">\u2022\u00a0<\/span>Sapata destac\u00e1vel com parafuso 1\/4\u2033<br \/>\n<span class=\"&quot;f-smaller&quot;\">\u2022\u00a0<\/span>Altura Maxima: 150cm<br \/>\n<span class=\"&quot;f-smaller&quot;\">\u2022\u00a0<\/span>Altura fechado: 53cm<br \/>\n<span class=\"&quot;f-smaller&quot;\">\u2022\u00a0<\/span>Elevador central com manivela<br \/>\n<span class=\"&quot;f-smaller&quot;\">\u2022\u00a0<\/span>Enovadora pega para condu\u00e7\u00e3o e transporte<br \/>\n<span class=\"&quot;f-smaller&quot;\">\u2022\u00a0<\/span>Bolha de nivel<br \/>\n<span class=\"&quot;f-smaller&quot;\">\u2022\u00a0<\/span>P\u00e9s de borracha<br \/>\n<span class=\"&quot;f-smaller&quot;\">\u2022\u00a0<\/span>Peso: 1,6Kg<\/p>\n<p>\u25ba <em>Tambem em Astronomia para ver a Lua os planetas e at\u00e9 os aneis de Saturno (45x)<\/em><\/p>\n","protected":false},"excerpt":{"rendered":"<p>Telescopio TS15-45&#215;60 &amp; Tripe Evolution Spotting Scope TS 15-45x60A Ver \u2022 Di\u00e2metro da Objectiva: 60mm \u2022\u00a0Amplia\u00e7\u00e3o: 15-45x \u2022\u00a0Angulo da ocular: 45\u00b0 \u2022 Comprimento total: 31 cm \u2022 Parassol retr\u00e1ctil \u2022\u00a0Peso: 720gr \u2022 Saco de Transporte \u2022\u00a0Liga\u00e7\u00e3o a trip\u00e9: 1\/4\u2033 \u2022 Cor: verde Trip\u00e9 Helios Evolution ver \u2022\u00a0Cabe\u00e7a de 2 movimentos fluidos (sem trepida\u00e7oes) \u2022\u00a0Press\u00e3o ajust\u00e1vel<\/p>\n<div class=\"more-link\">\n\t\t\t\t <a href=\"https:\/\/site.astrofoto.com.pt\/welcome\/produto\/telescopio-ts15-45x60-tripe-evolution\/\" class=\"btn theme-btn inverted\"><span>Continuar a Ler <\/span><\/a>\n\t\t\t<\/div>\n","protected":false},"featured_media":5581,"comment_status":"closed","ping_status":"closed","template":"","meta":[],"product_brand":[],"product_cat":[22],"product_tag":[],"class_list":{"0":"post-5580","1":"product","2":"type-product","3":"status-publish","4":"has-post-thumbnail","6":"product_cat-spotting-scopes","8":"first","9":"outofstock","10":"shipping-taxable","11":"purchasable","12":"product-type-simple"},"_links":{"self":[{"href":"https:\/\/site.astrofoto.com.pt\/welcome\/wp-json\/wp\/v2\/product\/5580","targetHints":{"allow":["GET"]}}],"collection":[{"href":"https:\/\/site.astrofoto.com.pt\/welcome\/wp-json\/wp\/v2\/product"}],"about":[{"href":"https:\/\/site.astrofoto.com.pt\/welcome\/wp-json\/wp\/v2\/types\/product"}],"replies":[{"embeddable":true,"href":"https:\/\/site.astrofoto.com.pt\/welcome\/wp-json\/wp\/v2\/comments?post=5580"}],"wp:featuredmedia":[{"embeddable":true,"href":"https:\/\/site.astrofoto.com.pt\/welcome\/wp-json\/wp\/v2\/media\/5581"}],"wp:attachment":[{"href":"https:\/\/site.astrofoto.com.pt\/welcome\/wp-json\/wp\/v2\/media?parent=5580"}],"wp:term":[{"taxonomy":"product_brand","embeddable":true,"href":"https:\/\/site.astrofoto.com.pt\/welcome\/wp-json\/wp\/v2\/product_brand?post=5580"},{"taxonomy":"product_cat","embeddable":true,"href":"https:\/\/site.astrofoto.com.pt\/welcome\/wp-json\/wp\/v2\/product_cat?post=5580"},{"taxonomy":"product_tag","embeddable":true,"href":"https:\/\/site.astrofoto.com.pt\/welcome\/wp-json\/wp\/v2\/product_tag?post=5580"}],"curies":[{"name":"wp","href":"https:\/\/api.w.org\/{rel}","templated":true}]}}