{"id":5467,"date":"2020-09-29T19:16:51","date_gmt":"2020-09-29T18:16:51","guid":{"rendered":"http:\/\/site.astrofoto.com.pt\/welcome\/?post_type=product&#038;p=5467"},"modified":"2024-05-17T13:14:10","modified_gmt":"2024-05-17T13:14:10","slug":"spotting-scope-barr-stroud-20-60x80","status":"publish","type":"product","link":"https:\/\/site.astrofoto.com.pt\/welcome\/produto\/spotting-scope-barr-stroud-20-60x80\/","title":{"rendered":"Spotting Scope Barr &#038; Stroud Sahara 20-60&#215;80"},"content":{"rendered":"<p>&nbsp;<\/p>\n<p><strong>Telescopio Terrestre Barr &amp; Stroud 20-60&#215;80<br \/>\n<\/strong><\/p>\n<p>\u2022 Spotting scope de 80mm<br \/>\n\u2022 Diametro da Objectiva: 80mm<br \/>\n\u2022 Aumentos: 20x a 60x em Zoom<br \/>\n\u2022 Sa\u00edda de pupilar: 4,0 (20x) &#8211; 1,3 (60x)<br \/>\n\u2022 Eye relief: 15mm<br \/>\n\u2022 Campo de vis\u00e3o: 29,6 (20x) &#8211; 15,0 (60x) a 1000m<br \/>\n\u2022 Foco a partir de 8m<br \/>\n\u2022 Coating: fully multicoating (FMC)<br \/>\n\u2022<strong> Prismas Bak4<br \/>\n<\/strong>\u2022 Visor a 45\u00ba<br \/>\n\u2022 Constru\u00e7\u00e3o em Policarbonato (leve e resistente)<br \/>\n\u2022 Revestido a borracha<br \/>\n\u2022 Cheio a azoto (\u00e0 prova de \u00e1gua e embaciamento)<br \/>\n\u2022 Peso: 1,360Kg<br \/>\n\u2022 Saco\/capa pratico para usar no campo<\/p>\n<div class=\"dePhmb\">\n<div class=\"eyKpYb\" data-language=\"pt\" data-original-language=\"en\" data-result-index=\"0\">\n<div class=\"J0lOec\"><span class=\"VIiyi\" lang=\"pt\"><span class=\"JLqJ4b\" data-language-for-alternatives=\"pt\" data-language-to-translate-into=\"en\" data-phrase-index=\"0\" data-number-of-phrases=\"1\">BARR E STROUD SAHARA 20-60X80\u00a0 foi projetado para o entusiasta ao ar livre Barr &amp; Stroud Sahara \u00e9 possivelmente a melhor rela\u00e7\u00e3o qualidade\/pre\u00e7o do mercado.<br \/>\n<\/span><\/span><span class=\"VIiyi\" lang=\"pt\"><span class=\"JLqJ4b\" data-language-for-alternatives=\"pt\" data-language-to-translate-into=\"en\" data-phrase-index=\"0\" data-number-of-phrases=\"1\">\u2022 Lentes multi-revestidas e prismas Bak-4 \u2013 Todos os telescopios Sahara apresentam prismas Bak-4 e\u00a0 lentes multi-revestidas, de precis\u00e3o, para fornecer desempenho \u00f3ptico igual ou melhor do que qualquer outro em sua classe.<\/span><\/span><\/div>\n<div class=\"J0lOec\"><span class=\"VIiyi\" lang=\"pt\"><span class=\"JLqJ4b\" data-language-for-alternatives=\"pt\" data-language-to-translate-into=\"en\" data-phrase-index=\"0\" data-number-of-phrases=\"1\">\u2022 Constru\u00e7\u00e3o em policarbonato \u2013 Todas as lunetas Safari s\u00e3o fabricadas em policarbonato leve que reduz o peso total e as torna extremamente robustas e dur\u00e1veis. <\/span><\/span><\/div>\n<div class=\"J0lOec\"><span class=\"VIiyi\" lang=\"pt\"><span class=\"JLqJ4b\" data-language-for-alternatives=\"pt\" data-language-to-translate-into=\"en\" data-phrase-index=\"0\" data-number-of-phrases=\"1\">\u2022 Cobertura de prote\u00e7\u00e3o de borracha \u2013 Uma cobertura de prote\u00e7\u00e3o de borracha resistente e protege sua luneta Sahara contra abras\u00f5es e danos causados \u200b\u200bpelo uso regular. <\/span><\/span><\/div>\n<div class=\"J0lOec\"><span class=\"VIiyi\" lang=\"pt\"><span class=\"JLqJ4b\" data-language-for-alternatives=\"pt\" data-language-to-translate-into=\"en\" data-phrase-index=\"0\" data-number-of-phrases=\"1\">\u2022 \u00c0 prova d&#8217;\u00e1gua, \u00e0 prova de neblina e cheio a nitrog\u00eanio \u2013 Todas as lunetas da s\u00e9rie Sahara s\u00e3o \u00e0 prova d&#8217;\u00e1gua, \u00e0 prova de neblina e purgadas com nitrog\u00eanio para garantir muitos anos de desempenho. <\/span><\/span><\/div>\n<div class=\"J0lOec\"><span class=\"VIiyi\" lang=\"pt\"><span class=\"JLqJ4b\" data-language-for-alternatives=\"pt\" data-language-to-translate-into=\"en\" data-phrase-index=\"0\" data-number-of-phrases=\"1\">\u2022 Para-sol deslizante integrado \u2013 Cada luneta Sahara possui um para-sol deslizante integrado \u00e0 lente objetiva da luneta para reduzir ainda mais o brilho. <\/span><\/span><\/div>\n<div class=\"J0lOec\"><span class=\"VIiyi\" lang=\"pt\"><span class=\"JLqJ4b\" data-language-for-alternatives=\"pt\" data-language-to-translate-into=\"en\" data-phrase-index=\"0\" data-number-of-phrases=\"1\">\u2022 Acess\u00f3rios &#8211; Todas as lunetas Sahara v\u00eam com estojo resistente<\/span><\/span><\/div>\n<\/div>\n<\/div>\n","protected":false},"excerpt":{"rendered":"<p>&nbsp; Telescopio Terrestre Barr &amp; Stroud 20-60&#215;80 \u2022 Spotting scope de 80mm \u2022 Diametro da Objectiva: 80mm \u2022 Aumentos: 20x a 60x em Zoom \u2022 Sa\u00edda de pupilar: 4,0 (20x) &#8211; 1,3 (60x) \u2022 Eye relief: 15mm \u2022 Campo de vis\u00e3o: 29,6 (20x) &#8211; 15,0 (60x) a 1000m \u2022 Foco a partir de 8m \u2022<\/p>\n<div class=\"more-link\">\n\t\t\t\t <a href=\"https:\/\/site.astrofoto.com.pt\/welcome\/produto\/spotting-scope-barr-stroud-20-60x80\/\" class=\"btn theme-btn inverted\"><span>Continuar a Ler <\/span><\/a>\n\t\t\t<\/div>\n","protected":false},"featured_media":5470,"comment_status":"closed","ping_status":"closed","template":"","meta":[],"product_brand":[],"product_cat":[22],"product_tag":[],"class_list":{"0":"post-5467","1":"product","2":"type-product","3":"status-publish","4":"has-post-thumbnail","6":"product_cat-spotting-scopes","8":"first","9":"onbackorder","10":"shipping-taxable","11":"purchasable","12":"product-type-simple"},"_links":{"self":[{"href":"https:\/\/site.astrofoto.com.pt\/welcome\/wp-json\/wp\/v2\/product\/5467","targetHints":{"allow":["GET"]}}],"collection":[{"href":"https:\/\/site.astrofoto.com.pt\/welcome\/wp-json\/wp\/v2\/product"}],"about":[{"href":"https:\/\/site.astrofoto.com.pt\/welcome\/wp-json\/wp\/v2\/types\/product"}],"replies":[{"embeddable":true,"href":"https:\/\/site.astrofoto.com.pt\/welcome\/wp-json\/wp\/v2\/comments?post=5467"}],"wp:featuredmedia":[{"embeddable":true,"href":"https:\/\/site.astrofoto.com.pt\/welcome\/wp-json\/wp\/v2\/media\/5470"}],"wp:attachment":[{"href":"https:\/\/site.astrofoto.com.pt\/welcome\/wp-json\/wp\/v2\/media?parent=5467"}],"wp:term":[{"taxonomy":"product_brand","embeddable":true,"href":"https:\/\/site.astrofoto.com.pt\/welcome\/wp-json\/wp\/v2\/product_brand?post=5467"},{"taxonomy":"product_cat","embeddable":true,"href":"https:\/\/site.astrofoto.com.pt\/welcome\/wp-json\/wp\/v2\/product_cat?post=5467"},{"taxonomy":"product_tag","embeddable":true,"href":"https:\/\/site.astrofoto.com.pt\/welcome\/wp-json\/wp\/v2\/product_tag?post=5467"}],"curies":[{"name":"wp","href":"https:\/\/api.w.org\/{rel}","templated":true}]}}