{"id":5461,"date":"2020-09-29T12:30:10","date_gmt":"2020-09-29T12:30:10","guid":{"rendered":"http:\/\/site.astrofoto.com.pt\/welcome\/?post_type=product&#038;p=5461"},"modified":"2025-02-24T20:32:14","modified_gmt":"2025-02-24T20:32:14","slug":"tripe-fotomate-106","status":"publish","type":"product","link":"https:\/\/site.astrofoto.com.pt\/welcome\/produto\/tripe-fotomate-106\/","title":{"rendered":"Trip\u00e9 Fotomate 106"},"content":{"rendered":"<p><a href=\"http:\/\/site.astrofoto.com.pt\/welcome\/wp-content\/uploads\/2020\/09\/Fotomate106.jpg\"><img fetchpriority=\"high\" decoding=\"async\" class=\"alignleft size-medium wp-image-5464\" src=\"http:\/\/site.astrofoto.com.pt\/welcome\/wp-content\/uploads\/2020\/09\/Fotomate106-292x300.jpg\" alt=\"\" width=\"292\" height=\"300\" srcset=\"https:\/\/site.astrofoto.com.pt\/welcome\/wp-content\/uploads\/2020\/09\/Fotomate106-292x300.jpg 292w, https:\/\/site.astrofoto.com.pt\/welcome\/wp-content\/uploads\/2020\/09\/Fotomate106-450x463.jpg 450w, https:\/\/site.astrofoto.com.pt\/welcome\/wp-content\/uploads\/2020\/09\/Fotomate106-600x617.jpg 600w, https:\/\/site.astrofoto.com.pt\/welcome\/wp-content\/uploads\/2020\/09\/Fotomate106.jpg 735w\" sizes=\"(max-width: 292px) 100vw, 292px\" \/><\/a><strong>Trip\u00e9 Fotomate 106<\/strong><\/p>\n<p>Cabe\u00e7a de 2 movimentos fluidos (oleo)<br \/>\nPress\u00e3o ajust\u00e1vel<br \/>\nPeso suportado: 4kg<br \/>\nSapata destac\u00e1vel com parafuso 1\/4\u2033<br \/>\nAltura Maxima: 152cm<br \/>\nAltura fechado: 58cm<br \/>\nDiametro das pernas: 23mm<br \/>\nElevador central com manivela<br \/>\nBolha de nivel<br \/>\nP\u00e9s de borracha ajust\u00e1veis a terreno duro<br \/>\nPeso: 1,33Kg<br \/>\nSaco de transporte<\/p>\n","protected":false},"excerpt":{"rendered":"<p>Trip\u00e9 Fotomate 106 Cabe\u00e7a de 2 movimentos fluidos (oleo) Press\u00e3o ajust\u00e1vel Peso suportado: 4kg Sapata destac\u00e1vel com parafuso 1\/4\u2033 Altura Maxima: 152cm Altura fechado: 58cm Diametro das pernas: 23mm Elevador central com manivela Bolha de nivel P\u00e9s de borracha ajust\u00e1veis a terreno duro Peso: 1,33Kg Saco de transporte<\/p>\n","protected":false},"featured_media":5464,"comment_status":"closed","ping_status":"closed","template":"","meta":[],"product_brand":[],"product_cat":[87,63,95,93,25],"product_tag":[],"class_list":{"0":"post-5461","1":"product","2":"type-product","3":"status-publish","4":"has-post-thumbnail","6":"product_cat-binoculosp","7":"product_cat-promocoes","8":"product_cat-stock-off","9":"product_cat-tripepromo","10":"product_cat-tripes","12":"first","13":"instock","14":"sale","15":"shipping-taxable","16":"purchasable","17":"product-type-simple"},"_links":{"self":[{"href":"https:\/\/site.astrofoto.com.pt\/welcome\/wp-json\/wp\/v2\/product\/5461","targetHints":{"allow":["GET"]}}],"collection":[{"href":"https:\/\/site.astrofoto.com.pt\/welcome\/wp-json\/wp\/v2\/product"}],"about":[{"href":"https:\/\/site.astrofoto.com.pt\/welcome\/wp-json\/wp\/v2\/types\/product"}],"replies":[{"embeddable":true,"href":"https:\/\/site.astrofoto.com.pt\/welcome\/wp-json\/wp\/v2\/comments?post=5461"}],"wp:featuredmedia":[{"embeddable":true,"href":"https:\/\/site.astrofoto.com.pt\/welcome\/wp-json\/wp\/v2\/media\/5464"}],"wp:attachment":[{"href":"https:\/\/site.astrofoto.com.pt\/welcome\/wp-json\/wp\/v2\/media?parent=5461"}],"wp:term":[{"taxonomy":"product_brand","embeddable":true,"href":"https:\/\/site.astrofoto.com.pt\/welcome\/wp-json\/wp\/v2\/product_brand?post=5461"},{"taxonomy":"product_cat","embeddable":true,"href":"https:\/\/site.astrofoto.com.pt\/welcome\/wp-json\/wp\/v2\/product_cat?post=5461"},{"taxonomy":"product_tag","embeddable":true,"href":"https:\/\/site.astrofoto.com.pt\/welcome\/wp-json\/wp\/v2\/product_tag?post=5461"}],"curies":[{"name":"wp","href":"https:\/\/api.w.org\/{rel}","templated":true}]}}