{"id":5441,"date":"2020-09-21T19:24:39","date_gmt":"2020-09-21T19:24:39","guid":{"rendered":"http:\/\/site.astrofoto.com.pt\/welcome\/?post_type=product&#038;p=5441"},"modified":"2023-03-23T14:02:59","modified_gmt":"2023-03-23T14:02:59","slug":"apx60","status":"publish","type":"product","link":"https:\/\/site.astrofoto.com.pt\/welcome\/produto\/apx60\/","title":{"rendered":"C\u00e2mara ATIK Apx60"},"content":{"rendered":"<p><a href=\"http:\/\/site.astrofoto.com.pt\/welcome\/wp-content\/uploads\/2020\/09\/Apx60mod2Web-300x300-1.jpg\"><img fetchpriority=\"high\" decoding=\"async\" class=\"alignleft size-medium wp-image-5443\" src=\"http:\/\/site.astrofoto.com.pt\/welcome\/wp-content\/uploads\/2020\/09\/Apx60mod2Web-300x300-1-300x300.jpg\" alt=\"\" width=\"300\" height=\"300\" srcset=\"https:\/\/site.astrofoto.com.pt\/welcome\/wp-content\/uploads\/2020\/09\/Apx60mod2Web-300x300-1.jpg 300w, https:\/\/site.astrofoto.com.pt\/welcome\/wp-content\/uploads\/2020\/09\/Apx60mod2Web-300x300-1-100x100.jpg 100w, https:\/\/site.astrofoto.com.pt\/welcome\/wp-content\/uploads\/2020\/09\/Apx60mod2Web-300x300-1-150x150.jpg 150w\" sizes=\"(max-width: 300px) 100vw, 300px\" \/><\/a><strong>C\u00e2mara ATIK APX60<\/strong><\/p>\n<ul>\n<li>Sensor: IMX455<\/li>\n<li>Resolu\u00e7\u00e3o: 9576&#215;6388<\/li>\n<li>N\u00ba of pixels: 61.17MP<\/li>\n<li>Formato do Pixel\u00a0 : 3.76\u00b5m<\/li>\n<li>ADC: 16bit<\/li>\n<li>Digitaliza\u00e7\u00e3o (MPPS): Limited by USB 3 speed<\/li>\n<li>Readout noise: TBC<\/li>\n<li>Cooling delta: -35\u00b0C long exposure;-40\u00b0C with short exposure<\/li>\n<li>Full Well Capacity ~50,000e-<\/li>\n<li>Regulated Cooler: Yes<\/li>\n<li>Max. Exposure: Unlimited<\/li>\n<li>Min. Exposure: TBC<\/li>\n<li>PC Interface: USB 3<\/li>\n<li>Power Requirements: 12VDC, 5A<\/li>\n<li>Backfocus Distance: Default = 17mm \u00b10.5; Without levelling plate = 9.5mm \u00b10.5<\/li>\n<li>Rosca frontal: M54 x 0.75<\/li>\n<li>Peso: 1kg<\/li>\n<li>Dimensoes: 89mm x 152mm<\/li>\n<li>Mono ou cor<\/li>\n<\/ul>\n<p>\u25ba<span class=\"tlid-translation translation\" lang=\"pt\"><span class=\"\" title=\"\">Bem-vindos \u00e0 c\u00e2mara CMOS mais avan\u00e7ada da Atik, at\u00e9 o momento.<\/span> <span class=\"\" title=\"\">A Apx60 utiliza o sensor full frame Sony IMX 455, perfeito para grandes formatos, visualiza\u00e7\u00f5es de campo amplo com detalhes impressionantes.<\/span> <span class=\"\" title=\"\">Este sensor de 61,17 megapixeis tem baixo ru\u00eddo de leitura, alta efici\u00eancia qu\u00e2ntica e convers\u00e3o anal\u00f3gica para digital de 16 bits que est\u00e1 a revolucionar astronomia amadora.<\/span><\/span><\/p>\n<p><span title=\"\">Al\u00e9m de oferecer alguns dos recursos que definem as c\u00e2maras de astrofotografia CCD num formato CMOS, a Apx60 tamb\u00e9m se integra perfeitamente nas solu\u00e7\u00f5es de software avan\u00e7adas da Atik.<\/span>\u00a0 <span title=\"\">A c\u00e2mara possui um grande buffer de mem\u00f3ria para evitar artefactos de imagem e frames perdidas.<\/span> <span title=\"\">Al\u00e9m disso, a Apx60 vem com um hub USB integrado, arrefecimento de alto desempenho, janela \u00f3ptica anticondensa\u00e7\u00e3o e antirreflexo, bem como ajustes &#8220;in situ&#8221; para f\u00e1cil controle.<\/span> <span title=\"\">Completada com as excepcionais electronica premium\u00a0\u00a0 e qualidade de constru\u00e7\u00e3o da Atik de modo a proporcionar imagens incr\u00edveis.<\/span><\/p>\n","protected":false},"excerpt":{"rendered":"<p>C\u00e2mara ATIK APX60 Sensor: IMX455 Resolu\u00e7\u00e3o: 9576&#215;6388 N\u00ba of pixels: 61.17MP Formato do Pixel\u00a0 : 3.76\u00b5m ADC: 16bit Digitaliza\u00e7\u00e3o (MPPS): Limited by USB 3 speed Readout noise: TBC Cooling delta: -35\u00b0C long exposure;-40\u00b0C with short exposure Full Well Capacity ~50,000e- Regulated Cooler: Yes Max. Exposure: Unlimited Min. Exposure: TBC PC Interface: USB 3 Power Requirements:<\/p>\n<div class=\"more-link\">\n\t\t\t\t <a href=\"https:\/\/site.astrofoto.com.pt\/welcome\/produto\/apx60\/\" class=\"btn theme-btn inverted\"><span>Continuar a Ler <\/span><\/a>\n\t\t\t<\/div>\n","protected":false},"featured_media":5443,"comment_status":"closed","ping_status":"closed","template":"","meta":[],"product_brand":[],"product_cat":[24],"product_tag":[],"class_list":{"0":"post-5441","1":"product","2":"type-product","3":"status-publish","4":"has-post-thumbnail","6":"product_cat-fotografia-astronomica","8":"first","9":"onbackorder","10":"shipping-taxable","11":"purchasable","12":"product-type-simple"},"_links":{"self":[{"href":"https:\/\/site.astrofoto.com.pt\/welcome\/wp-json\/wp\/v2\/product\/5441","targetHints":{"allow":["GET"]}}],"collection":[{"href":"https:\/\/site.astrofoto.com.pt\/welcome\/wp-json\/wp\/v2\/product"}],"about":[{"href":"https:\/\/site.astrofoto.com.pt\/welcome\/wp-json\/wp\/v2\/types\/product"}],"replies":[{"embeddable":true,"href":"https:\/\/site.astrofoto.com.pt\/welcome\/wp-json\/wp\/v2\/comments?post=5441"}],"wp:featuredmedia":[{"embeddable":true,"href":"https:\/\/site.astrofoto.com.pt\/welcome\/wp-json\/wp\/v2\/media\/5443"}],"wp:attachment":[{"href":"https:\/\/site.astrofoto.com.pt\/welcome\/wp-json\/wp\/v2\/media?parent=5441"}],"wp:term":[{"taxonomy":"product_brand","embeddable":true,"href":"https:\/\/site.astrofoto.com.pt\/welcome\/wp-json\/wp\/v2\/product_brand?post=5441"},{"taxonomy":"product_cat","embeddable":true,"href":"https:\/\/site.astrofoto.com.pt\/welcome\/wp-json\/wp\/v2\/product_cat?post=5441"},{"taxonomy":"product_tag","embeddable":true,"href":"https:\/\/site.astrofoto.com.pt\/welcome\/wp-json\/wp\/v2\/product_tag?post=5441"}],"curies":[{"name":"wp","href":"https:\/\/api.w.org\/{rel}","templated":true}]}}