{"id":5425,"date":"2020-09-16T11:38:12","date_gmt":"2020-09-16T11:38:12","guid":{"rendered":"http:\/\/site.astrofoto.com.pt\/welcome\/?post_type=product&#038;p=5425"},"modified":"2023-10-20T10:59:54","modified_gmt":"2023-10-20T10:59:54","slug":"montagem-omegon-minitrack-lx3","status":"publish","type":"product","link":"https:\/\/site.astrofoto.com.pt\/welcome\/produto\/montagem-omegon-minitrack-lx3\/","title":{"rendered":"Montagem Omegon MiniTrack LX3 Set"},"content":{"rendered":"<p><a href=\"http:\/\/site.astrofoto.com.pt\/welcome\/wp-content\/uploads\/2020\/09\/LX3a.jpg\"><img fetchpriority=\"high\" decoding=\"async\" class=\"alignleft size-medium wp-image-5427\" src=\"http:\/\/site.astrofoto.com.pt\/welcome\/wp-content\/uploads\/2020\/09\/LX3a-300x300.jpg\" alt=\"\" width=\"300\" height=\"300\" srcset=\"https:\/\/site.astrofoto.com.pt\/welcome\/wp-content\/uploads\/2020\/09\/LX3a.jpg 300w, https:\/\/site.astrofoto.com.pt\/welcome\/wp-content\/uploads\/2020\/09\/LX3a-100x100.jpg 100w, https:\/\/site.astrofoto.com.pt\/welcome\/wp-content\/uploads\/2020\/09\/LX3a-150x150.jpg 150w\" sizes=\"(max-width: 300px) 100vw, 300px\" \/><\/a> <strong>Montagem MiniTrack LX3 Set<br \/>\n<\/strong><\/p>\n<ul>\n<li>A montagem Omegon Mini-Track \u00e9 um instrumento para fotos de astronomia com objectivas normais. Sem necessidade de electr\u00f3nica nem energia electrica<br \/>\n<strong><br \/>\n\u25ba Vantagens<\/strong><\/li>\n<\/ul>\n<ul>\n<li>tirar fotos do c\u00e9u nocturno de qualquer lugar no hemisf\u00e9rio norte &#8211; com sucesso e sem esfor\u00e7o<\/li>\n<li>nunca precisa de carregamento &#8211; funciona atrav\u00e9s de um rel\u00f3gio, por isso \u00e9 independente de baterias e tomadas de energia<\/li>\n<li>\u201cD\u00ea \u00e0 corda\u201d e a montagem come\u00e7ar\u00e1 a operar imediatamente at\u00e9 1 hora de exposi\u00e7\u00e3o<\/li>\n<li>ideal para fotos de vis\u00e3o geral do c\u00e9u estrelado e usando Tele-objectivas at\u00e9 cerca de 300mm<\/li>\n<\/ul>\n<p>\u25ba basta colocar num trip\u00e9 e montar uma c\u00e2mara de at\u00e9 3 kg de peso<\/p>\n<p><a href=\"https:\/\/www.youtube.com\/watch?v=jF7ONr1h-20&amp;feature=youtu.be\">\u25ba<\/a><a href=\"https:\/\/www.youtube.com\/watch?v=EoMTjIMh4qI\">Ver no Youtube<\/a><br \/>\n\u25ba <a href=\"http:\/\/www.project-nightflight.net\/omegon_mini_track_lx2_review.pdf\">Ver Recens\u00e3o de Erwin Matys, Karoline Mrazek<\/a><\/p>\n<p>\u2022 Rosca de trip\u00e9 em baixo<br \/>\n\u2022 R\u00f3tula<br \/>\n\u2022 Buscador polar<br \/>\n\u2022 Adaptadores de 1\/4 &#8220;a 3\/8&#8221; e 1\/4 &#8220;a 1\/4&#8221;<br \/>\n\u2022 Peso: 950g<br \/>\n\u2022 Material : Aluminio<br \/>\n\u2022 Tamanho: 21mm x 7,8mm x 13mm<\/p>\n","protected":false},"excerpt":{"rendered":"<p>Montagem MiniTrack LX3 Set A montagem Omegon Mini-Track \u00e9 um instrumento para fotos de astronomia com objectivas normais. Sem necessidade de electr\u00f3nica nem energia electrica \u25ba Vantagens tirar fotos do c\u00e9u nocturno de qualquer lugar no hemisf\u00e9rio norte &#8211; com sucesso e sem esfor\u00e7o nunca precisa de carregamento &#8211; funciona atrav\u00e9s de um rel\u00f3gio, por<\/p>\n<div class=\"more-link\">\n\t\t\t\t <a href=\"https:\/\/site.astrofoto.com.pt\/welcome\/produto\/montagem-omegon-minitrack-lx3\/\" class=\"btn theme-btn inverted\"><span>Continuar a Ler <\/span><\/a>\n\t\t\t<\/div>\n","protected":false},"featured_media":5426,"comment_status":"closed","ping_status":"closed","template":"","meta":[],"product_brand":[],"product_cat":[24,14,67],"product_tag":[],"class_list":{"0":"post-5425","1":"product","2":"type-product","3":"status-publish","4":"has-post-thumbnail","6":"product_cat-fotografia-astronomica","7":"product_cat-montagens","8":"product_cat-https-site-astrofoto-com-pt-welcome-categoria-produto-novidade","10":"first","11":"onbackorder","12":"shipping-taxable","13":"purchasable","14":"product-type-simple"},"_links":{"self":[{"href":"https:\/\/site.astrofoto.com.pt\/welcome\/wp-json\/wp\/v2\/product\/5425","targetHints":{"allow":["GET"]}}],"collection":[{"href":"https:\/\/site.astrofoto.com.pt\/welcome\/wp-json\/wp\/v2\/product"}],"about":[{"href":"https:\/\/site.astrofoto.com.pt\/welcome\/wp-json\/wp\/v2\/types\/product"}],"replies":[{"embeddable":true,"href":"https:\/\/site.astrofoto.com.pt\/welcome\/wp-json\/wp\/v2\/comments?post=5425"}],"wp:featuredmedia":[{"embeddable":true,"href":"https:\/\/site.astrofoto.com.pt\/welcome\/wp-json\/wp\/v2\/media\/5426"}],"wp:attachment":[{"href":"https:\/\/site.astrofoto.com.pt\/welcome\/wp-json\/wp\/v2\/media?parent=5425"}],"wp:term":[{"taxonomy":"product_brand","embeddable":true,"href":"https:\/\/site.astrofoto.com.pt\/welcome\/wp-json\/wp\/v2\/product_brand?post=5425"},{"taxonomy":"product_cat","embeddable":true,"href":"https:\/\/site.astrofoto.com.pt\/welcome\/wp-json\/wp\/v2\/product_cat?post=5425"},{"taxonomy":"product_tag","embeddable":true,"href":"https:\/\/site.astrofoto.com.pt\/welcome\/wp-json\/wp\/v2\/product_tag?post=5425"}],"curies":[{"name":"wp","href":"https:\/\/api.w.org\/{rel}","templated":true}]}}