{"id":5411,"date":"2020-09-14T13:49:53","date_gmt":"2020-09-14T13:49:53","guid":{"rendered":"http:\/\/site.astrofoto.com.pt\/welcome\/?post_type=product&#038;p=5411"},"modified":"2022-08-10T11:24:17","modified_gmt":"2022-08-10T11:24:17","slug":"montagem-skywatcher-star-adventurer-2i-wi-fi-foto","status":"publish","type":"product","link":"https:\/\/site.astrofoto.com.pt\/welcome\/produto\/montagem-skywatcher-star-adventurer-2i-wi-fi-foto\/","title":{"rendered":"SkyWatcher NOVO Star Adventurer 2i WiFi Foto"},"content":{"rendered":"<p><a href=\"http:\/\/site.astrofoto.com.pt\/welcome\/wp-content\/uploads\/2020\/09\/StarFotoII.jpg\"><img fetchpriority=\"high\" decoding=\"async\" class=\"alignleft size-medium wp-image-5412\" src=\"http:\/\/site.astrofoto.com.pt\/welcome\/wp-content\/uploads\/2020\/09\/StarFotoII-300x272.jpg\" alt=\"\" width=\"300\" height=\"272\" srcset=\"https:\/\/site.astrofoto.com.pt\/welcome\/wp-content\/uploads\/2020\/09\/StarFotoII-300x272.jpg 300w, https:\/\/site.astrofoto.com.pt\/welcome\/wp-content\/uploads\/2020\/09\/StarFotoII-450x408.jpg 450w, https:\/\/site.astrofoto.com.pt\/welcome\/wp-content\/uploads\/2020\/09\/StarFotoII.jpg 495w\" sizes=\"(max-width: 300px) 100vw, 300px\" \/><\/a><strong>Montagem Skywatcher Star Adventurer\u00a0 II Wi-Fi Foto<\/strong><\/p>\n<p>\u25ba Wi-Fi integrado<br \/>\n\u25baoferece uma plataforma est\u00e1vel e port\u00e1til para seguimento do C\u00e9u Nocturno em AR (Ascens\u00e3o Recta) com a sua DSLR e possibilitando interface com o disparador da c\u00e2mara para fotos autom\u00e1ticas<\/p>\n<p>\u2022 Pre-selec\u00e7\u00e3o de Time Lapse<br \/>\n\u2022 O Buscador polar iluminado completa as possibilidades de alinhamento e seguimento<br \/>\n\u2022 Velocidades sideral, solar e lunar em AR<br \/>\n\u2022 Baterias: 4xAA (caixa de pilhas)<br \/>\n\u2022 Tipo de alimenta\u00e7\u00e3o: 5V (mini USB)<br \/>\n\u2022 Portas ST4 e mini USB<br \/>\n\u2022 Rosca para trip\u00e9 3\/8\u2033 e 1\/4\u2033<br \/>\n\u2022 Capacidade de carga: 5Kg<br \/>\n\u2022 Dimens\u00f5es: 173mm x 113mm x 96mm<br \/>\n\u2022 Peso Total: 1Kg<\/p>\n<p><em><strong>Cabos disparadores: 10 Euros\/cada<br \/>\n<\/strong><\/em>SW0336 Shutter release cable for Star Adventurer (Canon C1)EOS 100D \u00e0 1000D, 60\/60Da, 70D<br \/>\nSW0337 Shutter release cable for Star Adventurer (Canon C3 AP-R3C) APR3C &#8211; EOS 5\/6\/7D, 1D, 10 \u00e0 50D, 1V, 1DS Mark III, 5D Mark III\u25baFujifilm X-T3<br \/>\nSW0338 Shutter release cable for Star Adventurer (Nikon N1 AP-R1N)D1\/2\/3\/4 et D200 \u00e0 D8001<br \/>\nSW0339 Shutter release cable for Star Adventurer (Nikon N2 AP-R2N)D80 et D70S<br \/>\nSW0340 Shutter release cable for Star Adventurer (Nikon N3 AP-R3N)D90, D600, D300\/5000\/7000<br \/>\nSW0341 Shutter release cable for Star Adventurer (Olympus OP12) S\u00e9rie E, SP-570UZ\/SP-590UZ<br \/>\nSW0342 Shutter release cable for Star Adventurer (Sony S1 AP-R1S) a100 ate a900 e Minolta\/Konica<\/p>\n","protected":false},"excerpt":{"rendered":"<p>Montagem Skywatcher Star Adventurer\u00a0 II Wi-Fi Foto \u25ba Wi-Fi integrado \u25baoferece uma plataforma est\u00e1vel e port\u00e1til para seguimento do C\u00e9u Nocturno em AR (Ascens\u00e3o Recta) com a sua DSLR e possibilitando interface com o disparador da c\u00e2mara para fotos autom\u00e1ticas \u2022 Pre-selec\u00e7\u00e3o de Time Lapse \u2022 O Buscador polar iluminado completa as possibilidades de alinhamento<\/p>\n<div class=\"more-link\">\n\t\t\t\t <a href=\"https:\/\/site.astrofoto.com.pt\/welcome\/produto\/montagem-skywatcher-star-adventurer-2i-wi-fi-foto\/\" class=\"btn theme-btn inverted\"><span>Continuar a Ler <\/span><\/a>\n\t\t\t<\/div>\n","protected":false},"featured_media":5412,"comment_status":"closed","ping_status":"closed","template":"","meta":[],"product_brand":[],"product_cat":[14,68],"product_tag":[],"class_list":{"0":"post-5411","1":"product","2":"type-product","3":"status-publish","4":"has-post-thumbnail","6":"product_cat-montagens","7":"product_cat-wi-fi","9":"first","10":"onbackorder","11":"shipping-taxable","12":"purchasable","13":"product-type-simple"},"_links":{"self":[{"href":"https:\/\/site.astrofoto.com.pt\/welcome\/wp-json\/wp\/v2\/product\/5411","targetHints":{"allow":["GET"]}}],"collection":[{"href":"https:\/\/site.astrofoto.com.pt\/welcome\/wp-json\/wp\/v2\/product"}],"about":[{"href":"https:\/\/site.astrofoto.com.pt\/welcome\/wp-json\/wp\/v2\/types\/product"}],"replies":[{"embeddable":true,"href":"https:\/\/site.astrofoto.com.pt\/welcome\/wp-json\/wp\/v2\/comments?post=5411"}],"wp:featuredmedia":[{"embeddable":true,"href":"https:\/\/site.astrofoto.com.pt\/welcome\/wp-json\/wp\/v2\/media\/5412"}],"wp:attachment":[{"href":"https:\/\/site.astrofoto.com.pt\/welcome\/wp-json\/wp\/v2\/media?parent=5411"}],"wp:term":[{"taxonomy":"product_brand","embeddable":true,"href":"https:\/\/site.astrofoto.com.pt\/welcome\/wp-json\/wp\/v2\/product_brand?post=5411"},{"taxonomy":"product_cat","embeddable":true,"href":"https:\/\/site.astrofoto.com.pt\/welcome\/wp-json\/wp\/v2\/product_cat?post=5411"},{"taxonomy":"product_tag","embeddable":true,"href":"https:\/\/site.astrofoto.com.pt\/welcome\/wp-json\/wp\/v2\/product_tag?post=5411"}],"curies":[{"name":"wp","href":"https:\/\/api.w.org\/{rel}","templated":true}]}}