{"id":5339,"date":"2020-08-20T16:40:37","date_gmt":"2020-08-20T16:40:37","guid":{"rendered":"http:\/\/site.astrofoto.com.pt\/welcome\/?post_type=product&#038;p=5339"},"modified":"2023-06-13T21:40:08","modified_gmt":"2023-06-13T21:40:08","slug":"binoculo-ts-optics-20x80","status":"publish","type":"product","link":"https:\/\/site.astrofoto.com.pt\/welcome\/produto\/binoculo-ts-optics-20x80\/","title":{"rendered":"Binoculo TS Optics 20&#215;80"},"content":{"rendered":"<p><a href=\"http:\/\/site.astrofoto.com.pt\/welcome\/wp-content\/uploads\/2020\/08\/TS-Optics-Binoculars-20x80-E.jpg\"><img fetchpriority=\"high\" decoding=\"async\" class=\"alignleft size-medium wp-image-5340\" src=\"http:\/\/site.astrofoto.com.pt\/welcome\/wp-content\/uploads\/2020\/08\/TS-Optics-Binoculars-20x80-E-300x300.jpg\" alt=\"\" width=\"300\" height=\"300\" srcset=\"https:\/\/site.astrofoto.com.pt\/welcome\/wp-content\/uploads\/2020\/08\/TS-Optics-Binoculars-20x80-E-300x300.jpg 300w, https:\/\/site.astrofoto.com.pt\/welcome\/wp-content\/uploads\/2020\/08\/TS-Optics-Binoculars-20x80-E-450x450.jpg 450w, https:\/\/site.astrofoto.com.pt\/welcome\/wp-content\/uploads\/2020\/08\/TS-Optics-Binoculars-20x80-E-100x100.jpg 100w, https:\/\/site.astrofoto.com.pt\/welcome\/wp-content\/uploads\/2020\/08\/TS-Optics-Binoculars-20x80-E-600x600.jpg 600w, https:\/\/site.astrofoto.com.pt\/welcome\/wp-content\/uploads\/2020\/08\/TS-Optics-Binoculars-20x80-E-150x150.jpg 150w, https:\/\/site.astrofoto.com.pt\/welcome\/wp-content\/uploads\/2020\/08\/TS-Optics-Binoculars-20x80-E-768x768.jpg 768w, https:\/\/site.astrofoto.com.pt\/welcome\/wp-content\/uploads\/2020\/08\/TS-Optics-Binoculars-20x80-E.jpg 800w\" sizes=\"(max-width: 300px) 100vw, 300px\" \/><\/a><\/p>\n<p>\u2022 Objectiva: 80mm<br \/>\n\u2022 Aumento: 80x<br \/>\n\u2022 Multicoated<br \/>\n\u2022 Prismas Bak4<br \/>\n\u2022 Sa\u00edda de pupila: 4mm<br \/>\n\u2022 Eye relief: 18mm<br \/>\n\u2022 Campo de vis\u00e3o a 1000m: 56m<br \/>\n\u2022 \u00c2ngulo de vis\u00e3o: 3,7\u00ba<br \/>\n\u2022 Focagem a partir de: 30m<br \/>\n\u2022 Porroprism\u00e1tico<br \/>\n\u2022 Revestido a borracha<br \/>\n\u2022 Estojo e al\u00e7a<br \/>\n\u2022 Peso: 2.300grs<br \/>\n\u2022 Cor: preto<br \/>\n\u2022 Adaptador a trip\u00e9 central m\u00f3vel para contrabalan\u00e7ar o peso<\/p>\n","protected":false},"excerpt":{"rendered":"<p>\u2022 Objectiva: 80mm \u2022 Aumento: 80x \u2022 Multicoated \u2022 Prismas Bak4 \u2022 Sa\u00edda de pupila: 4mm \u2022 Eye relief: 18mm \u2022 Campo de vis\u00e3o a 1000m: 56m \u2022 \u00c2ngulo de vis\u00e3o: 3,7\u00ba \u2022 Focagem a partir de: 30m \u2022 Porroprism\u00e1tico \u2022 Revestido a borracha \u2022 Estojo e al\u00e7a \u2022 Peso: 2.300grs \u2022 Cor: preto \u2022<\/p>\n<div class=\"more-link\">\n\t\t\t\t <a href=\"https:\/\/site.astrofoto.com.pt\/welcome\/produto\/binoculo-ts-optics-20x80\/\" class=\"btn theme-btn inverted\"><span>Continuar a Ler <\/span><\/a>\n\t\t\t<\/div>\n","protected":false},"featured_media":5340,"comment_status":"closed","ping_status":"closed","template":"","meta":[],"product_brand":[],"product_cat":[13],"product_tag":[],"class_list":{"0":"post-5339","1":"product","2":"type-product","3":"status-publish","4":"has-post-thumbnail","6":"product_cat-binoculos","8":"first","9":"onbackorder","10":"shipping-taxable","11":"purchasable","12":"product-type-simple"},"_links":{"self":[{"href":"https:\/\/site.astrofoto.com.pt\/welcome\/wp-json\/wp\/v2\/product\/5339","targetHints":{"allow":["GET"]}}],"collection":[{"href":"https:\/\/site.astrofoto.com.pt\/welcome\/wp-json\/wp\/v2\/product"}],"about":[{"href":"https:\/\/site.astrofoto.com.pt\/welcome\/wp-json\/wp\/v2\/types\/product"}],"replies":[{"embeddable":true,"href":"https:\/\/site.astrofoto.com.pt\/welcome\/wp-json\/wp\/v2\/comments?post=5339"}],"wp:featuredmedia":[{"embeddable":true,"href":"https:\/\/site.astrofoto.com.pt\/welcome\/wp-json\/wp\/v2\/media\/5340"}],"wp:attachment":[{"href":"https:\/\/site.astrofoto.com.pt\/welcome\/wp-json\/wp\/v2\/media?parent=5339"}],"wp:term":[{"taxonomy":"product_brand","embeddable":true,"href":"https:\/\/site.astrofoto.com.pt\/welcome\/wp-json\/wp\/v2\/product_brand?post=5339"},{"taxonomy":"product_cat","embeddable":true,"href":"https:\/\/site.astrofoto.com.pt\/welcome\/wp-json\/wp\/v2\/product_cat?post=5339"},{"taxonomy":"product_tag","embeddable":true,"href":"https:\/\/site.astrofoto.com.pt\/welcome\/wp-json\/wp\/v2\/product_tag?post=5339"}],"curies":[{"name":"wp","href":"https:\/\/api.w.org\/{rel}","templated":true}]}}