{"id":5281,"date":"2020-08-01T11:10:57","date_gmt":"2020-08-01T11:10:57","guid":{"rendered":"http:\/\/site.astrofoto.com.pt\/welcome\/?post_type=product&#038;p=5281"},"modified":"2021-02-08T14:07:59","modified_gmt":"2021-02-08T14:07:59","slug":"mala-de-oculares-e-filtros-tsoptics","status":"publish","type":"product","link":"https:\/\/site.astrofoto.com.pt\/welcome\/produto\/mala-de-oculares-e-filtros-tsoptics\/","title":{"rendered":"Mala de Oculares e Filtros TSoptics"},"content":{"rendered":"<p><a href=\"http:\/\/site.astrofoto.com.pt\/welcome\/wp-content\/uploads\/2020\/08\/TSmalaOculares.jpg\"><img fetchpriority=\"high\" decoding=\"async\" class=\"alignleft size-medium wp-image-5282\" src=\"http:\/\/site.astrofoto.com.pt\/welcome\/wp-content\/uploads\/2020\/08\/TSmalaOculares-300x250.jpg\" alt=\"\" width=\"300\" height=\"250\" srcset=\"https:\/\/site.astrofoto.com.pt\/welcome\/wp-content\/uploads\/2020\/08\/TSmalaOculares-300x250.jpg 300w, https:\/\/site.astrofoto.com.pt\/welcome\/wp-content\/uploads\/2020\/08\/TSmalaOculares-150x125.jpg 150w, https:\/\/site.astrofoto.com.pt\/welcome\/wp-content\/uploads\/2020\/08\/TSmalaOculares.jpg 360w\" sizes=\"(max-width: 300px) 100vw, 300px\" \/><\/a><strong>Mala de Oculares e filtros TS optics<\/strong><\/p>\n<p>&#x2666; 4 oculares de 1.25&#8243;<br \/>\n\u2022 <strong>TS 15mm WideAngle 70\u00ba<br \/>\n<\/strong>\u2022 PL32mm<br \/>\n\u2022 PL 9mm<br \/>\n\u2022 PL6mm<br \/>\n&#x2666; Barlow 2x com rosca T 1.25&#8243;<br \/>\n&#x2666; 5 filtros planet\u00e1rios 1.25&#8243;<br \/>\n&#x2666; Filtro de densidade neutra ND6 1.25&#8243; (lua e planetas)<br \/>\n&#x2666; Adaptador de c\u00e2mara a T para proje\u00e7\u00e3o de ocular<br \/>\n&#x2666; Mala de alum\u00ednio<\/p>\n","protected":false},"excerpt":{"rendered":"<p>Mala de Oculares e filtros TS optics &#x2666; 4 oculares de 1.25&#8243; \u2022 TS 15mm WideAngle 70\u00ba \u2022 PL32mm \u2022 PL 9mm \u2022 PL6mm &#x2666; Barlow 2x com rosca T 1.25&#8243; &#x2666; 5 filtros planet\u00e1rios 1.25&#8243; &#x2666; Filtro de densidade neutra ND6 1.25&#8243; (lua e planetas) &#x2666; Adaptador de c\u00e2mara a T para proje\u00e7\u00e3o de<\/p>\n<div class=\"more-link\">\n\t\t\t\t <a href=\"https:\/\/site.astrofoto.com.pt\/welcome\/produto\/mala-de-oculares-e-filtros-tsoptics\/\" class=\"btn theme-btn inverted\"><span>Continuar a Ler <\/span><\/a>\n\t\t\t<\/div>\n","protected":false},"featured_media":5282,"comment_status":"closed","ping_status":"closed","template":"","meta":[],"product_brand":[],"product_cat":[51,80,23],"product_tag":[],"class_list":{"0":"post-5281","1":"product","2":"type-product","3":"status-publish","4":"has-post-thumbnail","6":"product_cat-acessorios-para-telescopios","7":"product_cat-filtros","8":"product_cat-oculares","10":"first","11":"onbackorder","12":"shipping-taxable","13":"purchasable","14":"product-type-simple"},"_links":{"self":[{"href":"https:\/\/site.astrofoto.com.pt\/welcome\/wp-json\/wp\/v2\/product\/5281","targetHints":{"allow":["GET"]}}],"collection":[{"href":"https:\/\/site.astrofoto.com.pt\/welcome\/wp-json\/wp\/v2\/product"}],"about":[{"href":"https:\/\/site.astrofoto.com.pt\/welcome\/wp-json\/wp\/v2\/types\/product"}],"replies":[{"embeddable":true,"href":"https:\/\/site.astrofoto.com.pt\/welcome\/wp-json\/wp\/v2\/comments?post=5281"}],"wp:featuredmedia":[{"embeddable":true,"href":"https:\/\/site.astrofoto.com.pt\/welcome\/wp-json\/wp\/v2\/media\/5282"}],"wp:attachment":[{"href":"https:\/\/site.astrofoto.com.pt\/welcome\/wp-json\/wp\/v2\/media?parent=5281"}],"wp:term":[{"taxonomy":"product_brand","embeddable":true,"href":"https:\/\/site.astrofoto.com.pt\/welcome\/wp-json\/wp\/v2\/product_brand?post=5281"},{"taxonomy":"product_cat","embeddable":true,"href":"https:\/\/site.astrofoto.com.pt\/welcome\/wp-json\/wp\/v2\/product_cat?post=5281"},{"taxonomy":"product_tag","embeddable":true,"href":"https:\/\/site.astrofoto.com.pt\/welcome\/wp-json\/wp\/v2\/product_tag?post=5281"}],"curies":[{"name":"wp","href":"https:\/\/api.w.org\/{rel}","templated":true}]}}