{"id":5130,"date":"2020-07-09T15:37:51","date_gmt":"2020-07-09T15:37:51","guid":{"rendered":"http:\/\/site.astrofoto.com.pt\/welcome\/?post_type=product&#038;p=5130"},"modified":"2024-05-08T17:17:54","modified_gmt":"2024-05-08T17:17:54","slug":"camara-touptek-g3m-224-c-cor","status":"publish","type":"product","link":"https:\/\/site.astrofoto.com.pt\/welcome\/produto\/camara-touptek-g3m-224-c-cor\/","title":{"rendered":"Camara ToupTek G3M-224-C Cor"},"content":{"rendered":"<p><a href=\"http:\/\/site.astrofoto.com.pt\/welcome\/wp-content\/uploads\/2020\/07\/ToupTek-Camera-G3M-224-C-Color.jpg\"><img fetchpriority=\"high\" decoding=\"async\" class=\"alignleft size-medium wp-image-5131\" src=\"http:\/\/site.astrofoto.com.pt\/welcome\/wp-content\/uploads\/2020\/07\/ToupTek-Camera-G3M-224-C-Color-300x300.jpg\" alt=\"\" width=\"300\" height=\"300\" srcset=\"https:\/\/site.astrofoto.com.pt\/welcome\/wp-content\/uploads\/2020\/07\/ToupTek-Camera-G3M-224-C-Color.jpg 300w, https:\/\/site.astrofoto.com.pt\/welcome\/wp-content\/uploads\/2020\/07\/ToupTek-Camera-G3M-224-C-Color-100x100.jpg 100w, https:\/\/site.astrofoto.com.pt\/welcome\/wp-content\/uploads\/2020\/07\/ToupTek-Camera-G3M-224-C-Color-150x150.jpg 150w\" sizes=\"(max-width: 300px) 100vw, 300px\" \/><\/a><strong>Camara ToupTek G3M-224-C Cor<\/strong><\/p>\n<p>\u2022Sensor: CMOS Chip (Sony IMX224)<br \/>\n\u2022Tamanho do chip: 4,8mm x 3,6mm<br \/>\n\u2022Megapixeis: 1,2<br \/>\n\u2022Tamanho do pixel: 3,75<br \/>\n\u2022Camara a cores<br \/>\n\u2022Resolu\u00e7\u00e3o: 1280 x 960 pixeis<br \/>\n\u2022Bit: 12Bit<br \/>\n\u2022Exposi\u00e7\u00e3o minima 244\u00b5<br \/>\n\u2022Exposi\u00e7\u00e3o maxima 16m<br \/>\n\u2022Alimenta\u00e7\u00e3o por USB 3.0<br \/>\n\u2022Interfaces USB 3.0<br \/>\n\u2022Adequada a autoguider<br \/>\n\u2022Sistemas admitidos: Windows, Linux, Mac OSX<br \/>\n\u2022Liga\u00e7\u00e3o ao telescopio: 1.25&#8243;<br \/>\n\u2022Imagens\/segundo 150 (em full resolution)<br \/>\n\u2022Temperatura de opera\u00e7\u00e3o -10\u00b0C a +50\u00b0C\/30-80% RH<br \/>\n\u2022Chip &#8211; Diagonal: 6mm<br \/>\n\u2022Peso: 70gr<br \/>\n\u2022Largura: 37mm<br \/>\n\u2022Comprimento: 72mm<br \/>\n\u25baAplica\u00e7\u00f5es a<br \/>\nAutoguider<br \/>\nLua e planetas<\/p>\n<ul>\n<li>Imagem em tempo real<\/li>\n<li>Defini\u00e7\u00f5es de exposi\u00e7\u00e3o<\/li>\n<li>Histograma<\/li>\n<li>Fun\u00e7\u00e3o de aquisi\u00e7\u00e3o de imagem e video<\/li>\n<li>Subtra\u00e7\u00e3o de Dars automatica<\/li>\n<li>Time-lapse<\/li>\n<li>Processamento de imagens (stacking)<\/li>\n<\/ul>\n<p>\u25ba Software: <a href=\"http:\/\/www.mediafire.com\/file\/fo147fpp74r139s\/TOUPTEK_DRIVERS20180831.zip\/file\">Touptek<\/a><br \/>\n\u25ba Software: <a href=\"http:\/\/openphdguiding.org\/downloads\/\">PHD<\/a><\/p>\n","protected":false},"excerpt":{"rendered":"<p>Camara ToupTek G3M-224-C Cor \u2022Sensor: CMOS Chip (Sony IMX224) \u2022Tamanho do chip: 4,8mm x 3,6mm \u2022Megapixeis: 1,2 \u2022Tamanho do pixel: 3,75 \u2022Camara a cores \u2022Resolu\u00e7\u00e3o: 1280 x 960 pixeis \u2022Bit: 12Bit \u2022Exposi\u00e7\u00e3o minima 244\u00b5 \u2022Exposi\u00e7\u00e3o maxima 16m \u2022Alimenta\u00e7\u00e3o por USB 3.0 \u2022Interfaces USB 3.0 \u2022Adequada a autoguider \u2022Sistemas admitidos: Windows, Linux, Mac OSX \u2022Liga\u00e7\u00e3o ao<\/p>\n<div class=\"more-link\">\n\t\t\t\t <a href=\"https:\/\/site.astrofoto.com.pt\/welcome\/produto\/camara-touptek-g3m-224-c-cor\/\" class=\"btn theme-btn inverted\"><span>Continuar a Ler <\/span><\/a>\n\t\t\t<\/div>\n","protected":false},"featured_media":5131,"comment_status":"closed","ping_status":"closed","template":"","meta":[],"product_brand":[],"product_cat":[24],"product_tag":[],"class_list":{"0":"post-5130","1":"product","2":"type-product","3":"status-publish","4":"has-post-thumbnail","6":"product_cat-fotografia-astronomica","8":"first","9":"outofstock","10":"shipping-taxable","11":"purchasable","12":"product-type-simple"},"_links":{"self":[{"href":"https:\/\/site.astrofoto.com.pt\/welcome\/wp-json\/wp\/v2\/product\/5130","targetHints":{"allow":["GET"]}}],"collection":[{"href":"https:\/\/site.astrofoto.com.pt\/welcome\/wp-json\/wp\/v2\/product"}],"about":[{"href":"https:\/\/site.astrofoto.com.pt\/welcome\/wp-json\/wp\/v2\/types\/product"}],"replies":[{"embeddable":true,"href":"https:\/\/site.astrofoto.com.pt\/welcome\/wp-json\/wp\/v2\/comments?post=5130"}],"wp:featuredmedia":[{"embeddable":true,"href":"https:\/\/site.astrofoto.com.pt\/welcome\/wp-json\/wp\/v2\/media\/5131"}],"wp:attachment":[{"href":"https:\/\/site.astrofoto.com.pt\/welcome\/wp-json\/wp\/v2\/media?parent=5130"}],"wp:term":[{"taxonomy":"product_brand","embeddable":true,"href":"https:\/\/site.astrofoto.com.pt\/welcome\/wp-json\/wp\/v2\/product_brand?post=5130"},{"taxonomy":"product_cat","embeddable":true,"href":"https:\/\/site.astrofoto.com.pt\/welcome\/wp-json\/wp\/v2\/product_cat?post=5130"},{"taxonomy":"product_tag","embeddable":true,"href":"https:\/\/site.astrofoto.com.pt\/welcome\/wp-json\/wp\/v2\/product_tag?post=5130"}],"curies":[{"name":"wp","href":"https:\/\/api.w.org\/{rel}","templated":true}]}}