{"id":5107,"date":"2020-06-29T16:16:38","date_gmt":"2020-06-29T16:16:38","guid":{"rendered":"http:\/\/site.astrofoto.com.pt\/welcome\/?post_type=product&#038;p=5107"},"modified":"2020-06-29T16:19:08","modified_gmt":"2020-06-29T16:19:08","slug":"buscador-tsoptics-9x50-angulo-recto","status":"publish","type":"product","link":"https:\/\/site.astrofoto.com.pt\/welcome\/produto\/buscador-tsoptics-9x50-angulo-recto\/","title":{"rendered":"Buscador TSoptics 9&#215;50 angulo recto"},"content":{"rendered":"<p><a href=\"http:\/\/site.astrofoto.com.pt\/welcome\/wp-content\/uploads\/2020\/06\/TSbusc9x50ang.jpg\"><img fetchpriority=\"high\" decoding=\"async\" class=\"alignleft size-medium wp-image-5108\" src=\"http:\/\/site.astrofoto.com.pt\/welcome\/wp-content\/uploads\/2020\/06\/TSbusc9x50ang-300x250.jpg\" alt=\"\" width=\"300\" height=\"250\" srcset=\"https:\/\/site.astrofoto.com.pt\/welcome\/wp-content\/uploads\/2020\/06\/TSbusc9x50ang-300x250.jpg 300w, https:\/\/site.astrofoto.com.pt\/welcome\/wp-content\/uploads\/2020\/06\/TSbusc9x50ang-150x125.jpg 150w, https:\/\/site.astrofoto.com.pt\/welcome\/wp-content\/uploads\/2020\/06\/TSbusc9x50ang.jpg 360w\" sizes=\"(max-width: 300px) 100vw, 300px\" \/><\/a><strong>Buscador TSoptics 9&#215;50 angulo recto<\/strong><\/p>\n<p>&#x2666; Todo em metal pra garantir estabilidade<br \/>\n&#x2666; Lentes acromaticas 2 elementos multicoated<br \/>\n&#x2666; Focadsor rotativo helicoidal para ocular 1.25&#8243;<br \/>\n&#x2666; Fixa\u00e7\u00e3o por anel de compress\u00e3o<br \/>\n&#x2666; Imagem real por prisma a 90\u00ba<br \/>\n&#x2666; Rota\u00e7\u00e3o possivel para vis\u00e3o c\u00f3moda<br \/>\n&#x2666; Parafusos met\u00e1licos com nylon nos aneis para n\u00e3o danificar o tubo<br \/>\n&#x2666; Suporte para sapata universal Vixen\/Skywatcher\/ Celestron\/ GSO&#8230;<\/p>\n","protected":false},"excerpt":{"rendered":"<p>Buscador TSoptics 9&#215;50 angulo recto &#x2666; Todo em metal pra garantir estabilidade &#x2666; Lentes acromaticas 2 elementos multicoated &#x2666; Focadsor rotativo helicoidal para ocular 1.25&#8243; &#x2666; Fixa\u00e7\u00e3o por anel de compress\u00e3o &#x2666; Imagem real por prisma a 90\u00ba &#x2666; Rota\u00e7\u00e3o possivel para vis\u00e3o c\u00f3moda &#x2666; Parafusos met\u00e1licos com nylon nos aneis para n\u00e3o danificar o<\/p>\n<div class=\"more-link\">\n\t\t\t\t <a href=\"https:\/\/site.astrofoto.com.pt\/welcome\/produto\/buscador-tsoptics-9x50-angulo-recto\/\" class=\"btn theme-btn inverted\"><span>Continuar a Ler <\/span><\/a>\n\t\t\t<\/div>\n","protected":false},"featured_media":5108,"comment_status":"closed","ping_status":"closed","template":"","meta":[],"product_brand":[],"product_cat":[51],"product_tag":[],"class_list":{"0":"post-5107","1":"product","2":"type-product","3":"status-publish","4":"has-post-thumbnail","6":"product_cat-acessorios-para-telescopios","8":"first","9":"onbackorder","10":"shipping-taxable","11":"purchasable","12":"product-type-simple"},"_links":{"self":[{"href":"https:\/\/site.astrofoto.com.pt\/welcome\/wp-json\/wp\/v2\/product\/5107","targetHints":{"allow":["GET"]}}],"collection":[{"href":"https:\/\/site.astrofoto.com.pt\/welcome\/wp-json\/wp\/v2\/product"}],"about":[{"href":"https:\/\/site.astrofoto.com.pt\/welcome\/wp-json\/wp\/v2\/types\/product"}],"replies":[{"embeddable":true,"href":"https:\/\/site.astrofoto.com.pt\/welcome\/wp-json\/wp\/v2\/comments?post=5107"}],"wp:featuredmedia":[{"embeddable":true,"href":"https:\/\/site.astrofoto.com.pt\/welcome\/wp-json\/wp\/v2\/media\/5108"}],"wp:attachment":[{"href":"https:\/\/site.astrofoto.com.pt\/welcome\/wp-json\/wp\/v2\/media?parent=5107"}],"wp:term":[{"taxonomy":"product_brand","embeddable":true,"href":"https:\/\/site.astrofoto.com.pt\/welcome\/wp-json\/wp\/v2\/product_brand?post=5107"},{"taxonomy":"product_cat","embeddable":true,"href":"https:\/\/site.astrofoto.com.pt\/welcome\/wp-json\/wp\/v2\/product_cat?post=5107"},{"taxonomy":"product_tag","embeddable":true,"href":"https:\/\/site.astrofoto.com.pt\/welcome\/wp-json\/wp\/v2\/product_tag?post=5107"}],"curies":[{"name":"wp","href":"https:\/\/api.w.org\/{rel}","templated":true}]}}