{"id":5099,"date":"2020-06-26T14:09:06","date_gmt":"2020-06-26T14:09:06","guid":{"rendered":"http:\/\/site.astrofoto.com.pt\/welcome\/?post_type=product&#038;p=5099"},"modified":"2025-05-01T21:01:14","modified_gmt":"2025-05-01T21:01:14","slug":"dobson-gso-8-de-luxe","status":"publish","type":"product","link":"https:\/\/site.astrofoto.com.pt\/welcome\/produto\/dobson-gso-8-de-luxe\/","title":{"rendered":"Dobson GSO 8&#8243; de luxe"},"content":{"rendered":"<p><strong>Dobson GSO 8&#8243; de luxe<\/strong><\/p>\n<p>\u2022 Abertura: 203mm<br \/>\n\u2022 Distancia Focal: 1200<br \/>\n\u2022 F\/6<br \/>\n\u2022 Espelho prim\u00e1rio em BK7 diffration limited<br \/>\n\u2022\u00a0Focador\u00a0 Crayford 2\u2033\u00a0dupla velocidade\u00a01:10.<br \/>\n\u2022\u00a0Buscador\u00a08\u00d750 lentes multirevcestidas.<br \/>\n\u2022\u00a0Oculares:\u00a0 ERFLE 30mm 2\u2033\u00a0grande angular + Pl 9mm 1,25\u2033<br \/>\n\u2022\u00a0Montagem Dobson com movimentos suaves e fixa\u00e7\u00e3o especial<br \/>\n\u2022 Rolamentos em placa em azimute<br \/>\n\u2022 Revestimento melhorado com transmiss\u00e3o a 94%<br \/>\n\u2022\u00a0Arrefecimento do prim\u00e1rio por ventoinha 12V<br \/>\n\u2022 Obstru\u00e7\u00e3o do secund\u00e1rio: 25%<br \/>\n\u2022 Diametro do tubo: 230mm<br \/>\n\u2022 Comprimento do tubo: 1150mm<br \/>\n\u2022 Peso do tubo: 9,5kg<br \/>\n\u2022 Dimens\u00f5es da Montagem Dobson: Altura 600mm \/ Diametro 500mm<br \/>\n\u2022 Pedo da montagem Dobson: 11,2 kg<\/p>\n<section class=\"related products\">\n<h2><\/h2>\n<\/section>\n","protected":false},"excerpt":{"rendered":"<p>Dobson GSO 8&#8243; de luxe \u2022 Abertura: 203mm \u2022 Distancia Focal: 1200 \u2022 F\/6 \u2022 Espelho prim\u00e1rio em BK7 diffration limited \u2022\u00a0Focador\u00a0 Crayford 2\u2033\u00a0dupla velocidade\u00a01:10. \u2022\u00a0Buscador\u00a08\u00d750 lentes multirevcestidas. \u2022\u00a0Oculares:\u00a0 ERFLE 30mm 2\u2033\u00a0grande angular + Pl 9mm 1,25\u2033 \u2022\u00a0Montagem Dobson com movimentos suaves e fixa\u00e7\u00e3o especial \u2022 Rolamentos em placa em azimute \u2022 Revestimento melhorado com<\/p>\n<div class=\"more-link\">\n\t\t\t\t <a href=\"https:\/\/site.astrofoto.com.pt\/welcome\/produto\/dobson-gso-8-de-luxe\/\" class=\"btn theme-btn inverted\"><span>Continuar a Ler <\/span><\/a>\n\t\t\t<\/div>\n","protected":false},"featured_media":5103,"comment_status":"closed","ping_status":"closed","template":"","meta":[],"product_brand":[],"product_cat":[15],"product_tag":[],"class_list":{"0":"post-5099","1":"product","2":"type-product","3":"status-publish","4":"has-post-thumbnail","6":"product_cat-telescopios-reflectores","8":"first","9":"onbackorder","10":"shipping-taxable","11":"purchasable","12":"product-type-simple"},"_links":{"self":[{"href":"https:\/\/site.astrofoto.com.pt\/welcome\/wp-json\/wp\/v2\/product\/5099","targetHints":{"allow":["GET"]}}],"collection":[{"href":"https:\/\/site.astrofoto.com.pt\/welcome\/wp-json\/wp\/v2\/product"}],"about":[{"href":"https:\/\/site.astrofoto.com.pt\/welcome\/wp-json\/wp\/v2\/types\/product"}],"replies":[{"embeddable":true,"href":"https:\/\/site.astrofoto.com.pt\/welcome\/wp-json\/wp\/v2\/comments?post=5099"}],"wp:featuredmedia":[{"embeddable":true,"href":"https:\/\/site.astrofoto.com.pt\/welcome\/wp-json\/wp\/v2\/media\/5103"}],"wp:attachment":[{"href":"https:\/\/site.astrofoto.com.pt\/welcome\/wp-json\/wp\/v2\/media?parent=5099"}],"wp:term":[{"taxonomy":"product_brand","embeddable":true,"href":"https:\/\/site.astrofoto.com.pt\/welcome\/wp-json\/wp\/v2\/product_brand?post=5099"},{"taxonomy":"product_cat","embeddable":true,"href":"https:\/\/site.astrofoto.com.pt\/welcome\/wp-json\/wp\/v2\/product_cat?post=5099"},{"taxonomy":"product_tag","embeddable":true,"href":"https:\/\/site.astrofoto.com.pt\/welcome\/wp-json\/wp\/v2\/product_tag?post=5099"}],"curies":[{"name":"wp","href":"https:\/\/api.w.org\/{rel}","templated":true}]}}