{"id":5092,"date":"2020-06-25T13:45:08","date_gmt":"2020-06-25T13:45:08","guid":{"rendered":"http:\/\/site.astrofoto.com.pt\/welcome\/?post_type=product&#038;p=5092"},"modified":"2023-10-19T12:28:12","modified_gmt":"2023-10-19T12:28:12","slug":"motor-sw-starquest","status":"publish","type":"product","link":"https:\/\/site.astrofoto.com.pt\/welcome\/produto\/motor-sw-starquest\/","title":{"rendered":"Motor SkyWatcher StarQuest"},"content":{"rendered":"<p><a href=\"http:\/\/site.astrofoto.com.pt\/welcome\/wp-content\/uploads\/2020\/06\/MotorStarquest.jpg\"><img fetchpriority=\"high\" decoding=\"async\" class=\"alignleft size-medium wp-image-5093\" src=\"http:\/\/site.astrofoto.com.pt\/welcome\/wp-content\/uploads\/2020\/06\/MotorStarquest-295x300.jpg\" alt=\"\" width=\"295\" height=\"300\" srcset=\"https:\/\/site.astrofoto.com.pt\/welcome\/wp-content\/uploads\/2020\/06\/MotorStarquest-295x300.jpg 295w, https:\/\/site.astrofoto.com.pt\/welcome\/wp-content\/uploads\/2020\/06\/MotorStarquest-450x457.jpg 450w, https:\/\/site.astrofoto.com.pt\/welcome\/wp-content\/uploads\/2020\/06\/MotorStarquest-300x305.jpg 300w, https:\/\/site.astrofoto.com.pt\/welcome\/wp-content\/uploads\/2020\/06\/MotorStarquest.jpg 504w\" sizes=\"(max-width: 295px) 100vw, 295px\" \/><\/a><strong>Motor SW StarQuest<\/strong><\/p>\n<p>\u25baMotoriza\u00e7\u00e3o em AR para as montagens StarQuest<\/p>\n<p>\u2022 alimenta\u00e7\u00e3o: 2 baterias 1,5V AA &#8211; LR6 (n\u00e3o incluidas)<br \/>\n\u2022 hemisf\u00e9rio Norte e Sul (comutador)<\/p>\n<p>\u25ba ver no <a href=\"https:\/\/www.youtube.com\/watch?v=Njks1oo4uIo\">youtube<\/a><\/p>\n","protected":false},"excerpt":{"rendered":"<p>Motor SW StarQuest \u25baMotoriza\u00e7\u00e3o em AR para as montagens StarQuest \u2022 alimenta\u00e7\u00e3o: 2 baterias 1,5V AA &#8211; LR6 (n\u00e3o incluidas) \u2022 hemisf\u00e9rio Norte e Sul (comutador) \u25ba ver no youtube<\/p>\n","protected":false},"featured_media":5093,"comment_status":"closed","ping_status":"closed","template":"","meta":[],"product_brand":[],"product_cat":[81,14],"product_tag":[],"class_list":{"0":"post-5092","1":"product","2":"type-product","3":"status-publish","4":"has-post-thumbnail","6":"product_cat-acessorios-de-montagens","7":"product_cat-montagens","9":"first","10":"onbackorder","11":"shipping-taxable","12":"purchasable","13":"product-type-simple"},"_links":{"self":[{"href":"https:\/\/site.astrofoto.com.pt\/welcome\/wp-json\/wp\/v2\/product\/5092","targetHints":{"allow":["GET"]}}],"collection":[{"href":"https:\/\/site.astrofoto.com.pt\/welcome\/wp-json\/wp\/v2\/product"}],"about":[{"href":"https:\/\/site.astrofoto.com.pt\/welcome\/wp-json\/wp\/v2\/types\/product"}],"replies":[{"embeddable":true,"href":"https:\/\/site.astrofoto.com.pt\/welcome\/wp-json\/wp\/v2\/comments?post=5092"}],"wp:featuredmedia":[{"embeddable":true,"href":"https:\/\/site.astrofoto.com.pt\/welcome\/wp-json\/wp\/v2\/media\/5093"}],"wp:attachment":[{"href":"https:\/\/site.astrofoto.com.pt\/welcome\/wp-json\/wp\/v2\/media?parent=5092"}],"wp:term":[{"taxonomy":"product_brand","embeddable":true,"href":"https:\/\/site.astrofoto.com.pt\/welcome\/wp-json\/wp\/v2\/product_brand?post=5092"},{"taxonomy":"product_cat","embeddable":true,"href":"https:\/\/site.astrofoto.com.pt\/welcome\/wp-json\/wp\/v2\/product_cat?post=5092"},{"taxonomy":"product_tag","embeddable":true,"href":"https:\/\/site.astrofoto.com.pt\/welcome\/wp-json\/wp\/v2\/product_tag?post=5092"}],"curies":[{"name":"wp","href":"https:\/\/api.w.org\/{rel}","templated":true}]}}