{"id":5030,"date":"2020-06-09T10:48:36","date_gmt":"2020-06-09T10:48:36","guid":{"rendered":"http:\/\/site.astrofoto.com.pt\/welcome\/?post_type=product&#038;p=5030"},"modified":"2024-06-10T12:16:55","modified_gmt":"2024-06-10T12:16:55","slug":"telescopio-newton-sky-watcher-150-750-eq3-2-motor","status":"publish","type":"product","link":"https:\/\/site.astrofoto.com.pt\/welcome\/produto\/telescopio-newton-sky-watcher-150-750-eq3-2-motor\/","title":{"rendered":"Telesc\u00f3pio Newton Sky-Watcher 150\/750 EQ3-2 MOTOR"},"content":{"rendered":"<p><a href=\"http:\/\/site.astrofoto.com.pt\/welcome\/wp-content\/uploads\/2016\/11\/SW002.jpg\"><img fetchpriority=\"high\" decoding=\"async\" class=\"alignleft size-medium wp-image-1834\" src=\"http:\/\/site.astrofoto.com.pt\/welcome\/wp-content\/uploads\/2016\/11\/SW002-300x300.jpg\" alt=\"sw002\" width=\"300\" height=\"300\" srcset=\"https:\/\/site.astrofoto.com.pt\/welcome\/wp-content\/uploads\/2016\/11\/SW002-300x300.jpg 300w, https:\/\/site.astrofoto.com.pt\/welcome\/wp-content\/uploads\/2016\/11\/SW002-100x100.jpg 100w, https:\/\/site.astrofoto.com.pt\/welcome\/wp-content\/uploads\/2016\/11\/SW002-150x150.jpg 150w, https:\/\/site.astrofoto.com.pt\/welcome\/wp-content\/uploads\/2016\/11\/SW002.jpg 330w\" sizes=\"(max-width: 300px) 100vw, 300px\" \/><\/a><strong> Telesc\u00f3pio Newton SkyWatcher 150\/750 EQ3-2 motor<\/strong><br \/>\n\u2022Tubo \u00d3ptico\u00a0\u00a0 \u00a0Alum\u00ednio<br \/>\n\u2022Com dovetail e an\u00e9is de fixa\u00e7\u00e3o<br \/>\n\u2022Dist\u00e2ncia Focal: 750mm<br \/>\n\u2022Espelho: Parab\u00f3lico<br \/>\n\u2022Poder de resolu\u00e7\u00e3o: 0.8&#8243;<br \/>\n\u2022Magnitude limite: 13.5<br \/>\n\u2022Focador:\u00a0 Crayford 50.8\/31.75 Sky-Watcher<br \/>\n\u2022Dimens\u00f5es: 18,2cm x 69cm<br \/>\n\u2022Montagem equatorial alem\u00e3 EQ3-2<br \/>\n\u2022Motorizada nos 2 eixos<br \/>\n\u25baAlimenta\u00e7\u00e3o: <strong>6V<\/strong> (cx para pilhas fornecida)<br \/>\n\u2022Capacidade de carga: \u00a0\u00a0 5kg<br \/>\n\u20222 Contra Pesos fornecidos : 3,5kg et 1,5kg<br \/>\n\u2022Trip\u00e9 em alum\u00ednio regul\u00e1vel em altura (71cm a 123cm)<br \/>\n\u2022Oculares : Super 10 e 25mm<br \/>\n\u2022Buscador 6&#215;30<br \/>\n\u2022Rosca T<br \/>\n\u2022Peso dos elementos<br \/>\n-Montagem : 6kg<br \/>\n-Trip\u00e9 : 2,8kg<br \/>\n-Tubo: 4,9kg<\/p>\n","protected":false},"excerpt":{"rendered":"<p>Telesc\u00f3pio Newton SkyWatcher 150\/750 EQ3-2 motor \u2022Tubo \u00d3ptico\u00a0\u00a0 \u00a0Alum\u00ednio \u2022Com dovetail e an\u00e9is de fixa\u00e7\u00e3o \u2022Dist\u00e2ncia Focal: 750mm \u2022Espelho: Parab\u00f3lico \u2022Poder de resolu\u00e7\u00e3o: 0.8&#8243; \u2022Magnitude limite: 13.5 \u2022Focador:\u00a0 Crayford 50.8\/31.75 Sky-Watcher \u2022Dimens\u00f5es: 18,2cm x 69cm \u2022Montagem equatorial alem\u00e3 EQ3-2 \u2022Motorizada nos 2 eixos \u25baAlimenta\u00e7\u00e3o: 6V (cx para pilhas fornecida) \u2022Capacidade de carga: \u00a0\u00a0 5kg \u20222<\/p>\n<div class=\"more-link\">\n\t\t\t\t <a href=\"https:\/\/site.astrofoto.com.pt\/welcome\/produto\/telescopio-newton-sky-watcher-150-750-eq3-2-motor\/\" class=\"btn theme-btn inverted\"><span>Continuar a Ler <\/span><\/a>\n\t\t\t<\/div>\n","protected":false},"featured_media":1834,"comment_status":"open","ping_status":"closed","template":"","meta":[],"product_brand":[],"product_cat":[92,15],"product_tag":[],"class_list":{"0":"post-5030","1":"product","2":"type-product","3":"status-publish","4":"has-post-thumbnail","6":"product_cat-swpromo","7":"product_cat-telescopios-reflectores","9":"first","10":"onbackorder","11":"sale","12":"shipping-taxable","13":"purchasable","14":"product-type-simple"},"_links":{"self":[{"href":"https:\/\/site.astrofoto.com.pt\/welcome\/wp-json\/wp\/v2\/product\/5030","targetHints":{"allow":["GET"]}}],"collection":[{"href":"https:\/\/site.astrofoto.com.pt\/welcome\/wp-json\/wp\/v2\/product"}],"about":[{"href":"https:\/\/site.astrofoto.com.pt\/welcome\/wp-json\/wp\/v2\/types\/product"}],"replies":[{"embeddable":true,"href":"https:\/\/site.astrofoto.com.pt\/welcome\/wp-json\/wp\/v2\/comments?post=5030"}],"wp:featuredmedia":[{"embeddable":true,"href":"https:\/\/site.astrofoto.com.pt\/welcome\/wp-json\/wp\/v2\/media\/1834"}],"wp:attachment":[{"href":"https:\/\/site.astrofoto.com.pt\/welcome\/wp-json\/wp\/v2\/media?parent=5030"}],"wp:term":[{"taxonomy":"product_brand","embeddable":true,"href":"https:\/\/site.astrofoto.com.pt\/welcome\/wp-json\/wp\/v2\/product_brand?post=5030"},{"taxonomy":"product_cat","embeddable":true,"href":"https:\/\/site.astrofoto.com.pt\/welcome\/wp-json\/wp\/v2\/product_cat?post=5030"},{"taxonomy":"product_tag","embeddable":true,"href":"https:\/\/site.astrofoto.com.pt\/welcome\/wp-json\/wp\/v2\/product_tag?post=5030"}],"curies":[{"name":"wp","href":"https:\/\/api.w.org\/{rel}","templated":true}]}}