{"id":5013,"date":"2020-06-05T12:09:31","date_gmt":"2020-06-05T12:09:31","guid":{"rendered":"http:\/\/site.astrofoto.com.pt\/welcome\/?post_type=product&#038;p=5013"},"modified":"2021-10-09T12:32:45","modified_gmt":"2021-10-09T12:32:45","slug":"camara-watec-wat-910hx-rc","status":"publish","type":"product","link":"https:\/\/site.astrofoto.com.pt\/welcome\/produto\/camara-watec-wat-910hx-rc\/","title":{"rendered":"C\u00e2mara Watec WAT-910HX-RC"},"content":{"rendered":"<p><a href=\"http:\/\/site.astrofoto.com.pt\/welcome\/wp-content\/uploads\/2020\/06\/Watec01.jpg\"><img fetchpriority=\"high\" decoding=\"async\" class=\"alignleft size-medium wp-image-5017\" src=\"http:\/\/site.astrofoto.com.pt\/welcome\/wp-content\/uploads\/2020\/06\/Watec01-300x300.jpg\" alt=\"\" width=\"300\" height=\"300\" srcset=\"https:\/\/site.astrofoto.com.pt\/welcome\/wp-content\/uploads\/2020\/06\/Watec01.jpg 300w, https:\/\/site.astrofoto.com.pt\/welcome\/wp-content\/uploads\/2020\/06\/Watec01-100x100.jpg 100w, https:\/\/site.astrofoto.com.pt\/welcome\/wp-content\/uploads\/2020\/06\/Watec01-150x150.jpg 150w\" sizes=\"(max-width: 300px) 100vw, 300px\" \/><\/a><strong>C\u00e2mara Watec WAT-910HX-RC<\/strong><\/p>\n<p>\u25baC\u00e2mara monocrom\u00e1tica de alt\u00edssima sensibilidade para v\u00eddeos de astronomia. Sensibilidade 0,00002 lux com tempo m\u00e1ximo de exposi\u00e7\u00e3o de 10,24 seg. e 256 frames (CCIR). Disparador de 15 posi\u00e7\u00f5es, resolu\u00e7\u00e3o de 570 linhas de TV, controle separado para todos os ajustes.<\/p>\n<p>&#x2666; Integra\u00e7\u00e3o de frames &#8211; disparador lento<br \/>\n&#x2666; Altissima sensibilidade \u00e0 luz fraca<br \/>\n&#x2666; Grande variedade de velocidades de disparo<br \/>\n&#x2666; Control\u00e1vel por comando separado<br \/>\n&#x2666; Alta resolu\u00e7\u00e3o vertical<br \/>\n&#x2666; Imagem parada (em pausa)<br \/>\n&#x2666; Velocidade do disparador control\u00e1vel<br \/>\n&#x2666; Controle manual do ganho<br \/>\n&#x2666; Correc\u00e7\u00e3o de gamma manual e autom\u00e1tico<\/p>\n<p>\u2022Tipo de sensor Chip CCD<br \/>\n\u2022Megapixeis: 0,4<br \/>\n\u2022Sensibilidade \u00e0 luz: 0,000005lux<br \/>\n\u2022Rela\u00e7\u00e3o sinal e ru\u00eddo 52dB<br \/>\n\u2022Tempo de exposi\u00e7\u00e3o m\u00e1xima 10seg<br \/>\n\u2022Tempo de exposi\u00e7\u00e3o minimo: 0,04<br \/>\n\u2022Temperatura de funcionamento -10\u00ba a 50\u00ba<br \/>\n\u2022Alimenta\u00e7\u00e3o de energia 12V<br \/>\n\u2022Consumo energia\u00a0 115mA<br \/>\n\u2022Liga\u00e7\u00e3o (lado do telesc\u00f3pio) C-Mount<br \/>\n\u2022Resolu\u00e7\u00e3o de Video: 752&#215;582<br \/>\n\u2022Formato de video\u00a0 Video composto<br \/>\n\u2022Comprimento 45,5mm<br \/>\n\u2022Largura 34mm<br \/>\n\u2022Altura 34mm<br \/>\n\u2022Peso\u00a0 85gr<br \/>\n\u2022Cor preto<\/p>\n","protected":false},"excerpt":{"rendered":"<p>C\u00e2mara Watec WAT-910HX-RC \u25baC\u00e2mara monocrom\u00e1tica de alt\u00edssima sensibilidade para v\u00eddeos de astronomia. Sensibilidade 0,00002 lux com tempo m\u00e1ximo de exposi\u00e7\u00e3o de 10,24 seg. e 256 frames (CCIR). Disparador de 15 posi\u00e7\u00f5es, resolu\u00e7\u00e3o de 570 linhas de TV, controle separado para todos os ajustes. &#x2666; Integra\u00e7\u00e3o de frames &#8211; disparador lento &#x2666; Altissima sensibilidade \u00e0 luz<\/p>\n<div class=\"more-link\">\n\t\t\t\t <a href=\"https:\/\/site.astrofoto.com.pt\/welcome\/produto\/camara-watec-wat-910hx-rc\/\" class=\"btn theme-btn inverted\"><span>Continuar a Ler <\/span><\/a>\n\t\t\t<\/div>\n","protected":false},"featured_media":5017,"comment_status":"closed","ping_status":"closed","template":"","meta":[],"product_brand":[],"product_cat":[24],"product_tag":[],"class_list":{"0":"post-5013","1":"product","2":"type-product","3":"status-publish","4":"has-post-thumbnail","6":"product_cat-fotografia-astronomica","8":"first","9":"outofstock","10":"shipping-taxable","11":"purchasable","12":"product-type-simple"},"_links":{"self":[{"href":"https:\/\/site.astrofoto.com.pt\/welcome\/wp-json\/wp\/v2\/product\/5013","targetHints":{"allow":["GET"]}}],"collection":[{"href":"https:\/\/site.astrofoto.com.pt\/welcome\/wp-json\/wp\/v2\/product"}],"about":[{"href":"https:\/\/site.astrofoto.com.pt\/welcome\/wp-json\/wp\/v2\/types\/product"}],"replies":[{"embeddable":true,"href":"https:\/\/site.astrofoto.com.pt\/welcome\/wp-json\/wp\/v2\/comments?post=5013"}],"wp:featuredmedia":[{"embeddable":true,"href":"https:\/\/site.astrofoto.com.pt\/welcome\/wp-json\/wp\/v2\/media\/5017"}],"wp:attachment":[{"href":"https:\/\/site.astrofoto.com.pt\/welcome\/wp-json\/wp\/v2\/media?parent=5013"}],"wp:term":[{"taxonomy":"product_brand","embeddable":true,"href":"https:\/\/site.astrofoto.com.pt\/welcome\/wp-json\/wp\/v2\/product_brand?post=5013"},{"taxonomy":"product_cat","embeddable":true,"href":"https:\/\/site.astrofoto.com.pt\/welcome\/wp-json\/wp\/v2\/product_cat?post=5013"},{"taxonomy":"product_tag","embeddable":true,"href":"https:\/\/site.astrofoto.com.pt\/welcome\/wp-json\/wp\/v2\/product_tag?post=5013"}],"curies":[{"name":"wp","href":"https:\/\/api.w.org\/{rel}","templated":true}]}}