{"id":4971,"date":"2020-05-18T20:44:53","date_gmt":"2020-05-18T20:44:53","guid":{"rendered":"http:\/\/site.astrofoto.com.pt\/welcome\/?post_type=product&#038;p=4971"},"modified":"2020-05-18T20:46:07","modified_gmt":"2020-05-18T20:46:07","slug":"redutor-de-focal-gso-0-75x-para-rc-o-2","status":"publish","type":"product","link":"https:\/\/site.astrofoto.com.pt\/welcome\/produto\/redutor-de-focal-gso-0-75x-para-rc-o-2\/","title":{"rendered":"Redutor de focal GSO 0.75x para RC \u00d8 2&#8243;"},"content":{"rendered":"<p><a href=\"http:\/\/site.astrofoto.com.pt\/welcome\/wp-content\/uploads\/2020\/05\/GSOredutor75x.jpg\"><img fetchpriority=\"high\" decoding=\"async\" class=\"alignleft size-medium wp-image-4973\" src=\"http:\/\/site.astrofoto.com.pt\/welcome\/wp-content\/uploads\/2020\/05\/GSOredutor75x-300x300.jpg\" alt=\"\" width=\"300\" height=\"300\" srcset=\"https:\/\/site.astrofoto.com.pt\/welcome\/wp-content\/uploads\/2020\/05\/GSOredutor75x-300x300.jpg 300w, https:\/\/site.astrofoto.com.pt\/welcome\/wp-content\/uploads\/2020\/05\/GSOredutor75x-450x450.jpg 450w, https:\/\/site.astrofoto.com.pt\/welcome\/wp-content\/uploads\/2020\/05\/GSOredutor75x-100x100.jpg 100w, https:\/\/site.astrofoto.com.pt\/welcome\/wp-content\/uploads\/2020\/05\/GSOredutor75x-150x150.jpg 150w, https:\/\/site.astrofoto.com.pt\/welcome\/wp-content\/uploads\/2020\/05\/GSOredutor75x.jpg 600w\" sizes=\"(max-width: 300px) 100vw, 300px\" \/><\/a><strong>Redutor de focal GSO 0.75x para RC \u00d8 2&#8243;<\/strong><\/p>\n<p>\u2022Redutor de focal de 2&#8243; para telescopios RC de GSO.<br \/>\n\u2022Ideal para fotograf\u00eda, com un factor de redu\u00e7\u00e3o de 0.75x.<br \/>\n\u2022Aumento do campo de vis\u00e3o em factor de 1.25x.<br \/>\n\u2022Saida de 2&#8243; e rosca T para acoplar c\u00e2maras DSLR e CCD.<br \/>\n\u2022Bom co,plemento para os OTAS RC da GSO, com bom resultado na\u00a0 rapidez e amplitude do campo de vis\u00e3o.<br \/>\n\u2022Componente perfeito para fotograf\u00eda com tubos RC ou similares com rela\u00e7\u00f5es focais de f\/8.<\/p>\n","protected":false},"excerpt":{"rendered":"<p>Redutor de focal GSO 0.75x para RC \u00d8 2&#8243; \u2022Redutor de focal de 2&#8243; para telescopios RC de GSO. \u2022Ideal para fotograf\u00eda, com un factor de redu\u00e7\u00e3o de 0.75x. \u2022Aumento do campo de vis\u00e3o em factor de 1.25x. \u2022Saida de 2&#8243; e rosca T para acoplar c\u00e2maras DSLR e CCD. \u2022Bom co,plemento para os OTAS<\/p>\n<div class=\"more-link\">\n\t\t\t\t <a href=\"https:\/\/site.astrofoto.com.pt\/welcome\/produto\/redutor-de-focal-gso-0-75x-para-rc-o-2\/\" class=\"btn theme-btn inverted\"><span>Continuar a Ler <\/span><\/a>\n\t\t\t<\/div>\n","protected":false},"featured_media":4972,"comment_status":"closed","ping_status":"closed","template":"","meta":[],"product_brand":[],"product_cat":[34,24],"product_tag":[],"class_list":{"0":"post-4971","1":"product","2":"type-product","3":"status-publish","4":"has-post-thumbnail","6":"product_cat-acessoriosfotografia","7":"product_cat-fotografia-astronomica","9":"first","10":"onbackorder","11":"shipping-taxable","12":"purchasable","13":"product-type-simple"},"_links":{"self":[{"href":"https:\/\/site.astrofoto.com.pt\/welcome\/wp-json\/wp\/v2\/product\/4971","targetHints":{"allow":["GET"]}}],"collection":[{"href":"https:\/\/site.astrofoto.com.pt\/welcome\/wp-json\/wp\/v2\/product"}],"about":[{"href":"https:\/\/site.astrofoto.com.pt\/welcome\/wp-json\/wp\/v2\/types\/product"}],"replies":[{"embeddable":true,"href":"https:\/\/site.astrofoto.com.pt\/welcome\/wp-json\/wp\/v2\/comments?post=4971"}],"wp:featuredmedia":[{"embeddable":true,"href":"https:\/\/site.astrofoto.com.pt\/welcome\/wp-json\/wp\/v2\/media\/4972"}],"wp:attachment":[{"href":"https:\/\/site.astrofoto.com.pt\/welcome\/wp-json\/wp\/v2\/media?parent=4971"}],"wp:term":[{"taxonomy":"product_brand","embeddable":true,"href":"https:\/\/site.astrofoto.com.pt\/welcome\/wp-json\/wp\/v2\/product_brand?post=4971"},{"taxonomy":"product_cat","embeddable":true,"href":"https:\/\/site.astrofoto.com.pt\/welcome\/wp-json\/wp\/v2\/product_cat?post=4971"},{"taxonomy":"product_tag","embeddable":true,"href":"https:\/\/site.astrofoto.com.pt\/welcome\/wp-json\/wp\/v2\/product_tag?post=4971"}],"curies":[{"name":"wp","href":"https:\/\/api.w.org\/{rel}","templated":true}]}}