{"id":4969,"date":"2020-05-18T19:53:20","date_gmt":"2020-05-18T19:53:20","guid":{"rendered":"http:\/\/site.astrofoto.com.pt\/welcome\/?post_type=product&#038;p=4969"},"modified":"2023-07-27T12:50:15","modified_gmt":"2023-07-27T12:50:15","slug":"redutor-de-focal-ts-optics-0-67x","status":"publish","type":"product","link":"https:\/\/site.astrofoto.com.pt\/welcome\/produto\/redutor-de-focal-ts-optics-0-67x\/","title":{"rendered":"Redutor de Focal TS optics 0.67x CCD47"},"content":{"rendered":"<p><a href=\"http:\/\/site.astrofoto.com.pt\/welcome\/wp-content\/uploads\/2020\/05\/TSccd47-reducer-rc.jpg\"><img fetchpriority=\"high\" decoding=\"async\" class=\"alignleft size-medium wp-image-4970\" src=\"http:\/\/site.astrofoto.com.pt\/welcome\/wp-content\/uploads\/2020\/05\/TSccd47-reducer-rc-300x250.jpg\" alt=\"\" width=\"300\" height=\"250\" srcset=\"https:\/\/site.astrofoto.com.pt\/welcome\/wp-content\/uploads\/2020\/05\/TSccd47-reducer-rc-300x250.jpg 300w, https:\/\/site.astrofoto.com.pt\/welcome\/wp-content\/uploads\/2020\/05\/TSccd47-reducer-rc-150x125.jpg 150w, https:\/\/site.astrofoto.com.pt\/welcome\/wp-content\/uploads\/2020\/05\/TSccd47-reducer-rc.jpg 360w\" sizes=\"(max-width: 300px) 100vw, 300px\" \/><\/a><strong>Redutor de Focal TS optics 0.67x<\/strong><\/p>\n<p>\u2666 Adequado aos telesc\u00f3pios RC. Tamb\u00e9m funciona bem com os telesc\u00f3pios Celestron EHD ou Meade ACF ou com refratores at\u00e9 a raz\u00e3o focal F\/9<br \/>\n\u2666 O campo de vis\u00e3o das c\u00e2maras DSLR at\u00e9 ao formato APS-C \u00e9 iluminado at\u00e9 29 mm<br \/>\n\u2666 F\u00e1cil liga\u00e7\u00e3o ao telesc\u00f3pio: barril de 2 &#8221;<br \/>\n\u2666 A dist\u00e2ncia ideal de trabalho da rosca M48x0,75 at\u00e9 ao sensor da c\u00e2mara \u00e9 de 85 mm &#8211; espa\u00e7o suficiente para acess\u00f3rios como roda do filtro ou off-axis guider<br \/>\n\u2666 Rosca de filtro de 2&#8243; (58mm) no lado do telesc\u00f3pio<\/p>\n<p>\u25baDevido \u00e0 longa dist\u00e2ncia de trabalho pode ser adaptado a todas as c\u00e2maras comuns CCD ou DSLR:<br \/>\n\u2666 C\u00e2mara DSLR &#8211; adapta\u00e7\u00e3o via M48: TSVF230 e, em seguida, o adaptador correspondente de M48 para a c\u00e2mara, como o SKM48-EOS para adaptar a uma Canon EOS<br \/>\n\u2666 c\u00e2maras CCD via anel T2: com dois adaptadores para reduzir de M48 para T2:<br \/>\n\u2022TSFA2 &#8211; adaptador para T2 com 38,2 mm de comprimento.<br \/>\n\u2022TSM48-T2 &#8211; um adaptador curto com apenas 3,5mm de comprimento. Para adapta\u00e7\u00e3o a rodas de filtro ou off-axis guider<\/p>\n","protected":false},"excerpt":{"rendered":"<p>Redutor de Focal TS optics 0.67x \u2666 Adequado aos telesc\u00f3pios RC. Tamb\u00e9m funciona bem com os telesc\u00f3pios Celestron EHD ou Meade ACF ou com refratores at\u00e9 a raz\u00e3o focal F\/9 \u2666 O campo de vis\u00e3o das c\u00e2maras DSLR at\u00e9 ao formato APS-C \u00e9 iluminado at\u00e9 29 mm \u2666 F\u00e1cil liga\u00e7\u00e3o ao telesc\u00f3pio: barril de 2<\/p>\n<div class=\"more-link\">\n\t\t\t\t <a href=\"https:\/\/site.astrofoto.com.pt\/welcome\/produto\/redutor-de-focal-ts-optics-0-67x\/\" class=\"btn theme-btn inverted\"><span>Continuar a Ler <\/span><\/a>\n\t\t\t<\/div>\n","protected":false},"featured_media":4970,"comment_status":"closed","ping_status":"closed","template":"","meta":[],"product_brand":[],"product_cat":[34,24],"product_tag":[],"class_list":{"0":"post-4969","1":"product","2":"type-product","3":"status-publish","4":"has-post-thumbnail","6":"product_cat-acessoriosfotografia","7":"product_cat-fotografia-astronomica","9":"first","10":"onbackorder","11":"shipping-taxable","12":"purchasable","13":"product-type-simple"},"_links":{"self":[{"href":"https:\/\/site.astrofoto.com.pt\/welcome\/wp-json\/wp\/v2\/product\/4969","targetHints":{"allow":["GET"]}}],"collection":[{"href":"https:\/\/site.astrofoto.com.pt\/welcome\/wp-json\/wp\/v2\/product"}],"about":[{"href":"https:\/\/site.astrofoto.com.pt\/welcome\/wp-json\/wp\/v2\/types\/product"}],"replies":[{"embeddable":true,"href":"https:\/\/site.astrofoto.com.pt\/welcome\/wp-json\/wp\/v2\/comments?post=4969"}],"wp:featuredmedia":[{"embeddable":true,"href":"https:\/\/site.astrofoto.com.pt\/welcome\/wp-json\/wp\/v2\/media\/4970"}],"wp:attachment":[{"href":"https:\/\/site.astrofoto.com.pt\/welcome\/wp-json\/wp\/v2\/media?parent=4969"}],"wp:term":[{"taxonomy":"product_brand","embeddable":true,"href":"https:\/\/site.astrofoto.com.pt\/welcome\/wp-json\/wp\/v2\/product_brand?post=4969"},{"taxonomy":"product_cat","embeddable":true,"href":"https:\/\/site.astrofoto.com.pt\/welcome\/wp-json\/wp\/v2\/product_cat?post=4969"},{"taxonomy":"product_tag","embeddable":true,"href":"https:\/\/site.astrofoto.com.pt\/welcome\/wp-json\/wp\/v2\/product_tag?post=4969"}],"curies":[{"name":"wp","href":"https:\/\/api.w.org\/{rel}","templated":true}]}}