{"id":4956,"date":"2020-05-17T17:06:01","date_gmt":"2020-05-17T17:06:01","guid":{"rendered":"http:\/\/site.astrofoto.com.pt\/welcome\/?post_type=product&#038;p=4956"},"modified":"2024-02-06T18:09:26","modified_gmt":"2024-02-06T18:09:26","slug":"camara-zwo-asi-1600pro","status":"publish","type":"product","link":"https:\/\/site.astrofoto.com.pt\/welcome\/produto\/camara-zwo-asi-1600pro\/","title":{"rendered":"C\u00e2mara Zwo ASI 1600 Pro"},"content":{"rendered":"<p><a href=\"http:\/\/site.astrofoto.com.pt\/welcome\/wp-content\/uploads\/2020\/05\/asi4600-pro.jpg\"><img fetchpriority=\"high\" decoding=\"async\" class=\"alignleft size-medium wp-image-4958\" src=\"http:\/\/site.astrofoto.com.pt\/welcome\/wp-content\/uploads\/2020\/05\/asi4600-pro-300x250.jpg\" alt=\"\" width=\"300\" height=\"250\" srcset=\"https:\/\/site.astrofoto.com.pt\/welcome\/wp-content\/uploads\/2020\/05\/asi4600-pro-300x250.jpg 300w, https:\/\/site.astrofoto.com.pt\/welcome\/wp-content\/uploads\/2020\/05\/asi4600-pro-150x125.jpg 150w, https:\/\/site.astrofoto.com.pt\/welcome\/wp-content\/uploads\/2020\/05\/asi4600-pro.jpg 360w\" sizes=\"(max-width: 300px) 100vw, 300px\" \/><\/a><strong>C\u00e2mara Zwo ASI 1600 Pro<\/strong><\/p>\n<p>\u2022Sensor: 4\/3\u0094 CMOS MN34230<br \/>\n\u2022Tamanho do chip:\u00a0 17.7 x 13.4 mm (22.2 mm diagonal)<br \/>\n\u2022Resolu\u00e7\u00e3o: 16 megapixels, 4656 x 3520<br \/>\n\u2022Pixel: 3.8 \u00b5m<br \/>\n\u2022Exposi\u00e7\u00e3o: 32 \u00b5s ate infinito<br \/>\n\u2022Arrefecimento: por Peltier\u00a0 45\u00ba abaixo da temperatura ambiente<br \/>\n\u2022Interface: USB3.0\/USB2.0<br \/>\n\u2022Porta autoguider (ST-4)<br \/>\n\u2022Bit rate: 12bit output(12bit ADC)<br \/>\n\u2022Read noise: 1.2 e- @30 dB gain<br \/>\n\u2022Adaptador: 2\u2033 \/ 1.25\u2033 \/ T2 M42X0.75<br \/>\n\u2022Dimens\u00f5es: \u00d878mm X 86mm<br \/>\n\u2022Alimenta\u00e7\u00e3o: 12V<br \/>\n\u2022Peso: 410g<\/p>\n<p>As c\u00e2maras ASI Pro incluem um buffer de mem\u00f3ria DDR3 de 256 MB para ajudar a melhorar a velocidade de transfer\u00eancia de dados quando utilizada em USB2.<\/p>\n<p>As c\u00e2maras ZWO ASI refrigeradas precisam de uma fonte de alimenta\u00e7\u00e3o de 12V.<\/p>\n<p>\u25ba <a href=\"https:\/\/astronomy-imaging-camera.com\/software-drivers\">software e drivers<\/a><\/p>\n<p>\u25baentregue:<br \/>\n&#x2666; ASI camera cooled<br \/>\n&#x2666; T2 extension (21 mm long)<br \/>\n&#x2666; T2 extension (16.5 mm long)<br \/>\n&#x2666; Adapter to 1.25&#8243; with filter thread and cap<br \/>\n&#x2666; Flat adapter T2 to 1.25&#8243;<br \/>\n&#x2666; M42-M48 adapter<br \/>\n&#x2666; 2 distance rings<br \/>\n&#x2666; Quick guide<br \/>\n&#x2666; USB3.0 cable, long<br \/>\n&#x2666; 2 USB2.0 cable, short<br \/>\n&#x2666; Camera bag<\/p>\n<p>\u25ba<a href=\"http:\/\/astronomy-imaging-camera.com\/software-drivers\">Drivers<\/a><\/p>\n<p>&nbsp;<\/p>\n<p>&nbsp;<\/p>\n<p><strong>\u00a0<\/strong><\/p>\n","protected":false},"excerpt":{"rendered":"<p>C\u00e2mara Zwo ASI 1600 Pro \u2022Sensor: 4\/3\u0094 CMOS MN34230 \u2022Tamanho do chip:\u00a0 17.7 x 13.4 mm (22.2 mm diagonal) \u2022Resolu\u00e7\u00e3o: 16 megapixels, 4656 x 3520 \u2022Pixel: 3.8 \u00b5m \u2022Exposi\u00e7\u00e3o: 32 \u00b5s ate infinito \u2022Arrefecimento: por Peltier\u00a0 45\u00ba abaixo da temperatura ambiente \u2022Interface: USB3.0\/USB2.0 \u2022Porta autoguider (ST-4) \u2022Bit rate: 12bit output(12bit ADC) \u2022Read noise: 1.2 e-<\/p>\n<div class=\"more-link\">\n\t\t\t\t <a href=\"https:\/\/site.astrofoto.com.pt\/welcome\/produto\/camara-zwo-asi-1600pro\/\" class=\"btn theme-btn inverted\"><span>Continuar a Ler <\/span><\/a>\n\t\t\t<\/div>\n","protected":false},"featured_media":4958,"comment_status":"closed","ping_status":"closed","template":"","meta":[],"product_brand":[],"product_cat":[64],"product_tag":[],"class_list":{"0":"post-4956","1":"product","2":"type-product","3":"status-publish","4":"has-post-thumbnail","6":"product_cat-uncategorized","8":"first","9":"outofstock","10":"shipping-taxable","11":"purchasable","12":"product-type-simple"},"_links":{"self":[{"href":"https:\/\/site.astrofoto.com.pt\/welcome\/wp-json\/wp\/v2\/product\/4956","targetHints":{"allow":["GET"]}}],"collection":[{"href":"https:\/\/site.astrofoto.com.pt\/welcome\/wp-json\/wp\/v2\/product"}],"about":[{"href":"https:\/\/site.astrofoto.com.pt\/welcome\/wp-json\/wp\/v2\/types\/product"}],"replies":[{"embeddable":true,"href":"https:\/\/site.astrofoto.com.pt\/welcome\/wp-json\/wp\/v2\/comments?post=4956"}],"wp:featuredmedia":[{"embeddable":true,"href":"https:\/\/site.astrofoto.com.pt\/welcome\/wp-json\/wp\/v2\/media\/4958"}],"wp:attachment":[{"href":"https:\/\/site.astrofoto.com.pt\/welcome\/wp-json\/wp\/v2\/media?parent=4956"}],"wp:term":[{"taxonomy":"product_brand","embeddable":true,"href":"https:\/\/site.astrofoto.com.pt\/welcome\/wp-json\/wp\/v2\/product_brand?post=4956"},{"taxonomy":"product_cat","embeddable":true,"href":"https:\/\/site.astrofoto.com.pt\/welcome\/wp-json\/wp\/v2\/product_cat?post=4956"},{"taxonomy":"product_tag","embeddable":true,"href":"https:\/\/site.astrofoto.com.pt\/welcome\/wp-json\/wp\/v2\/product_tag?post=4956"}],"curies":[{"name":"wp","href":"https:\/\/api.w.org\/{rel}","templated":true}]}}