{"id":4941,"date":"2020-05-16T18:38:37","date_gmt":"2020-05-16T18:38:37","guid":{"rendered":"http:\/\/site.astrofoto.com.pt\/welcome\/?post_type=product&#038;p=4941"},"modified":"2024-04-11T21:05:50","modified_gmt":"2024-04-11T21:05:50","slug":"asi-183-pro","status":"publish","type":"product","link":"https:\/\/site.astrofoto.com.pt\/welcome\/produto\/asi-183-pro\/","title":{"rendered":"C\u00e2mara ZWO ASI 183 Pro Mono"},"content":{"rendered":"<p><a href=\"http:\/\/site.astrofoto.com.pt\/welcome\/wp-content\/uploads\/2020\/05\/asi183pro.jpg\"><img fetchpriority=\"high\" decoding=\"async\" class=\"alignleft size-medium wp-image-4942\" src=\"http:\/\/site.astrofoto.com.pt\/welcome\/wp-content\/uploads\/2020\/05\/asi183pro-300x300.jpg\" alt=\"\" width=\"300\" height=\"300\" srcset=\"https:\/\/site.astrofoto.com.pt\/welcome\/wp-content\/uploads\/2020\/05\/asi183pro.jpg 300w, https:\/\/site.astrofoto.com.pt\/welcome\/wp-content\/uploads\/2020\/05\/asi183pro-100x100.jpg 100w, https:\/\/site.astrofoto.com.pt\/welcome\/wp-content\/uploads\/2020\/05\/asi183pro-150x150.jpg 150w\" sizes=\"(max-width: 300px) 100vw, 300px\" \/><\/a><strong>C\u00e2mara ZWO ASI 183 Pro Mono<br \/>\n<\/strong><\/p>\n<p>Sensor: CMOS Chip (Sony IMX183) diagonal 15,9mm<br \/>\nTamanho do chip\u00a0 13,2 x 8,8mm<br \/>\nResolu\u00e7\u00e3o: 20.18 Mega Pixels 5496 x 3672<br \/>\nPixel: 2.4 \u00b5m<br \/>\nExposi\u00e7\u00e3o: 32 \u00b5s \u2013 2000 s<br \/>\nArrefecimento activo<br \/>\nMaximo abaixamento de temperatura: 45\u00ba<br \/>\nInterface: USB3.0\/USB2.0<br \/>\nPorta autoguider (ST-4)<br \/>\nBit rate: 12bit output(12bit ADC)<br \/>\nRead noise: 1.6e @30db gain<br \/>\nAdaptador: 2\u2033 \/ 1.25\u2033 \/ T2 M42X0.75<br \/>\nDimens\u00f5es: \u00d878mm X 85mm<br \/>\nAlimenta\u00e7\u00e3o: 12V<br \/>\nPeso: 410g<br \/>\nTemp. Trabalho: -5\u00b0C a -45\u00b0C<br \/>\nTemp. grava\u00e7\u00e3o: -20\u00b0C\u201460\u00b0C<br \/>\nHumidade trabalho: 20%\u201480%<br \/>\nHumidade grava\u00e7\u00e3o: 20%\u201495%<br \/>\nResolu\u00e7\u00e3o maxima: 5496\u00d73672 19 fps<\/p>\n<p>As c\u00e2meras ASI Pro incluem um buffer de mem\u00f3ria DDR3 de 256 MB para ajudar a melhorar a confiabilidade da transfer\u00eancia de dados. Al\u00e9m disso, o uso de um buffer de mem\u00f3ria minimiza o brilho do amplificador, causado pelas baixas velocidades de transfer\u00eancia quando a c\u00e2mera \u00e9 usada com uma porta USB 2.0.<\/p>\n<p>As c\u00e2maras ZWO ASI Pro possuem uma caixa optimizada. Existem quatro parafusos que selam a c\u00e2mara do sensor. Mesmo quando usada em ambientes com humidade mais alta, a c\u00e2mara ainda funciona bem sem problemas de orvalho.<\/p>\n<p>As c\u00e2maras ZWO ASI Pro tamb\u00e9m cont\u00eam um sistema de arrefecimento TEC de 2 est\u00e1gios que permite abaixamento profundo (40 \u00b0 C-45 \u00b0 C abaixo da temperatura ambiente). Isso reduz consideravelmente o ru\u00eddo do sensor e permite tirar optimas astrofotografias .<\/p>\n<p>As c\u00e2maras ZWO ASI refrigeradas precisam de uma fonte de alimenta\u00e7\u00e3o de 12V.<\/p>\n<p><strong>12bit ADC<br \/>\n<\/strong>5496\u00d73672 19fps<br \/>\n3840\u00d72160 36.12fps<br \/>\n1920\u00d71080 70.48fps<br \/>\n1280\u00d7720 103.23fps<\/p>\n<p>#56539<\/p>\n<p>\u25ba<a href=\"http:\/\/astronomy-imaging-camera.com\/software-drivers\">Drivers<\/a><\/p>\n<p>&nbsp;<\/p>\n<p>&nbsp;<\/p>\n","protected":false},"excerpt":{"rendered":"<p>C\u00e2mara ZWO ASI 183 Pro Mono Sensor: CMOS Chip (Sony IMX183) diagonal 15,9mm Tamanho do chip\u00a0 13,2 x 8,8mm Resolu\u00e7\u00e3o: 20.18 Mega Pixels 5496 x 3672 Pixel: 2.4 \u00b5m Exposi\u00e7\u00e3o: 32 \u00b5s \u2013 2000 s Arrefecimento activo Maximo abaixamento de temperatura: 45\u00ba Interface: USB3.0\/USB2.0 Porta autoguider (ST-4) Bit rate: 12bit output(12bit ADC) Read noise: 1.6e<\/p>\n<div class=\"more-link\">\n\t\t\t\t <a href=\"https:\/\/site.astrofoto.com.pt\/welcome\/produto\/asi-183-pro\/\" class=\"btn theme-btn inverted\"><span>Continuar a Ler <\/span><\/a>\n\t\t\t<\/div>\n","protected":false},"featured_media":4942,"comment_status":"closed","ping_status":"closed","template":"","meta":[],"product_brand":[],"product_cat":[24],"product_tag":[],"class_list":{"0":"post-4941","1":"product","2":"type-product","3":"status-publish","4":"has-post-thumbnail","6":"product_cat-fotografia-astronomica","8":"first","9":"onbackorder","10":"sale","11":"shipping-taxable","12":"purchasable","13":"product-type-simple"},"_links":{"self":[{"href":"https:\/\/site.astrofoto.com.pt\/welcome\/wp-json\/wp\/v2\/product\/4941","targetHints":{"allow":["GET"]}}],"collection":[{"href":"https:\/\/site.astrofoto.com.pt\/welcome\/wp-json\/wp\/v2\/product"}],"about":[{"href":"https:\/\/site.astrofoto.com.pt\/welcome\/wp-json\/wp\/v2\/types\/product"}],"replies":[{"embeddable":true,"href":"https:\/\/site.astrofoto.com.pt\/welcome\/wp-json\/wp\/v2\/comments?post=4941"}],"wp:featuredmedia":[{"embeddable":true,"href":"https:\/\/site.astrofoto.com.pt\/welcome\/wp-json\/wp\/v2\/media\/4942"}],"wp:attachment":[{"href":"https:\/\/site.astrofoto.com.pt\/welcome\/wp-json\/wp\/v2\/media?parent=4941"}],"wp:term":[{"taxonomy":"product_brand","embeddable":true,"href":"https:\/\/site.astrofoto.com.pt\/welcome\/wp-json\/wp\/v2\/product_brand?post=4941"},{"taxonomy":"product_cat","embeddable":true,"href":"https:\/\/site.astrofoto.com.pt\/welcome\/wp-json\/wp\/v2\/product_cat?post=4941"},{"taxonomy":"product_tag","embeddable":true,"href":"https:\/\/site.astrofoto.com.pt\/welcome\/wp-json\/wp\/v2\/product_tag?post=4941"}],"curies":[{"name":"wp","href":"https:\/\/api.w.org\/{rel}","templated":true}]}}