{"id":4902,"date":"2020-05-07T12:17:35","date_gmt":"2020-05-07T12:17:35","guid":{"rendered":"http:\/\/site.astrofoto.com.pt\/welcome\/?post_type=product&#038;p=4902"},"modified":"2020-12-31T17:43:16","modified_gmt":"2020-12-31T17:43:16","slug":"montagem-avalon-instruments-av-1lnr001-linear-wi-fi","status":"publish","type":"product","link":"https:\/\/site.astrofoto.com.pt\/welcome\/produto\/montagem-avalon-instruments-av-1lnr001-linear-wi-fi\/","title":{"rendered":"Montagem Avalon Instruments AV-1LNR001 LINEAR WiFi"},"content":{"rendered":"<p><a href=\"http:\/\/site.astrofoto.com.pt\/welcome\/wp-content\/uploads\/2020\/05\/Avalon_Linear_sito.jpg\"><img fetchpriority=\"high\" decoding=\"async\" class=\"alignleft size-medium wp-image-4905\" src=\"http:\/\/site.astrofoto.com.pt\/welcome\/wp-content\/uploads\/2020\/05\/Avalon_Linear_sito-300x300.jpg\" alt=\"\" width=\"300\" height=\"300\" srcset=\"https:\/\/site.astrofoto.com.pt\/welcome\/wp-content\/uploads\/2020\/05\/Avalon_Linear_sito-300x300.jpg 300w, https:\/\/site.astrofoto.com.pt\/welcome\/wp-content\/uploads\/2020\/05\/Avalon_Linear_sito-100x100.jpg 100w, https:\/\/site.astrofoto.com.pt\/welcome\/wp-content\/uploads\/2020\/05\/Avalon_Linear_sito-150x150.jpg 150w, https:\/\/site.astrofoto.com.pt\/welcome\/wp-content\/uploads\/2020\/05\/Avalon_Linear_sito.jpg 400w\" sizes=\"(max-width: 300px) 100vw, 300px\" \/><\/a><strong>Montagem Avalon Instruments AV-1LNR001 LINEAR Wi-Fi<\/strong><\/p>\n<p>\u2022Montagem equatorial de bra\u00e7o \u00fanico<br \/>\n\u2022Peso 12 kg (26,4 lb), sem contrapeso e barra<br \/>\n\u2022Capacidade <strong>20kg (<\/strong>44 lb) em fotografia, <strong>25kg<\/strong> (55 lb) em observa\u00e7\u00e3o<\/p>\n<p>\u25baSistema de transmiss\u00e3o<br \/>\n\u2022Por correias que accionam o sistema com desmultiplica\u00e7\u00e3o de 4x.<br \/>\n\u2022Rolamentos em todos os movimentos<br \/>\n\u2022Sem manuten\u00e7\u00e3o e <strong>sem\u00a0 &#8220;backlash&#8221;<\/strong>.<br \/>\n\u2022Polis feitas com correias dentadas especiais de alta precis\u00e3o em pol\u00edmero revestido a fibra de vidro.<br \/>\n\u2022Constru\u00e7\u00e3o em\u00a0 Alum\u00ednio anodizado, trabalhado a partir de blocos \u00fanicos com m\u00e1quinas CNC de 5 eixos de alta precis\u00e3o<br \/>\n\u2022Eixo AR em A\u00e7o resistente, \u00d835mm; 1 x rolamentos de esferas duplos, \u00d8 62mm + 1 x rolamento de rolos diam. 72mm + 2 x rolamento de rolos \u00d845mm &#8211; No sistema de embraiagem dos rolamentos<br \/>\n\u2022Eixo DEC em A\u00e7o resistente, \u00d835mm; 1 x rolamentos de esferas duplos, \u00d862mm + 1 x rolamento de rolos \u00d872mm + 1 x rolamento de rolos \u00d845mm &#8211; No sistema de embraiagem dos rolamentos<br \/>\n\u2022Modelo Polar Finder Skywatcher<br \/>\n\u2022Sistema GOTO Sistema de controle StarGO GoTo (Software SYNSCAN da Skywatcher)<br \/>\n\u2022Barra de contrapeso de liberta\u00e7\u00e3o r\u00e1pida, 30 mm de di\u00e2metro. (1.181 &#8220;), barra de a\u00e7o inoxid\u00e1vel<br \/>\n\u2022Contrapeso em a\u00e7o inoxid\u00e1vel de 6 kg (13,2 lb)<br \/>\n\u2022Dovetail Losmandy, 3 &#8220;(75mm), bot\u00e3o \u00fanico com 2 pontos de aperto<br \/>\n\u2022Garantia 2 anos a partir da data da compra, \u25ba 5 anos para o sistema de transmiss\u00e3o<\/p>\n<p><span class=\"tlid-translation translation\" lang=\"pt\"><span class=\"\" title=\"\">\u25baentregue<br \/>\n\u2022Cabo de liga\u00e7\u00e3o do teclado<\/span><br \/>\n<span class=\"\" title=\"\">\u2022Fonte de alimenta\u00e7\u00e3o 15V \/ 4 A<\/span><br \/>\n<span class=\"\" title=\"\">\u2022Certificado de garantia e certificado de teste<\/span><br \/>\n<span class=\"\" title=\"\">\u2022Parafuso M8 para regula\u00e7\u00e3o de grandes latitudes <\/span><br \/>\n<span class=\"\" title=\"\">\u2022Pen USB com manuais e software<\/span><\/span><\/p>\n<p><em><a href=\"https:\/\/www.avalon-instruments.com\/component\/allvideoshare\/video\/latest\/avalon-instruments-mount-sync-home-position\">\u25bamais info<\/a><\/em><\/p>\n<p>\u25baComercializada com a marca registada Avalon Instruments, esta montagem est\u00e1 classificada na faixa de tamanho m\u00e9dio, com uma capacidade de suportar peso cerca de 20 a 25 kg (44 &#8211; 55 lb), em fotografia e observa\u00e7\u00e3o, respectivamente.<\/p>\n<p>\u25baO projeto <strong>Liner Fast Reverse<\/strong> surge da paix\u00e3o por astronomia e mec\u00e2nica, aproveitando mais de 20 anos de experi\u00eancia e testes, muitas astrofestas e passando in\u00fameras horas sob o c\u00e9u estrelado, com v\u00e1rios tipos de instrumentos. Como a grande maioria dos problemas diz respeito \u00e0 montagem, o projeto e a fabrica\u00e7\u00e3o t\u00eam se concentrado na realiza\u00e7\u00e3o de uma montagem que supere problemas t\u00e9cnicos. Vamos come\u00e7ar com a montagem, que consideramos a principal inova\u00e7\u00e3o, explicando as raz\u00f5es pelas quais escolhemos mudar do mecanismo tradicional de sem-fim e engrenagem para um novo sistema de transmiss\u00e3o baseado em polis e correias dentadas, tanto na Ascens\u00e3o Recta como na Declina\u00e7\u00e3o.<\/p>\n<p><strong>\u25baPolis e correias dentadas = folga zero (Zero backlash)!<br \/>\n<\/strong>Essa escolha permitiu obter v\u00e1rias vantagens:<br \/>\nUm movimento realmente est\u00e1vel, sem folga e picos repentinos, factores de extrema import\u00e2ncia para longas exposi\u00e7\u00f5es guiadas em observa\u00e7\u00f5es visuais de grande amplia\u00e7\u00e3o. Esses recursos s\u00e3o de particular relev\u00e2ncia, especialmente para o motor do eixo de declina\u00e7\u00e3o que agora pode reverter rapidamente o movimento sem interrup\u00e7\u00f5es para recuperar a exposi\u00e7\u00e3o: da\u00ed o nome da montagem FAST REVERSE.<br \/>\nAs correias dentadas usadas no M-uno t\u00eam uma estrutura de material especial em a\u00e7o para evitar deforma\u00e7\u00f5es, alongamentos e tens\u00f5es, muito melhores do que as utilizadas no sistema de distribui\u00e7\u00e3o dos sistemas cl\u00e1ssicos (geralmente feitos de borracha com cord\u00f5es de nylon) .<br \/>\n\u00c9 importante sublinhar que nos sistemas de engrenagem helicoidal a transmiss\u00e3o do movimento tem apenas um ponto de contacto tangente, qualquer erro em cada um dos dois componentes, mais cedo ou mais tarde, resultar\u00e1 em erros de seguimento.<br \/>\nPor outro lado, no sistema de correia dentada da poli, nenhum h\u00e1 nenhum contacto directo entre as polis e o movimento \u00e9 transmitido pela correia que abarca entre 50% e 90% da circunfer\u00eancia. Consequentemente, qualquer erro, eventualmente presente, \u00e9 calculado entre as engrenagens, al\u00e9m de suave, reduzindo consideravelmente qualquer erro de seguimento.<br \/>\nEsses recursos permitem que o suporte Linear realize exposi\u00e7\u00f5es guiadas at\u00e9 20 \/ 30 minutos com estrelas pontuais, mesmo com \u00f3pticas de 2 a 3 metros de dist\u00e2ncia focal (consulte a tabela de par\u00e2metros do guia PHD2 sugerida).<\/p>\n<p>\u25ba<strong>Sem desgaste, sem atritos!<br \/>\n<\/strong>Sem efeitos de desgaste, pois n\u00e3o ocorrem atritos relevantes. De fato, todas as polis e eixos giram em rolamentos\u00a0 13 para o eixo RA e 13 para o eixo DEC, que permitem reduzir o atrito total quase a zero.<br \/>\nOutra vantagem significativa de atritos muito baixos \u00e9 que os riscos de escorregamento do motor durante a opera\u00e7\u00e3o GOTO s\u00e3o praticamente nulos.<br \/>\nPelo contr\u00e1rio, \u00e9 bem conhecida a dificuldade de regular o acoplamento entre engrenagem e sem-fim nas montagens convencionais. Se o acoplamento estiver apertado, os motores poder\u00e3o travar com a consequente perda de posi\u00e7\u00e3o; se o acoplamento estiver muito frouxo, as folgas aumentam.<br \/>\nPor outro lado, a aus\u00eancia de folga significativa no M-uno torna a calibra\u00e7\u00e3o inicial do CCD de guiagem r\u00e1pida e f\u00e1cil.<\/p>\n<p><strong>\u25baSem lubrifica\u00e7\u00f5es, sem manuten\u00e7\u00e3o!<br \/>\n<\/strong>Como n\u00e3o h\u00e1 engrenagens, n\u00e3o h\u00e1 necessidade de lubrifica\u00e7\u00e3o peri\u00f3dica dos componentes internos<br \/>\ne, portanto, a manuten\u00e7\u00e3o \u00e9 extremamente reduzida e limitada \u00e0 limpeza externa.<\/p>\n<p><em><a href=\"https:\/\/www.avalon-instruments.com\/component\/allvideoshare\/video\/latest\/avalon-instruments-mount-sync-home-position\">\u25bamais info<\/a><\/em><\/p>\n","protected":false},"excerpt":{"rendered":"<p>Montagem Avalon Instruments AV-1LNR001 LINEAR Wi-Fi \u2022Montagem equatorial de bra\u00e7o \u00fanico \u2022Peso 12 kg (26,4 lb), sem contrapeso e barra \u2022Capacidade 20kg (44 lb) em fotografia, 25kg (55 lb) em observa\u00e7\u00e3o \u25baSistema de transmiss\u00e3o \u2022Por correias que accionam o sistema com desmultiplica\u00e7\u00e3o de 4x. \u2022Rolamentos em todos os movimentos \u2022Sem manuten\u00e7\u00e3o e sem\u00a0 &#8220;backlash&#8221;. \u2022Polis<\/p>\n<div class=\"more-link\">\n\t\t\t\t <a href=\"https:\/\/site.astrofoto.com.pt\/welcome\/produto\/montagem-avalon-instruments-av-1lnr001-linear-wi-fi\/\" class=\"btn theme-btn inverted\"><span>Continuar a Ler <\/span><\/a>\n\t\t\t<\/div>\n","protected":false},"featured_media":4905,"comment_status":"closed","ping_status":"closed","template":"","meta":[],"product_brand":[],"product_cat":[14,79],"product_tag":[],"class_list":{"0":"post-4902","1":"product","2":"type-product","3":"status-publish","4":"has-post-thumbnail","6":"product_cat-montagens","7":"product_cat-montagens-goto","9":"first","10":"onbackorder","11":"shipping-taxable","12":"purchasable","13":"product-type-simple"},"_links":{"self":[{"href":"https:\/\/site.astrofoto.com.pt\/welcome\/wp-json\/wp\/v2\/product\/4902","targetHints":{"allow":["GET"]}}],"collection":[{"href":"https:\/\/site.astrofoto.com.pt\/welcome\/wp-json\/wp\/v2\/product"}],"about":[{"href":"https:\/\/site.astrofoto.com.pt\/welcome\/wp-json\/wp\/v2\/types\/product"}],"replies":[{"embeddable":true,"href":"https:\/\/site.astrofoto.com.pt\/welcome\/wp-json\/wp\/v2\/comments?post=4902"}],"wp:featuredmedia":[{"embeddable":true,"href":"https:\/\/site.astrofoto.com.pt\/welcome\/wp-json\/wp\/v2\/media\/4905"}],"wp:attachment":[{"href":"https:\/\/site.astrofoto.com.pt\/welcome\/wp-json\/wp\/v2\/media?parent=4902"}],"wp:term":[{"taxonomy":"product_brand","embeddable":true,"href":"https:\/\/site.astrofoto.com.pt\/welcome\/wp-json\/wp\/v2\/product_brand?post=4902"},{"taxonomy":"product_cat","embeddable":true,"href":"https:\/\/site.astrofoto.com.pt\/welcome\/wp-json\/wp\/v2\/product_cat?post=4902"},{"taxonomy":"product_tag","embeddable":true,"href":"https:\/\/site.astrofoto.com.pt\/welcome\/wp-json\/wp\/v2\/product_tag?post=4902"}],"curies":[{"name":"wp","href":"https:\/\/api.w.org\/{rel}","templated":true}]}}