{"id":4882,"date":"2020-04-22T13:33:11","date_gmt":"2020-04-22T13:33:11","guid":{"rendered":"http:\/\/site.astrofoto.com.pt\/welcome\/?post_type=product&#038;p=4882"},"modified":"2020-04-22T13:35:06","modified_gmt":"2020-04-22T13:35:06","slug":"astronomik-cls-clip-filter-eos-xl-full-frame","status":"publish","type":"product","link":"https:\/\/site.astrofoto.com.pt\/welcome\/produto\/astronomik-cls-clip-filter-eos-xl-full-frame\/","title":{"rendered":"Astronomik CLS Clip-Filter EOS XL Full Frame"},"content":{"rendered":"<p><a href=\"http:\/\/site.astrofoto.com.pt\/welcome\/wp-content\/uploads\/2020\/04\/AstronomikCanon-EOS-XL-CLS-clip-filter.jpg\"><img fetchpriority=\"high\" decoding=\"async\" class=\"alignleft size-medium wp-image-4883\" src=\"http:\/\/site.astrofoto.com.pt\/welcome\/wp-content\/uploads\/2020\/04\/AstronomikCanon-EOS-XL-CLS-clip-filter-300x300.jpg\" alt=\"\" width=\"300\" height=\"300\" srcset=\"https:\/\/site.astrofoto.com.pt\/welcome\/wp-content\/uploads\/2020\/04\/AstronomikCanon-EOS-XL-CLS-clip-filter.jpg 300w, https:\/\/site.astrofoto.com.pt\/welcome\/wp-content\/uploads\/2020\/04\/AstronomikCanon-EOS-XL-CLS-clip-filter-100x100.jpg 100w, https:\/\/site.astrofoto.com.pt\/welcome\/wp-content\/uploads\/2020\/04\/AstronomikCanon-EOS-XL-CLS-clip-filter-150x150.jpg 150w\" sizes=\"(max-width: 300px) 100vw, 300px\" \/><\/a><\/p>\n<p>Clip Astronomik CLS p\/ Canon EOS Full Frame<\/p>\n<p>O Astronomik CLS \u00e9 um filtro para observa\u00e7\u00e3o visual, fotografia a preto e branco e fotografias em CCD<br \/>\nde nebulosas, gal\u00e1xias e aglomerados de estrelas com telescopios de qualquer tamanho.<\/p>\n<p>O Astronomik CLS bloqueia a luz das linhas espectrais das l\u00e2mpadas de merc\u00fario e vapor de s\u00f3dio e deixa passar<br \/>\na maior parte da luz vis\u00edvel e das emiss\u00f5es de H-alfa. Todas as linhas de emiss\u00e3o importantes,<br \/>\nbem como a regi\u00e3o espectral que o olho adaptado ao escuro pode ver, podem passar pelo filtro.<\/p>\n<p>Os filtros s\u00e3o optimizados ao uso com aberturas de f\/3 a f\/15.<br \/>\nAs perdas de transmiss\u00e3o e distor\u00e7\u00f5es crom\u00e1ticas, que s\u00e3o problemas com outros filtros, s\u00f3 aparecem nos filtros Astronomik em aberturas extremamente brilhantes de f\/2 e menos.<br \/>\nO filtro CLS \u00e9 adequado para uso com telesc\u00f3pios de todas as aberturas.<\/p>\n<p>NOTA: Em princ\u00edpio, todas as lobjectivas podem ser usadas com o Clip-Filter &#8211; ou seja, lentes Canon EF ou de outros fabricantes, como Sigma, Tamron, Tokina, Walimex etc. No entanto N\u00c3O \u00e9 poss\u00edvel usar com as Canon EF-S!<\/p>\n<p>\u25ba compatibilidade com:<br \/>\n\u2022EOS 6D Sim<br \/>\nxEOS 6D MkII *NAO<br \/>\n\u2022EOS 5D Sim (sem live view)<br \/>\n\u2022EOS 5D Mk II Sim<br \/>\n\u2022EOS 5D Mk III Sim<br \/>\n\u2022EOS 5D Mk IV Sim<br \/>\n\u2022EOS 5Ds Sim<br \/>\nxEOS 5Dsr *N\u00c3O<br \/>\nxEOS 1Dx *N\u00c3O<\/p>\n<p>\u25ba<a href=\"https:\/\/youtu.be\/7As7VkK5rtg\">Ver Youtube<\/a><\/p>\n","protected":false},"excerpt":{"rendered":"<p>Clip Astronomik CLS p\/ Canon EOS Full Frame O Astronomik CLS \u00e9 um filtro para observa\u00e7\u00e3o visual, fotografia a preto e branco e fotografias em CCD de nebulosas, gal\u00e1xias e aglomerados de estrelas com telescopios de qualquer tamanho. O Astronomik CLS bloqueia a luz das linhas espectrais das l\u00e2mpadas de merc\u00fario e vapor de s\u00f3dio<\/p>\n<div class=\"more-link\">\n\t\t\t\t <a href=\"https:\/\/site.astrofoto.com.pt\/welcome\/produto\/astronomik-cls-clip-filter-eos-xl-full-frame\/\" class=\"btn theme-btn inverted\"><span>Continuar a Ler <\/span><\/a>\n\t\t\t<\/div>\n","protected":false},"featured_media":4883,"comment_status":"closed","ping_status":"closed","template":"","meta":[],"product_brand":[],"product_cat":[80,32,24],"product_tag":[],"class_list":{"0":"post-4882","1":"product","2":"type-product","3":"status-publish","4":"has-post-thumbnail","6":"product_cat-filtros","7":"product_cat-filtros-ceu-profundo","8":"product_cat-fotografia-astronomica","10":"first","11":"onbackorder","12":"shipping-taxable","13":"purchasable","14":"product-type-simple"},"_links":{"self":[{"href":"https:\/\/site.astrofoto.com.pt\/welcome\/wp-json\/wp\/v2\/product\/4882","targetHints":{"allow":["GET"]}}],"collection":[{"href":"https:\/\/site.astrofoto.com.pt\/welcome\/wp-json\/wp\/v2\/product"}],"about":[{"href":"https:\/\/site.astrofoto.com.pt\/welcome\/wp-json\/wp\/v2\/types\/product"}],"replies":[{"embeddable":true,"href":"https:\/\/site.astrofoto.com.pt\/welcome\/wp-json\/wp\/v2\/comments?post=4882"}],"wp:featuredmedia":[{"embeddable":true,"href":"https:\/\/site.astrofoto.com.pt\/welcome\/wp-json\/wp\/v2\/media\/4883"}],"wp:attachment":[{"href":"https:\/\/site.astrofoto.com.pt\/welcome\/wp-json\/wp\/v2\/media?parent=4882"}],"wp:term":[{"taxonomy":"product_brand","embeddable":true,"href":"https:\/\/site.astrofoto.com.pt\/welcome\/wp-json\/wp\/v2\/product_brand?post=4882"},{"taxonomy":"product_cat","embeddable":true,"href":"https:\/\/site.astrofoto.com.pt\/welcome\/wp-json\/wp\/v2\/product_cat?post=4882"},{"taxonomy":"product_tag","embeddable":true,"href":"https:\/\/site.astrofoto.com.pt\/welcome\/wp-json\/wp\/v2\/product_tag?post=4882"}],"curies":[{"name":"wp","href":"https:\/\/api.w.org\/{rel}","templated":true}]}}