{"id":4763,"date":"2020-02-10T14:49:02","date_gmt":"2020-02-10T14:49:02","guid":{"rendered":"http:\/\/site.astrofoto.com.pt\/welcome\/?post_type=product&#038;p=4763"},"modified":"2021-06-10T12:17:29","modified_gmt":"2021-06-10T12:17:29","slug":"telescopio-skywatcher-70-700-az-goto","status":"publish","type":"product","link":"https:\/\/site.astrofoto.com.pt\/welcome\/produto\/telescopio-skywatcher-70-700-az-goto\/","title":{"rendered":"Telescopio SkyWatcher 70\/700 AZ GOTO"},"content":{"rendered":"<p><a href=\"http:\/\/site.astrofoto.com.pt\/welcome\/wp-content\/uploads\/2020\/02\/SW707GT.jpg\"><img fetchpriority=\"high\" decoding=\"async\" class=\"alignleft size-medium wp-image-4764\" src=\"http:\/\/site.astrofoto.com.pt\/welcome\/wp-content\/uploads\/2020\/02\/SW707GT-298x300.jpg\" alt=\"\" width=\"298\" height=\"300\" srcset=\"https:\/\/site.astrofoto.com.pt\/welcome\/wp-content\/uploads\/2020\/02\/SW707GT-298x300.jpg 298w, https:\/\/site.astrofoto.com.pt\/welcome\/wp-content\/uploads\/2020\/02\/SW707GT-450x453.jpg 450w, https:\/\/site.astrofoto.com.pt\/welcome\/wp-content\/uploads\/2020\/02\/SW707GT-100x100.jpg 100w, https:\/\/site.astrofoto.com.pt\/welcome\/wp-content\/uploads\/2020\/02\/SW707GT-600x604.jpg 600w, https:\/\/site.astrofoto.com.pt\/welcome\/wp-content\/uploads\/2020\/02\/SW707GT-150x150.jpg 150w, https:\/\/site.astrofoto.com.pt\/welcome\/wp-content\/uploads\/2020\/02\/SW707GT.jpg 719w\" sizes=\"(max-width: 298px) 100vw, 298px\" \/><\/a><\/p>\n<p><strong>Telescopio SkyWatcher 70\/700 Synscan GOTO<\/strong><\/p>\n<p><span class=\"style10\">\u2022 diametro: 70mm<br \/>\n<\/span><span class=\"style10\">\u2022 focal: 700mm f\/10<br \/>\n\u2022 montagem: AZ\/GT Synscan GOTO<br \/>\n\u2022 Montagem Azimutal motorizada em ambos os eixos<br \/>\n\u2022 Nove velocidades de movimento: 4\u00ba\/seg, 2\u00ba\/seg, 1\u00ba\/seg, 0.5\u00ba\/seg, 32x, 16x, 8x, 4x, 2x<br \/>\n\u2022 Unidade de controlo Synscan com fun\u00e7\u00e3o GoTo e 42.000 objectos em mem\u00f3ria<br \/>\n\u2022 diagonal 90\u00ba<br \/>\n\u2022 oculares: S 25mm e S 10mm<br \/>\n\u2022 buscador: 6&#215;24<br \/>\n\u2022Trip\u00e9 de aluminio regulavel: 71cm a 123cm<br \/>\n\u2022 Alimenta\u00e7\u00e3o Caixa para pilhas (n\u00e3o incluidas)<br \/>\n\u2022 Alimenta\u00e7\u00e3o possivel a 12V \u2013<a href=\"http:\/\/site.astrofoto.com.pt\/welcome\/produto\/adaptador-12v-3a\/\">opcional<\/a><\/span><\/p>\n","protected":false},"excerpt":{"rendered":"<p>Telescopio SkyWatcher 70\/700 Synscan GOTO \u2022 diametro: 70mm \u2022 focal: 700mm f\/10 \u2022 montagem: AZ\/GT Synscan GOTO \u2022 Montagem Azimutal motorizada em ambos os eixos \u2022 Nove velocidades de movimento: 4\u00ba\/seg, 2\u00ba\/seg, 1\u00ba\/seg, 0.5\u00ba\/seg, 32x, 16x, 8x, 4x, 2x \u2022 Unidade de controlo Synscan com fun\u00e7\u00e3o GoTo e 42.000 objectos em mem\u00f3ria \u2022 diagonal 90\u00ba<\/p>\n<div class=\"more-link\">\n\t\t\t\t <a href=\"https:\/\/site.astrofoto.com.pt\/welcome\/produto\/telescopio-skywatcher-70-700-az-goto\/\" class=\"btn theme-btn inverted\"><span>Continuar a Ler <\/span><\/a>\n\t\t\t<\/div>\n","protected":false},"featured_media":4764,"comment_status":"closed","ping_status":"closed","template":"","meta":[],"product_brand":[],"product_cat":[16],"product_tag":[],"class_list":{"0":"post-4763","1":"product","2":"type-product","3":"status-publish","4":"has-post-thumbnail","6":"product_cat-telescopios-refractores","8":"first","9":"outofstock","10":"shipping-taxable","11":"purchasable","12":"product-type-simple"},"_links":{"self":[{"href":"https:\/\/site.astrofoto.com.pt\/welcome\/wp-json\/wp\/v2\/product\/4763","targetHints":{"allow":["GET"]}}],"collection":[{"href":"https:\/\/site.astrofoto.com.pt\/welcome\/wp-json\/wp\/v2\/product"}],"about":[{"href":"https:\/\/site.astrofoto.com.pt\/welcome\/wp-json\/wp\/v2\/types\/product"}],"replies":[{"embeddable":true,"href":"https:\/\/site.astrofoto.com.pt\/welcome\/wp-json\/wp\/v2\/comments?post=4763"}],"wp:featuredmedia":[{"embeddable":true,"href":"https:\/\/site.astrofoto.com.pt\/welcome\/wp-json\/wp\/v2\/media\/4764"}],"wp:attachment":[{"href":"https:\/\/site.astrofoto.com.pt\/welcome\/wp-json\/wp\/v2\/media?parent=4763"}],"wp:term":[{"taxonomy":"product_brand","embeddable":true,"href":"https:\/\/site.astrofoto.com.pt\/welcome\/wp-json\/wp\/v2\/product_brand?post=4763"},{"taxonomy":"product_cat","embeddable":true,"href":"https:\/\/site.astrofoto.com.pt\/welcome\/wp-json\/wp\/v2\/product_cat?post=4763"},{"taxonomy":"product_tag","embeddable":true,"href":"https:\/\/site.astrofoto.com.pt\/welcome\/wp-json\/wp\/v2\/product_tag?post=4763"}],"curies":[{"name":"wp","href":"https:\/\/api.w.org\/{rel}","templated":true}]}}