{"id":4686,"date":"2020-01-15T19:54:45","date_gmt":"2020-01-15T19:54:45","guid":{"rendered":"http:\/\/site.astrofoto.com.pt\/welcome\/?post_type=product&#038;p=4686"},"modified":"2020-01-15T20:01:06","modified_gmt":"2020-01-15T20:01:06","slug":"clip-astronomik-cls-ccd-para-canon-eos","status":"publish","type":"product","link":"https:\/\/site.astrofoto.com.pt\/welcome\/produto\/clip-astronomik-cls-ccd-para-canon-eos\/","title":{"rendered":"Clip Astronomik CLS CCD para Canon EOS"},"content":{"rendered":"<p><a href=\"http:\/\/site.astrofoto.com.pt\/welcome\/wp-content\/uploads\/2020\/01\/ClipCLS-CCD-EOS.jpg\"><img fetchpriority=\"high\" decoding=\"async\" class=\"alignleft size-medium wp-image-4687\" src=\"http:\/\/site.astrofoto.com.pt\/welcome\/wp-content\/uploads\/2020\/01\/ClipCLS-CCD-EOS-300x300.jpg\" alt=\"\" width=\"300\" height=\"300\" srcset=\"https:\/\/site.astrofoto.com.pt\/welcome\/wp-content\/uploads\/2020\/01\/ClipCLS-CCD-EOS.jpg 300w, https:\/\/site.astrofoto.com.pt\/welcome\/wp-content\/uploads\/2020\/01\/ClipCLS-CCD-EOS-100x100.jpg 100w, https:\/\/site.astrofoto.com.pt\/welcome\/wp-content\/uploads\/2020\/01\/ClipCLS-CCD-EOS-150x150.jpg 150w\" sizes=\"(max-width: 300px) 100vw, 300px\" \/><\/a><strong>Clip Astronomik CLS CCD para Canon EOS\u00a0<\/strong><\/p>\n<p>\u2022 para a Canon EOS<br \/>\n\u2022 multicoated<\/p>\n<p>\u25baO filtro CCD dispoe de um bloqueio de Infra-vermelhos integrado. Isso \u00e9 particularmente importante na fotografia porque, embora os sensores da c\u00e2mara sejam sens\u00edveis a essa faixa espectral de ondas longas, os instrumentos \u00f3pticos (telesc\u00f3pios etc.) causam aberra\u00e7\u00f5es na faixa dos infravermelhos.<\/p>\n<p>*Para observa\u00e7\u00e3o visual, esses defeitos \u00f3pticos s\u00e3o irrelevantes, porque o olho humano n\u00e3o pode detect\u00e1-los.<br \/>\n*Quem deseja fotografar especificamente na \u00e1rea de infravermelho, n\u00e3o deve usar um filtro CCD.<\/p>\n<p>Este filtro \u00e9 adequado para fotografia feita de locais polu\u00eddos pela luz artificial e com c\u00e2maras que tamb\u00e9m s\u00e3o sens\u00edveis ao infravermelho. Intensifica o contraste dos objectos de C\u00e9u profundo. O filtro CCD CLS aumenta o contraste entre os objectos astron\u00f3micos e o fundo do c\u00e9u. Por meio da\u00a0 banda larga de transmiss\u00e3o uma grande quantidade de luz passa atrav\u00e9s do filtro, as estrelas s\u00e3o apenas ligeiramente atenuadas.<br \/>\nEste filtro \u00e9 optimizado para bloquear o m\u00e1ximo de luz difusa e deixar passar o m\u00e1ximo de luz dos objectos.<br \/>\nO filtro \u00e9 ideal para o uso em telesc\u00f3pios de todas as aberturas com rela\u00e7\u00f5es de abertura de 1:2 at\u00e9 1:15.<\/p>\n<p>\u25baO filtro bloqueia as linhas de emiss\u00e3o de l\u00e2mpadas de baixa e alta press\u00e3o (merc\u00fario (Hg) e s\u00f3dio (Na)) e as linhas de luminesc\u00eancia por completo. Todas as linhas de emiss\u00e3o importantes de objectos astron\u00f3micos e da regi\u00e3o espectral para a qual o olho tem uma sensibilidade m\u00e1xima durante a noite, s\u00e3o permitidas passar.<br \/>\nA camada de bloqueio do infravermelho integrada permite o uso de c\u00e2maras digitais e webcams sem o seu pr\u00f3prio filtro infravermelho.<\/p>\n<p>\u25baTipos de utiliza\u00e7\u00e3o:<br \/>\n\u2022Observa\u00e7\u00e3o visual (c\u00e9u escuro): Bom, com a polui\u00e7\u00e3o luminosa das l\u00e2mpadas de vapor de merc\u00fario<br \/>\n\u2022Observa\u00e7\u00e3o visual (cidade): Neutro, um filtro UHC-E ou UHC \u00e9 prefer\u00edvel<br \/>\n\u2022Fotografia com filme: Muito bom, equil\u00edbrio de cores muito bom<br \/>\n\u2022fotografia CCD: Muito bom, a supress\u00e3o m\u00e1xima da polui\u00e7\u00e3o luminosa<br \/>\n\u2022fotografia DSLR (original): Muito bom, equil\u00edbrio de cores mudam, mas o contraste fica melhorado<br \/>\n\u2022fotografia DSLR (astro modificada): Muito bom, equil\u00edbrio de cores muito bom<br \/>\n\u2022fotografia DSLR (MC vidro modificado claro): Muito bom, equil\u00edbrio de cores muito bom<\/p>\n<p>\u25baDados t\u00e9cnicos do filtro<br \/>\n\u2022Transmiss\u00e3o de 95% a 486nm (H-beta)<br \/>\n\u2022Transmiss\u00e3o de 95% a 496nm (OIII)<br \/>\n\u2022Transmiss\u00e3o de 95% a 501nm (OIII)<br \/>\n\u2022Transmiss\u00e3o de 97% a 656nm (H alfa)<br \/>\n\u2022Faixa de transmiss\u00e3o de 450nm a 520nm<br \/>\n\u2022Faixa de transmiss\u00e3o 640nm a 690nm<br \/>\n\u2022Espessura: 1mm<\/p>\n","protected":false},"excerpt":{"rendered":"<p>Clip Astronomik CLS CCD para Canon EOS\u00a0 \u2022 para a Canon EOS \u2022 multicoated \u25baO filtro CCD dispoe de um bloqueio de Infra-vermelhos integrado. Isso \u00e9 particularmente importante na fotografia porque, embora os sensores da c\u00e2mara sejam sens\u00edveis a essa faixa espectral de ondas longas, os instrumentos \u00f3pticos (telesc\u00f3pios etc.) causam aberra\u00e7\u00f5es na faixa dos<\/p>\n<div class=\"more-link\">\n\t\t\t\t <a href=\"https:\/\/site.astrofoto.com.pt\/welcome\/produto\/clip-astronomik-cls-ccd-para-canon-eos\/\" class=\"btn theme-btn inverted\"><span>Continuar a Ler <\/span><\/a>\n\t\t\t<\/div>\n","protected":false},"featured_media":4687,"comment_status":"closed","ping_status":"closed","template":"","meta":[],"product_brand":[],"product_cat":[34,32,24],"product_tag":[],"class_list":{"0":"post-4686","1":"product","2":"type-product","3":"status-publish","4":"has-post-thumbnail","6":"product_cat-acessoriosfotografia","7":"product_cat-filtros-ceu-profundo","8":"product_cat-fotografia-astronomica","10":"first","11":"onbackorder","12":"shipping-taxable","13":"purchasable","14":"product-type-simple"},"_links":{"self":[{"href":"https:\/\/site.astrofoto.com.pt\/welcome\/wp-json\/wp\/v2\/product\/4686","targetHints":{"allow":["GET"]}}],"collection":[{"href":"https:\/\/site.astrofoto.com.pt\/welcome\/wp-json\/wp\/v2\/product"}],"about":[{"href":"https:\/\/site.astrofoto.com.pt\/welcome\/wp-json\/wp\/v2\/types\/product"}],"replies":[{"embeddable":true,"href":"https:\/\/site.astrofoto.com.pt\/welcome\/wp-json\/wp\/v2\/comments?post=4686"}],"wp:featuredmedia":[{"embeddable":true,"href":"https:\/\/site.astrofoto.com.pt\/welcome\/wp-json\/wp\/v2\/media\/4687"}],"wp:attachment":[{"href":"https:\/\/site.astrofoto.com.pt\/welcome\/wp-json\/wp\/v2\/media?parent=4686"}],"wp:term":[{"taxonomy":"product_brand","embeddable":true,"href":"https:\/\/site.astrofoto.com.pt\/welcome\/wp-json\/wp\/v2\/product_brand?post=4686"},{"taxonomy":"product_cat","embeddable":true,"href":"https:\/\/site.astrofoto.com.pt\/welcome\/wp-json\/wp\/v2\/product_cat?post=4686"},{"taxonomy":"product_tag","embeddable":true,"href":"https:\/\/site.astrofoto.com.pt\/welcome\/wp-json\/wp\/v2\/product_tag?post=4686"}],"curies":[{"name":"wp","href":"https:\/\/api.w.org\/{rel}","templated":true}]}}