{"id":4654,"date":"2020-01-02T16:47:31","date_gmt":"2020-01-02T16:47:31","guid":{"rendered":"http:\/\/site.astrofoto.com.pt\/welcome\/?post_type=product&#038;p=4654"},"modified":"2024-06-10T12:18:54","modified_gmt":"2024-06-10T12:18:54","slug":"ota-skywatcher-300-1500-f-5","status":"publish","type":"product","link":"https:\/\/site.astrofoto.com.pt\/welcome\/produto\/ota-skywatcher-300-1500-f-5\/","title":{"rendered":"OTA SkyWatcher 300\/1500 f\/5"},"content":{"rendered":"<p><a href=\"http:\/\/site.astrofoto.com.pt\/welcome\/wp-content\/uploads\/2020\/01\/SW300_1500OTA.jpg\"><img fetchpriority=\"high\" decoding=\"async\" class=\"alignleft size-medium wp-image-4655\" src=\"http:\/\/site.astrofoto.com.pt\/welcome\/wp-content\/uploads\/2020\/01\/SW300_1500OTA-300x276.jpg\" alt=\"\" width=\"300\" height=\"276\" srcset=\"https:\/\/site.astrofoto.com.pt\/welcome\/wp-content\/uploads\/2020\/01\/SW300_1500OTA-300x276.jpg 300w, https:\/\/site.astrofoto.com.pt\/welcome\/wp-content\/uploads\/2020\/01\/SW300_1500OTA-450x415.jpg 450w, https:\/\/site.astrofoto.com.pt\/welcome\/wp-content\/uploads\/2020\/01\/SW300_1500OTA-600x553.jpg 600w, https:\/\/site.astrofoto.com.pt\/welcome\/wp-content\/uploads\/2020\/01\/SW300_1500OTA.jpg 711w\" sizes=\"(max-width: 300px) 100vw, 300px\" \/><\/a><strong>Tubo Optico Newton SkyWatcher 300\/1500 Black Diamond<\/strong><br \/>\nTubo \u00d3ptico\u00a0\u00a0 \u00a0Alum\u00ednio<br \/>\nCom dovetail e an\u00e9is de fixa\u00e7\u00e3o<br \/>\nDist\u00e2ncia Focal\u00a0\u00a0 \u00a01500mm<br \/>\nEspelho\u00a0\u00a0 \u00a0Parab\u00f3lico<br \/>\nPoder de resolu\u00e7\u00e3o\u00a0\u00a0 \u00a00.4\u2033<br \/>\nMagnitude limite\u00a0\u00a0 \u00a014.5<br \/>\nFocador\u00a0 Crayford 50.8\/31.75 Sky-Watcher com microfocador (1:10)<br \/>\nDimens\u00f5es\u00a0\u00a0\u00a0 35,5cm x 145cm<br \/>\nPeso\u00a0\u00a0 23 kg<\/p>\n","protected":false},"excerpt":{"rendered":"<p>Tubo Optico Newton SkyWatcher 300\/1500 Black Diamond Tubo \u00d3ptico\u00a0\u00a0 \u00a0Alum\u00ednio Com dovetail e an\u00e9is de fixa\u00e7\u00e3o Dist\u00e2ncia Focal\u00a0\u00a0 \u00a01500mm Espelho\u00a0\u00a0 \u00a0Parab\u00f3lico Poder de resolu\u00e7\u00e3o\u00a0\u00a0 \u00a00.4\u2033 Magnitude limite\u00a0\u00a0 \u00a014.5 Focador\u00a0 Crayford 50.8\/31.75 Sky-Watcher com microfocador (1:10) Dimens\u00f5es\u00a0\u00a0\u00a0 35,5cm x 145cm Peso\u00a0\u00a0 23 kg<\/p>\n","protected":false},"featured_media":4655,"comment_status":"closed","ping_status":"closed","template":"","meta":[],"product_brand":[],"product_cat":[92,15],"product_tag":[],"class_list":{"0":"post-4654","1":"product","2":"type-product","3":"status-publish","4":"has-post-thumbnail","6":"product_cat-swpromo","7":"product_cat-telescopios-reflectores","9":"first","10":"onbackorder","11":"sale","12":"shipping-taxable","13":"purchasable","14":"product-type-simple"},"_links":{"self":[{"href":"https:\/\/site.astrofoto.com.pt\/welcome\/wp-json\/wp\/v2\/product\/4654","targetHints":{"allow":["GET"]}}],"collection":[{"href":"https:\/\/site.astrofoto.com.pt\/welcome\/wp-json\/wp\/v2\/product"}],"about":[{"href":"https:\/\/site.astrofoto.com.pt\/welcome\/wp-json\/wp\/v2\/types\/product"}],"replies":[{"embeddable":true,"href":"https:\/\/site.astrofoto.com.pt\/welcome\/wp-json\/wp\/v2\/comments?post=4654"}],"wp:featuredmedia":[{"embeddable":true,"href":"https:\/\/site.astrofoto.com.pt\/welcome\/wp-json\/wp\/v2\/media\/4655"}],"wp:attachment":[{"href":"https:\/\/site.astrofoto.com.pt\/welcome\/wp-json\/wp\/v2\/media?parent=4654"}],"wp:term":[{"taxonomy":"product_brand","embeddable":true,"href":"https:\/\/site.astrofoto.com.pt\/welcome\/wp-json\/wp\/v2\/product_brand?post=4654"},{"taxonomy":"product_cat","embeddable":true,"href":"https:\/\/site.astrofoto.com.pt\/welcome\/wp-json\/wp\/v2\/product_cat?post=4654"},{"taxonomy":"product_tag","embeddable":true,"href":"https:\/\/site.astrofoto.com.pt\/welcome\/wp-json\/wp\/v2\/product_tag?post=4654"}],"curies":[{"name":"wp","href":"https:\/\/api.w.org\/{rel}","templated":true}]}}