{"id":4649,"date":"2020-01-02T16:39:19","date_gmt":"2020-01-02T16:39:19","guid":{"rendered":"http:\/\/site.astrofoto.com.pt\/welcome\/?post_type=product&#038;p=4649"},"modified":"2024-06-10T12:19:36","modified_gmt":"2024-06-10T12:19:36","slug":"ota-skywatcher-300-1200-f-4-black-diamond","status":"publish","type":"product","link":"https:\/\/site.astrofoto.com.pt\/welcome\/produto\/ota-skywatcher-300-1200-f-4-black-diamond\/","title":{"rendered":"OTA SkyWatcher 300\/1200 f\/4 Quattro Black Diamond"},"content":{"rendered":"<p><a href=\"http:\/\/site.astrofoto.com.pt\/welcome\/wp-content\/uploads\/2020\/01\/SW_300_1200OTA.jpg\"><img fetchpriority=\"high\" decoding=\"async\" class=\"alignleft size-medium wp-image-4650\" src=\"http:\/\/site.astrofoto.com.pt\/welcome\/wp-content\/uploads\/2020\/01\/SW_300_1200OTA-300x296.jpg\" alt=\"\" width=\"300\" height=\"296\" srcset=\"https:\/\/site.astrofoto.com.pt\/welcome\/wp-content\/uploads\/2020\/01\/SW_300_1200OTA-300x296.jpg 300w, https:\/\/site.astrofoto.com.pt\/welcome\/wp-content\/uploads\/2020\/01\/SW_300_1200OTA-450x444.jpg 450w, https:\/\/site.astrofoto.com.pt\/welcome\/wp-content\/uploads\/2020\/01\/SW_300_1200OTA-100x100.jpg 100w, https:\/\/site.astrofoto.com.pt\/welcome\/wp-content\/uploads\/2020\/01\/SW_300_1200OTA-600x592.jpg 600w, https:\/\/site.astrofoto.com.pt\/welcome\/wp-content\/uploads\/2020\/01\/SW_300_1200OTA.jpg 713w\" sizes=\"(max-width: 300px) 100vw, 300px\" \/><\/a><strong>Tubo Optico Newton SkyWatcher 300\/1200 Quattro Black Diamond<\/strong><br \/>\nTubo \u00d3ptico em a\u00e7o<br \/>\nEspelho em Pyrex<br \/>\nCom dovetail e an\u00e9is de fixa\u00e7\u00e3o<br \/>\nDist\u00e2ncia Focal\u00a0\u00a0 \u00a01200mm<br \/>\nEspelho\u00a0\u00a0 \u00a0Parab\u00f3lico<br \/>\nPoder de resolu\u00e7\u00e3o\u00a0\u00a0 \u00a00.4\u2033<br \/>\nMagnitude limite\u00a0\u00a0 \u00a014.5<br \/>\nFocador\u00a0 Crayford 50.8\/31.75 Sky-Watcher com microfocador (1:10)<br \/>\nDimens\u00f5es\u00a0\u00a0\u00a0 35cm x 109cm<br \/>\nPeso\u00a0\u00a0 23 kg<\/p>\n","protected":false},"excerpt":{"rendered":"<p>Tubo Optico Newton SkyWatcher 300\/1200 Quattro Black Diamond Tubo \u00d3ptico em a\u00e7o Espelho em Pyrex Com dovetail e an\u00e9is de fixa\u00e7\u00e3o Dist\u00e2ncia Focal\u00a0\u00a0 \u00a01200mm Espelho\u00a0\u00a0 \u00a0Parab\u00f3lico Poder de resolu\u00e7\u00e3o\u00a0\u00a0 \u00a00.4\u2033 Magnitude limite\u00a0\u00a0 \u00a014.5 Focador\u00a0 Crayford 50.8\/31.75 Sky-Watcher com microfocador (1:10) Dimens\u00f5es\u00a0\u00a0\u00a0 35cm x 109cm Peso\u00a0\u00a0 23 kg<\/p>\n","protected":false},"featured_media":4650,"comment_status":"closed","ping_status":"closed","template":"","meta":[],"product_brand":[],"product_cat":[92,15],"product_tag":[],"class_list":{"0":"post-4649","1":"product","2":"type-product","3":"status-publish","4":"has-post-thumbnail","6":"product_cat-swpromo","7":"product_cat-telescopios-reflectores","9":"first","10":"onbackorder","11":"sale","12":"shipping-taxable","13":"purchasable","14":"product-type-simple"},"_links":{"self":[{"href":"https:\/\/site.astrofoto.com.pt\/welcome\/wp-json\/wp\/v2\/product\/4649","targetHints":{"allow":["GET"]}}],"collection":[{"href":"https:\/\/site.astrofoto.com.pt\/welcome\/wp-json\/wp\/v2\/product"}],"about":[{"href":"https:\/\/site.astrofoto.com.pt\/welcome\/wp-json\/wp\/v2\/types\/product"}],"replies":[{"embeddable":true,"href":"https:\/\/site.astrofoto.com.pt\/welcome\/wp-json\/wp\/v2\/comments?post=4649"}],"wp:featuredmedia":[{"embeddable":true,"href":"https:\/\/site.astrofoto.com.pt\/welcome\/wp-json\/wp\/v2\/media\/4650"}],"wp:attachment":[{"href":"https:\/\/site.astrofoto.com.pt\/welcome\/wp-json\/wp\/v2\/media?parent=4649"}],"wp:term":[{"taxonomy":"product_brand","embeddable":true,"href":"https:\/\/site.astrofoto.com.pt\/welcome\/wp-json\/wp\/v2\/product_brand?post=4649"},{"taxonomy":"product_cat","embeddable":true,"href":"https:\/\/site.astrofoto.com.pt\/welcome\/wp-json\/wp\/v2\/product_cat?post=4649"},{"taxonomy":"product_tag","embeddable":true,"href":"https:\/\/site.astrofoto.com.pt\/welcome\/wp-json\/wp\/v2\/product_tag?post=4649"}],"curies":[{"name":"wp","href":"https:\/\/api.w.org\/{rel}","templated":true}]}}