{"id":4642,"date":"2019-12-17T15:50:06","date_gmt":"2019-12-17T15:50:06","guid":{"rendered":"http:\/\/site.astrofoto.com.pt\/welcome\/?post_type=product&#038;p=4642"},"modified":"2024-05-17T14:44:27","modified_gmt":"2024-05-17T14:44:27","slug":"camara-zwo-asi-178-mc-cor","status":"publish","type":"product","link":"https:\/\/site.astrofoto.com.pt\/welcome\/produto\/camara-zwo-asi-178-mc-cor\/","title":{"rendered":"Camara ZWO ASI 178 MC Cor"},"content":{"rendered":"<p><a href=\"http:\/\/site.astrofoto.com.pt\/welcome\/wp-content\/uploads\/2019\/12\/ASI178.jpg\"><img fetchpriority=\"high\" decoding=\"async\" class=\"alignleft size-full wp-image-4643\" src=\"http:\/\/site.astrofoto.com.pt\/welcome\/wp-content\/uploads\/2019\/12\/ASI178.jpg\" alt=\"\" width=\"300\" height=\"300\" srcset=\"https:\/\/site.astrofoto.com.pt\/welcome\/wp-content\/uploads\/2019\/12\/ASI178.jpg 300w, https:\/\/site.astrofoto.com.pt\/welcome\/wp-content\/uploads\/2019\/12\/ASI178-100x100.jpg 100w, https:\/\/site.astrofoto.com.pt\/welcome\/wp-content\/uploads\/2019\/12\/ASI178-150x150.jpg 150w\" sizes=\"(max-width: 300px) 100vw, 300px\" \/><\/a><strong>Camara ZWO ASI 178 MC Cor <\/strong><\/p>\n<p>\u2022 Sensor: CMOS Chip (Sony IMX178)<br \/>\n\u2022 Megapixel: 6,4<br \/>\n\u2022 Resolu\u00e7\u00e3o: 3096 x 2080<br \/>\n\u2022 Tamanho de pixel: 2,4<br \/>\n\u2022 USB 3.0<br \/>\n\u2022 Bit: 14<br \/>\n\u2022 Temperatura de funcionamento: -5\u00ba a +45\u00ba<br \/>\n\u2022 Tempo de exposi\u00e7\u00e3o m\u00e1xima: 16 minutos<br \/>\n\u2022 Tempo de exposi\u00e7\u00e3o min.: 32 \u00b5s<br \/>\n\u2022 Imagens por segundo: 60<br \/>\n\u2022 Chip \u2013 Diagonal: 8,86mm<br \/>\n\u2022 Tamanho do chip: 7,37 x 4,92<br \/>\n\u2022 Peso: 120gr<\/p>\n<p>\u25ba<a href=\"http:\/\/astronomy-imaging-camera.com\/software-drivers\">Drivers<\/a><\/p>\n","protected":false},"excerpt":{"rendered":"<p>Camara ZWO ASI 178 MC Cor \u2022 Sensor: CMOS Chip (Sony IMX178) \u2022 Megapixel: 6,4 \u2022 Resolu\u00e7\u00e3o: 3096 x 2080 \u2022 Tamanho de pixel: 2,4 \u2022 USB 3.0 \u2022 Bit: 14 \u2022 Temperatura de funcionamento: -5\u00ba a +45\u00ba \u2022 Tempo de exposi\u00e7\u00e3o m\u00e1xima: 16 minutos \u2022 Tempo de exposi\u00e7\u00e3o min.: 32 \u00b5s \u2022 Imagens por<\/p>\n<div class=\"more-link\">\n\t\t\t\t <a href=\"https:\/\/site.astrofoto.com.pt\/welcome\/produto\/camara-zwo-asi-178-mc-cor\/\" class=\"btn theme-btn inverted\"><span>Continuar a Ler <\/span><\/a>\n\t\t\t<\/div>\n","protected":false},"featured_media":4643,"comment_status":"closed","ping_status":"closed","template":"","meta":[],"product_brand":[],"product_cat":[24],"product_tag":[],"class_list":{"0":"post-4642","1":"product","2":"type-product","3":"status-publish","4":"has-post-thumbnail","6":"product_cat-fotografia-astronomica","8":"first","9":"outofstock","10":"sale","11":"shipping-taxable","12":"purchasable","13":"product-type-simple"},"_links":{"self":[{"href":"https:\/\/site.astrofoto.com.pt\/welcome\/wp-json\/wp\/v2\/product\/4642","targetHints":{"allow":["GET"]}}],"collection":[{"href":"https:\/\/site.astrofoto.com.pt\/welcome\/wp-json\/wp\/v2\/product"}],"about":[{"href":"https:\/\/site.astrofoto.com.pt\/welcome\/wp-json\/wp\/v2\/types\/product"}],"replies":[{"embeddable":true,"href":"https:\/\/site.astrofoto.com.pt\/welcome\/wp-json\/wp\/v2\/comments?post=4642"}],"wp:featuredmedia":[{"embeddable":true,"href":"https:\/\/site.astrofoto.com.pt\/welcome\/wp-json\/wp\/v2\/media\/4643"}],"wp:attachment":[{"href":"https:\/\/site.astrofoto.com.pt\/welcome\/wp-json\/wp\/v2\/media?parent=4642"}],"wp:term":[{"taxonomy":"product_brand","embeddable":true,"href":"https:\/\/site.astrofoto.com.pt\/welcome\/wp-json\/wp\/v2\/product_brand?post=4642"},{"taxonomy":"product_cat","embeddable":true,"href":"https:\/\/site.astrofoto.com.pt\/welcome\/wp-json\/wp\/v2\/product_cat?post=4642"},{"taxonomy":"product_tag","embeddable":true,"href":"https:\/\/site.astrofoto.com.pt\/welcome\/wp-json\/wp\/v2\/product_tag?post=4642"}],"curies":[{"name":"wp","href":"https:\/\/api.w.org\/{rel}","templated":true}]}}