{"id":4640,"date":"2019-12-17T15:17:45","date_gmt":"2019-12-17T15:17:45","guid":{"rendered":"http:\/\/site.astrofoto.com.pt\/welcome\/?post_type=product&#038;p=4640"},"modified":"2025-08-28T17:01:45","modified_gmt":"2025-08-28T17:01:45","slug":"camara-zwo-asi-224-cor","status":"publish","type":"product","link":"https:\/\/site.astrofoto.com.pt\/welcome\/produto\/camara-zwo-asi-224-cor\/","title":{"rendered":"Camara Zwo ASI 224 MC COR"},"content":{"rendered":"<p><a href=\"http:\/\/site.astrofoto.com.pt\/welcome\/wp-content\/uploads\/2019\/12\/ASI224.jpg\"><img fetchpriority=\"high\" decoding=\"async\" class=\"alignleft size-full wp-image-4641\" src=\"http:\/\/site.astrofoto.com.pt\/welcome\/wp-content\/uploads\/2019\/12\/ASI224.jpg\" alt=\"\" width=\"300\" height=\"300\" srcset=\"https:\/\/site.astrofoto.com.pt\/welcome\/wp-content\/uploads\/2019\/12\/ASI224.jpg 300w, https:\/\/site.astrofoto.com.pt\/welcome\/wp-content\/uploads\/2019\/12\/ASI224-100x100.jpg 100w, https:\/\/site.astrofoto.com.pt\/welcome\/wp-content\/uploads\/2019\/12\/ASI224-150x150.jpg 150w\" sizes=\"(max-width: 300px) 100vw, 300px\" \/><\/a><strong>Camara Zwo ASI 224 COR<\/strong><\/p>\n<p>\u2022 Sensor: CMOS Chip (Sony IMX224\/IMX225)<br \/>\n\u2022 Megapixel: 1,2<br \/>\n\u2022 Resolu\u00e7\u00e3oesolu\u00e7\u00e3o: 1304 x 976<br \/>\n\u2022 Tamanho de pixel: 3,75<br \/>\n\u2022 USB 3.0<br \/>\n\u2022 Bit: 12<br \/>\n\u2022 Temperatura de funcionamento: -5\u00ba a +45\u00ba<br \/>\n\u2022 Tempo de exposi\u00e7\u00e3o m\u00e1xima: 16 minutos<br \/>\n\u2022 Tempo de exposi\u00e7\u00e3o min.: 32 \u00b5s<br \/>\n\u2022 Imagens por segundo: 150<br \/>\n\u2022 Chip \u2013 Diagonal: 6mm<br \/>\n\u2022 Tamanho do chip: 4,8 x 3,6mm<br \/>\n\u2022 Peso: 120gr<\/p>\n<p>\u25ba<a href=\"http:\/\/astronomy-imaging-camera.com\/software-drivers\">Drivers<\/a><\/p>\n","protected":false},"excerpt":{"rendered":"<p>Camara Zwo ASI 224 COR \u2022 Sensor: CMOS Chip (Sony IMX224\/IMX225) \u2022 Megapixel: 1,2 \u2022 Resolu\u00e7\u00e3oesolu\u00e7\u00e3o: 1304 x 976 \u2022 Tamanho de pixel: 3,75 \u2022 USB 3.0 \u2022 Bit: 12 \u2022 Temperatura de funcionamento: -5\u00ba a +45\u00ba \u2022 Tempo de exposi\u00e7\u00e3o m\u00e1xima: 16 minutos \u2022 Tempo de exposi\u00e7\u00e3o min.: 32 \u00b5s \u2022 Imagens por segundo:<\/p>\n<div class=\"more-link\">\n\t\t\t\t <a href=\"https:\/\/site.astrofoto.com.pt\/welcome\/produto\/camara-zwo-asi-224-cor\/\" class=\"btn theme-btn inverted\"><span>Continuar a Ler <\/span><\/a>\n\t\t\t<\/div>\n","protected":false},"featured_media":4641,"comment_status":"closed","ping_status":"closed","template":"","meta":[],"product_brand":[],"product_cat":[24],"product_tag":[],"class_list":{"0":"post-4640","1":"product","2":"type-product","3":"status-publish","4":"has-post-thumbnail","6":"product_cat-fotografia-astronomica","8":"first","9":"outofstock","10":"sale","11":"shipping-taxable","12":"purchasable","13":"product-type-simple"},"_links":{"self":[{"href":"https:\/\/site.astrofoto.com.pt\/welcome\/wp-json\/wp\/v2\/product\/4640","targetHints":{"allow":["GET"]}}],"collection":[{"href":"https:\/\/site.astrofoto.com.pt\/welcome\/wp-json\/wp\/v2\/product"}],"about":[{"href":"https:\/\/site.astrofoto.com.pt\/welcome\/wp-json\/wp\/v2\/types\/product"}],"replies":[{"embeddable":true,"href":"https:\/\/site.astrofoto.com.pt\/welcome\/wp-json\/wp\/v2\/comments?post=4640"}],"wp:featuredmedia":[{"embeddable":true,"href":"https:\/\/site.astrofoto.com.pt\/welcome\/wp-json\/wp\/v2\/media\/4641"}],"wp:attachment":[{"href":"https:\/\/site.astrofoto.com.pt\/welcome\/wp-json\/wp\/v2\/media?parent=4640"}],"wp:term":[{"taxonomy":"product_brand","embeddable":true,"href":"https:\/\/site.astrofoto.com.pt\/welcome\/wp-json\/wp\/v2\/product_brand?post=4640"},{"taxonomy":"product_cat","embeddable":true,"href":"https:\/\/site.astrofoto.com.pt\/welcome\/wp-json\/wp\/v2\/product_cat?post=4640"},{"taxonomy":"product_tag","embeddable":true,"href":"https:\/\/site.astrofoto.com.pt\/welcome\/wp-json\/wp\/v2\/product_tag?post=4640"}],"curies":[{"name":"wp","href":"https:\/\/api.w.org\/{rel}","templated":true}]}}