{"id":457,"date":"2015-06-24T15:56:06","date_gmt":"2015-06-24T15:56:06","guid":{"rendered":"http:\/\/site.astrofoto.com.pt\/welcome\/?post_type=product&#038;p=457"},"modified":"2025-03-03T11:51:03","modified_gmt":"2025-03-03T11:51:03","slug":"barlow-2x-rosca-t","status":"publish","type":"product","link":"https:\/\/site.astrofoto.com.pt\/welcome\/produto\/barlow-2x-rosca-t\/","title":{"rendered":"Barlow 2x rosca T"},"content":{"rendered":"<p><strong>Barlow 2x rosca T<\/strong><\/p>\n<p>\u2022 Barlow acrom\u00e1tica 2x<br \/>\n\u2022 Duplica opticamente a dist\u00e2ncia focal e, portanto, as amplia\u00e7\u00f5es de cada ocular.<br \/>\n\u2022 Rosca T\u00a0(para adaptar\u00a0directamente uma c\u00e2mara SLR ao foco prim\u00e1rio)<\/p>\n<p>\u25baseparando o elemento optico poder\u00e1 enrosca-lo na propria ocular (rosca de filtro) e obter 1.3x de amplia\u00e7\u00e3o<\/p>\n","protected":false},"excerpt":{"rendered":"<p>Barlow 2x rosca T \u2022 Barlow acrom\u00e1tica 2x \u2022 Duplica opticamente a dist\u00e2ncia focal e, portanto, as amplia\u00e7\u00f5es de cada ocular. \u2022 Rosca T\u00a0(para adaptar\u00a0directamente uma c\u00e2mara SLR ao foco prim\u00e1rio) \u25baseparando o elemento optico poder\u00e1 enrosca-lo na propria ocular (rosca de filtro) e obter 1.3x de amplia\u00e7\u00e3o<\/p>\n","protected":false},"featured_media":458,"comment_status":"open","ping_status":"closed","template":"","meta":[],"product_brand":[],"product_cat":[31,95],"product_tag":[],"class_list":{"0":"post-457","1":"product","2":"type-product","3":"status-publish","4":"has-post-thumbnail","6":"product_cat-miscelanea","7":"product_cat-stock-off","9":"first","10":"onbackorder","11":"shipping-taxable","12":"purchasable","13":"product-type-simple"},"_links":{"self":[{"href":"https:\/\/site.astrofoto.com.pt\/welcome\/wp-json\/wp\/v2\/product\/457","targetHints":{"allow":["GET"]}}],"collection":[{"href":"https:\/\/site.astrofoto.com.pt\/welcome\/wp-json\/wp\/v2\/product"}],"about":[{"href":"https:\/\/site.astrofoto.com.pt\/welcome\/wp-json\/wp\/v2\/types\/product"}],"replies":[{"embeddable":true,"href":"https:\/\/site.astrofoto.com.pt\/welcome\/wp-json\/wp\/v2\/comments?post=457"}],"wp:featuredmedia":[{"embeddable":true,"href":"https:\/\/site.astrofoto.com.pt\/welcome\/wp-json\/wp\/v2\/media\/458"}],"wp:attachment":[{"href":"https:\/\/site.astrofoto.com.pt\/welcome\/wp-json\/wp\/v2\/media?parent=457"}],"wp:term":[{"taxonomy":"product_brand","embeddable":true,"href":"https:\/\/site.astrofoto.com.pt\/welcome\/wp-json\/wp\/v2\/product_brand?post=457"},{"taxonomy":"product_cat","embeddable":true,"href":"https:\/\/site.astrofoto.com.pt\/welcome\/wp-json\/wp\/v2\/product_cat?post=457"},{"taxonomy":"product_tag","embeddable":true,"href":"https:\/\/site.astrofoto.com.pt\/welcome\/wp-json\/wp\/v2\/product_tag?post=457"}],"curies":[{"name":"wp","href":"https:\/\/api.w.org\/{rel}","templated":true}]}}