{"id":4563,"date":"2019-11-18T13:15:07","date_gmt":"2019-11-18T13:15:07","guid":{"rendered":"http:\/\/site.astrofoto.com.pt\/welcome\/?post_type=product&#038;p=4563"},"modified":"2025-04-09T15:05:28","modified_gmt":"2025-04-09T15:05:28","slug":"telescopio-sky-watcher-bd-200-1000-heq5-synscan","status":"publish","type":"product","link":"https:\/\/site.astrofoto.com.pt\/welcome\/produto\/telescopio-sky-watcher-bd-200-1000-heq5-synscan\/","title":{"rendered":"Telesc\u00f3pio Sky-Watcher DS 200\/1000 HEQ5 Synscan Wi-Fi"},"content":{"rendered":"<p>&nbsp;<\/p>\n<p><strong>Telesc\u00f3pio Newton SkyWatcher 200\/1000 DS HEQ5 Pro Go-To Wi-Fi<br \/>\n<\/strong><\/p>\n<p>\u2022 Newton SkyWatcher Black Diamond 200mm f\/5 (com microfocador)<br \/>\n\u2022 Montagem equatorial\u00a0 HEQ5 Pro Go-To<br \/>\n\u2022 Tubo Optico\u00a0\u00a0 \u00a0Alum\u00ednio<br \/>\n\u2022 Com dovetail e aneis de fixa\u00e7\u00e3o<br \/>\n\u2022 Dist\u00e2ncia Focal\u00a0\u00a0 \u00a01000mm<br \/>\n\u2022 Espelho\u00a0\u00a0 \u00a0Parab\u00f3lico<br \/>\n\u2022 Poder de resolu\u00e7\u00e3o\u00a0\u00a0 \u00a00.6\u2033<br \/>\n\u2022 Magnitude limite\u00a0\u00a0 \u00a014.2<br \/>\n\u2022 Porta-Oculares\u00a0\u00a0 \u00a0Crayford 50.8\/31.75 Sky-Watcher <strong>com microfocador<\/strong><br \/>\n\u2022 Ocular: LET 28mm 2&#8243;<br \/>\n\u2022 Dimens\u00f5es\u00a0\u00a0 \u00a024cm x 92cm<br \/>\n\u2022 Peso do tubo Optico\u00a0\u00a0 \u00a08.75 kg<br \/>\n\u2022 Montagem equatorial alem\u00e3 HEQ5 Pro Go-To<br \/>\n\u2022 Visor Polar<br \/>\n\u2022 Motor de passos resolu\u00e7\u00e3o: 0.144 arc\/sec<br \/>\n\u2022 Velocidade at\u00e9 3.4\u00b0\/sec \u2013 Escala\u00a0 de 2x \u00e0 800x<br \/>\n\u2022 Capacidade de carga\u00a0\u00a0 13kg<br \/>\n\u2022 Condu\u00e7\u00e3o por Wi-Fi e a APP synscan com 49.200 objetos em memoria<br \/>\n\u2022 Modo de seguimento: Sideral, Lunar ou Solar<br \/>\n\u2022 Fun\u00e7\u00f5es: Parquear, sincronizar, \u201cBacklash\u201d, identifica\u00e7\u00e3o, \u201cTour\u201d<br \/>\n\u2022 2 Contrapesos de 5kg fornecidos<br \/>\n\u2022 Trip\u00e9 tubular em a\u00e7o regul\u00e1vel em altura (71cm a 123cm)<br \/>\n\u2022 Peso da Montagem : 10kg<br \/>\n\u2022 Peso do Trip\u00e9 : 5,6kg<br \/>\n\u2022 Alimenta\u00e7\u00e3o\u00a0\u00a0 \u00a0Cabo de isqueiro incluido<br \/>\n\u2022 Alimenta\u00e7\u00e3o DC12V (n\u00e3o incluido)<br \/>\n\u2022 Peso Total sem contrapesos: 25Kg<\/p>\n","protected":false},"excerpt":{"rendered":"<p>&nbsp; Telesc\u00f3pio Newton SkyWatcher 200\/1000 DS HEQ5 Pro Go-To Wi-Fi \u2022 Newton SkyWatcher Black Diamond 200mm f\/5 (com microfocador) \u2022 Montagem equatorial\u00a0 HEQ5 Pro Go-To \u2022 Tubo Optico\u00a0\u00a0 \u00a0Alum\u00ednio \u2022 Com dovetail e aneis de fixa\u00e7\u00e3o \u2022 Dist\u00e2ncia Focal\u00a0\u00a0 \u00a01000mm \u2022 Espelho\u00a0\u00a0 \u00a0Parab\u00f3lico \u2022 Poder de resolu\u00e7\u00e3o\u00a0\u00a0 \u00a00.6\u2033 \u2022 Magnitude limite\u00a0\u00a0 \u00a014.2 \u2022 Porta-Oculares\u00a0\u00a0 \u00a0Crayford<\/p>\n<div class=\"more-link\">\n\t\t\t\t <a href=\"https:\/\/site.astrofoto.com.pt\/welcome\/produto\/telescopio-sky-watcher-bd-200-1000-heq5-synscan\/\" class=\"btn theme-btn inverted\"><span>Continuar a Ler <\/span><\/a>\n\t\t\t<\/div>\n","protected":false},"featured_media":8483,"comment_status":"closed","ping_status":"closed","template":"","meta":[],"product_brand":[],"product_cat":[63,92,15],"product_tag":[],"class_list":{"0":"post-4563","1":"product","2":"type-product","3":"status-publish","4":"has-post-thumbnail","6":"product_cat-promocoes","7":"product_cat-swpromo","8":"product_cat-telescopios-reflectores","10":"first","11":"onbackorder","12":"sale","13":"shipping-taxable","14":"purchasable","15":"product-type-simple"},"_links":{"self":[{"href":"https:\/\/site.astrofoto.com.pt\/welcome\/wp-json\/wp\/v2\/product\/4563","targetHints":{"allow":["GET"]}}],"collection":[{"href":"https:\/\/site.astrofoto.com.pt\/welcome\/wp-json\/wp\/v2\/product"}],"about":[{"href":"https:\/\/site.astrofoto.com.pt\/welcome\/wp-json\/wp\/v2\/types\/product"}],"replies":[{"embeddable":true,"href":"https:\/\/site.astrofoto.com.pt\/welcome\/wp-json\/wp\/v2\/comments?post=4563"}],"wp:featuredmedia":[{"embeddable":true,"href":"https:\/\/site.astrofoto.com.pt\/welcome\/wp-json\/wp\/v2\/media\/8483"}],"wp:attachment":[{"href":"https:\/\/site.astrofoto.com.pt\/welcome\/wp-json\/wp\/v2\/media?parent=4563"}],"wp:term":[{"taxonomy":"product_brand","embeddable":true,"href":"https:\/\/site.astrofoto.com.pt\/welcome\/wp-json\/wp\/v2\/product_brand?post=4563"},{"taxonomy":"product_cat","embeddable":true,"href":"https:\/\/site.astrofoto.com.pt\/welcome\/wp-json\/wp\/v2\/product_cat?post=4563"},{"taxonomy":"product_tag","embeddable":true,"href":"https:\/\/site.astrofoto.com.pt\/welcome\/wp-json\/wp\/v2\/product_tag?post=4563"}],"curies":[{"name":"wp","href":"https:\/\/api.w.org\/{rel}","templated":true}]}}