{"id":4518,"date":"2019-10-23T11:19:48","date_gmt":"2019-10-23T11:19:48","guid":{"rendered":"http:\/\/site.astrofoto.com.pt\/welcome\/?post_type=product&#038;p=4518"},"modified":"2023-11-15T16:06:05","modified_gmt":"2023-11-15T16:06:05","slug":"espectroscopio-de-bolso-shelyak","status":"publish","type":"product","link":"https:\/\/site.astrofoto.com.pt\/welcome\/produto\/espectroscopio-de-bolso-shelyak\/","title":{"rendered":"espectrosc\u00f3pio de bolso Shelyak"},"content":{"rendered":"<p><a href=\"http:\/\/site.astrofoto.com.pt\/welcome\/wp-content\/uploads\/2019\/10\/ShelyakBolso01.png\"><img decoding=\"async\" class=\"alignleft size-full wp-image-4519\" src=\"http:\/\/site.astrofoto.com.pt\/welcome\/wp-content\/uploads\/2019\/10\/ShelyakBolso01.png\" alt=\"\" width=\"210\" height=\"141\" srcset=\"https:\/\/site.astrofoto.com.pt\/welcome\/wp-content\/uploads\/2019\/10\/ShelyakBolso01.png 210w, https:\/\/site.astrofoto.com.pt\/welcome\/wp-content\/uploads\/2019\/10\/ShelyakBolso01-150x101.png 150w\" sizes=\"(max-width: 210px) 100vw, 210px\" \/><\/a><strong>espectrosc\u00f3pio de bolso Shelyak<\/strong><\/p>\n<div class=\"et_pb_tab et_pb_tab_1 clearfix et-pb-active-slide\">\n<div class=\"et_pb_tab_content\">\n<ul>\n<li>ocular de diametro largo facilita a vis\u00e3o do espectro<\/li>\n<li>componentes de alta qualidade para assegurar a vis\u00e3o das bandas mais fracas.<\/li>\n<li>o Espectro Linear\u00a0 \u00e9 gerado por uma transmiss\u00e3o particularmente brilhante de\u00a0 600 linhas\/mm.<\/li>\n<li>constru\u00e7\u00e3o robusta.<\/li>\n<li>dimens\u00f5es: 115mm x 25mm.<\/li>\n<li>caixa r\u00edgida de transporte.<\/li>\n<\/ul>\n<\/div>\n<\/div>\n","protected":false},"excerpt":{"rendered":"<p>espectrosc\u00f3pio de bolso Shelyak ocular de diametro largo facilita a vis\u00e3o do espectro componentes de alta qualidade para assegurar a vis\u00e3o das bandas mais fracas. o Espectro Linear\u00a0 \u00e9 gerado por uma transmiss\u00e3o particularmente brilhante de\u00a0 600 linhas\/mm. constru\u00e7\u00e3o robusta. dimens\u00f5es: 115mm x 25mm. caixa r\u00edgida de transporte.<\/p>\n","protected":false},"featured_media":4519,"comment_status":"closed","ping_status":"closed","template":"","meta":[],"product_brand":[],"product_cat":[90],"product_tag":[],"class_list":{"0":"post-4518","1":"product","2":"type-product","3":"status-publish","4":"has-post-thumbnail","6":"product_cat-espectroscopios","8":"first","9":"onbackorder","10":"shipping-taxable","11":"purchasable","12":"product-type-simple"},"_links":{"self":[{"href":"https:\/\/site.astrofoto.com.pt\/welcome\/wp-json\/wp\/v2\/product\/4518","targetHints":{"allow":["GET"]}}],"collection":[{"href":"https:\/\/site.astrofoto.com.pt\/welcome\/wp-json\/wp\/v2\/product"}],"about":[{"href":"https:\/\/site.astrofoto.com.pt\/welcome\/wp-json\/wp\/v2\/types\/product"}],"replies":[{"embeddable":true,"href":"https:\/\/site.astrofoto.com.pt\/welcome\/wp-json\/wp\/v2\/comments?post=4518"}],"wp:featuredmedia":[{"embeddable":true,"href":"https:\/\/site.astrofoto.com.pt\/welcome\/wp-json\/wp\/v2\/media\/4519"}],"wp:attachment":[{"href":"https:\/\/site.astrofoto.com.pt\/welcome\/wp-json\/wp\/v2\/media?parent=4518"}],"wp:term":[{"taxonomy":"product_brand","embeddable":true,"href":"https:\/\/site.astrofoto.com.pt\/welcome\/wp-json\/wp\/v2\/product_brand?post=4518"},{"taxonomy":"product_cat","embeddable":true,"href":"https:\/\/site.astrofoto.com.pt\/welcome\/wp-json\/wp\/v2\/product_cat?post=4518"},{"taxonomy":"product_tag","embeddable":true,"href":"https:\/\/site.astrofoto.com.pt\/welcome\/wp-json\/wp\/v2\/product_tag?post=4518"}],"curies":[{"name":"wp","href":"https:\/\/api.w.org\/{rel}","templated":true}]}}