{"id":44,"date":"2014-12-29T16:57:44","date_gmt":"2014-12-29T16:57:44","guid":{"rendered":"http:\/\/site.astrofoto.com.pt\/welcome\/?post_type=product&#038;p=44"},"modified":"2022-08-10T12:59:00","modified_gmt":"2022-08-10T12:59:00","slug":"skywatcher-star-adventurer-astro","status":"publish","type":"product","link":"https:\/\/site.astrofoto.com.pt\/welcome\/produto\/skywatcher-star-adventurer-astro\/","title":{"rendered":"Skywatcher NOVO Star Adventurer 2i WiFi Astro"},"content":{"rendered":"<p><strong>M<a href=\"http:\/\/site.astrofoto.com.pt\/welcome\/wp-content\/uploads\/2014\/12\/SWStarAstro.jpg\"><img fetchpriority=\"high\" decoding=\"async\" class=\"alignleft size-medium wp-image-4748\" src=\"http:\/\/site.astrofoto.com.pt\/welcome\/wp-content\/uploads\/2014\/12\/SWStarAstro-300x279.jpg\" alt=\"\" width=\"300\" height=\"279\" srcset=\"https:\/\/site.astrofoto.com.pt\/welcome\/wp-content\/uploads\/2014\/12\/SWStarAstro-300x279.jpg 300w, https:\/\/site.astrofoto.com.pt\/welcome\/wp-content\/uploads\/2014\/12\/SWStarAstro-450x419.jpg 450w, https:\/\/site.astrofoto.com.pt\/welcome\/wp-content\/uploads\/2014\/12\/SWStarAstro-600x558.jpg 600w, https:\/\/site.astrofoto.com.pt\/welcome\/wp-content\/uploads\/2014\/12\/SWStarAstro.jpg 634w\" sizes=\"(max-width: 300px) 100vw, 300px\" \/><\/a>ontagem\u00a0 Skywatcher Star Adventurer\u00a0 II Wi-Fi Astro<br \/>\n<\/strong><\/p>\n<p>\u25ba Wi-Fi integrado<br \/>\n\u25baoferece uma plataforma est\u00e1vel e port\u00e1til para seguimento do C\u00e9u Nocturno em AR (Ascens\u00e3o Recta) com a sua DSLR e possibilitando interface com o disparador da c\u00e2mara para fotos autom\u00e1ticas<\/p>\n<p>\u2022 Pre-selec\u00e7\u00e3o de Time Lapse<br \/>\n\u2022 O Buscador polar iluminado completa as possibilidades de alinhamento e seguimento<br \/>\n\u2022 Velocidades\u00a0 sideral, solar e lunar em AR<br \/>\n\u2022 Baterias:\u00a0 4xAA (caixa de pilhas)<br \/>\n\u2022 Tipo de alimenta\u00e7\u00e3o: 5V (mini USB)<br \/>\n\u2022 Portas ST4 e mini USB<br \/>\n\u2022 Rosca para trip\u00e9 3\/8&#8243; e 1\/4&#8243;<br \/>\n\u2022 Capacidade de carga: 5Kg<br \/>\n\u2022 Dimens\u00f5es: 173mm x 113mm x 96mm<br \/>\n\u2022 Peso Total: 1,2Kg<\/p>\n","protected":false},"excerpt":{"rendered":"<p>Montagem\u00a0 Skywatcher Star Adventurer\u00a0 II Wi-Fi Astro \u25ba Wi-Fi integrado \u25baoferece uma plataforma est\u00e1vel e port\u00e1til para seguimento do C\u00e9u Nocturno em AR (Ascens\u00e3o Recta) com a sua DSLR e possibilitando interface com o disparador da c\u00e2mara para fotos autom\u00e1ticas \u2022 Pre-selec\u00e7\u00e3o de Time Lapse \u2022 O Buscador polar iluminado completa as possibilidades de alinhamento<\/p>\n<div class=\"more-link\">\n\t\t\t\t <a href=\"https:\/\/site.astrofoto.com.pt\/welcome\/produto\/skywatcher-star-adventurer-astro\/\" class=\"btn theme-btn inverted\"><span>Continuar a Ler <\/span><\/a>\n\t\t\t<\/div>\n","protected":false},"featured_media":4748,"comment_status":"open","ping_status":"closed","template":"","meta":[],"product_brand":[],"product_cat":[14,68],"product_tag":[],"class_list":{"0":"post-44","1":"product","2":"type-product","3":"status-publish","4":"has-post-thumbnail","6":"product_cat-montagens","7":"product_cat-wi-fi","9":"first","10":"onbackorder","11":"shipping-taxable","12":"purchasable","13":"product-type-simple"},"_links":{"self":[{"href":"https:\/\/site.astrofoto.com.pt\/welcome\/wp-json\/wp\/v2\/product\/44","targetHints":{"allow":["GET"]}}],"collection":[{"href":"https:\/\/site.astrofoto.com.pt\/welcome\/wp-json\/wp\/v2\/product"}],"about":[{"href":"https:\/\/site.astrofoto.com.pt\/welcome\/wp-json\/wp\/v2\/types\/product"}],"replies":[{"embeddable":true,"href":"https:\/\/site.astrofoto.com.pt\/welcome\/wp-json\/wp\/v2\/comments?post=44"}],"wp:featuredmedia":[{"embeddable":true,"href":"https:\/\/site.astrofoto.com.pt\/welcome\/wp-json\/wp\/v2\/media\/4748"}],"wp:attachment":[{"href":"https:\/\/site.astrofoto.com.pt\/welcome\/wp-json\/wp\/v2\/media?parent=44"}],"wp:term":[{"taxonomy":"product_brand","embeddable":true,"href":"https:\/\/site.astrofoto.com.pt\/welcome\/wp-json\/wp\/v2\/product_brand?post=44"},{"taxonomy":"product_cat","embeddable":true,"href":"https:\/\/site.astrofoto.com.pt\/welcome\/wp-json\/wp\/v2\/product_cat?post=44"},{"taxonomy":"product_tag","embeddable":true,"href":"https:\/\/site.astrofoto.com.pt\/welcome\/wp-json\/wp\/v2\/product_tag?post=44"}],"curies":[{"name":"wp","href":"https:\/\/api.w.org\/{rel}","templated":true}]}}