{"id":4352,"date":"2019-08-08T09:21:04","date_gmt":"2019-08-08T09:21:04","guid":{"rendered":"http:\/\/site.astrofoto.com.pt\/welcome\/?post_type=product&#038;p=4352"},"modified":"2025-03-13T17:07:57","modified_gmt":"2025-03-13T17:07:57","slug":"saco-oklop-para-newton-150-750","status":"publish","type":"product","link":"https:\/\/site.astrofoto.com.pt\/welcome\/produto\/saco-oklop-para-newton-150-750\/","title":{"rendered":"Saco Oklop para Newton 150\/750"},"content":{"rendered":"<p><a href=\"http:\/\/site.astrofoto.com.pt\/welcome\/wp-content\/uploads\/2019\/08\/SacoOklop150.jpg\"><img fetchpriority=\"high\" decoding=\"async\" class=\"alignleft size-full wp-image-4353\" src=\"http:\/\/site.astrofoto.com.pt\/welcome\/wp-content\/uploads\/2019\/08\/SacoOklop150.jpg\" alt=\"\" width=\"300\" height=\"300\" srcset=\"https:\/\/site.astrofoto.com.pt\/welcome\/wp-content\/uploads\/2019\/08\/SacoOklop150.jpg 300w, https:\/\/site.astrofoto.com.pt\/welcome\/wp-content\/uploads\/2019\/08\/SacoOklop150-100x100.jpg 100w, https:\/\/site.astrofoto.com.pt\/welcome\/wp-content\/uploads\/2019\/08\/SacoOklop150-150x150.jpg 150w\" sizes=\"(max-width: 300px) 100vw, 300px\" \/><\/a><strong>Saco Oklop para Newton 150\/750<\/strong><\/p>\n<p>\u2022\u00a0<span class=\"tlid-translation translation\" lang=\"pt\"><span class=\"\" title=\"\"> equilibrado, suportes de acordo com o centro de gravidade.<\/span><br \/>\n\u2022 <span class=\"\" title=\"\">forma cil\u00edndrica para melhor protec\u00e7\u00e3o.<\/span><br \/>\n\u2022 poliester repelente de agua<span class=\"\" title=\"\">.<br \/>\n\u2022 espuma de borracha no forro<br \/>\n\u2022 aneis em metal.<br \/>\n\u2022 fecho &#8220;eclair&#8221;<\/span><br \/>\n\u2022 medidas: 72x25x35cm<br \/>\n\u2022 espuma de 10mm<\/span><\/p>\n<p>&nbsp;<\/p>\n","protected":false},"excerpt":{"rendered":"<p>Saco Oklop para Newton 150\/750 \u2022\u00a0 equilibrado, suportes de acordo com o centro de gravidade. \u2022 forma cil\u00edndrica para melhor protec\u00e7\u00e3o. \u2022 poliester repelente de agua. \u2022 espuma de borracha no forro \u2022 aneis em metal. \u2022 fecho &#8220;eclair&#8221; \u2022 medidas: 72x25x35cm \u2022 espuma de 10mm &nbsp;<\/p>\n","protected":false},"featured_media":4353,"comment_status":"closed","ping_status":"closed","template":"","meta":[],"product_brand":[],"product_cat":[65],"product_tag":[],"class_list":{"0":"post-4352","1":"product","2":"type-product","3":"status-publish","4":"has-post-thumbnail","6":"product_cat-sacos-e-malas","8":"first","9":"onbackorder","10":"shipping-taxable","11":"purchasable","12":"product-type-simple"},"_links":{"self":[{"href":"https:\/\/site.astrofoto.com.pt\/welcome\/wp-json\/wp\/v2\/product\/4352","targetHints":{"allow":["GET"]}}],"collection":[{"href":"https:\/\/site.astrofoto.com.pt\/welcome\/wp-json\/wp\/v2\/product"}],"about":[{"href":"https:\/\/site.astrofoto.com.pt\/welcome\/wp-json\/wp\/v2\/types\/product"}],"replies":[{"embeddable":true,"href":"https:\/\/site.astrofoto.com.pt\/welcome\/wp-json\/wp\/v2\/comments?post=4352"}],"wp:featuredmedia":[{"embeddable":true,"href":"https:\/\/site.astrofoto.com.pt\/welcome\/wp-json\/wp\/v2\/media\/4353"}],"wp:attachment":[{"href":"https:\/\/site.astrofoto.com.pt\/welcome\/wp-json\/wp\/v2\/media?parent=4352"}],"wp:term":[{"taxonomy":"product_brand","embeddable":true,"href":"https:\/\/site.astrofoto.com.pt\/welcome\/wp-json\/wp\/v2\/product_brand?post=4352"},{"taxonomy":"product_cat","embeddable":true,"href":"https:\/\/site.astrofoto.com.pt\/welcome\/wp-json\/wp\/v2\/product_cat?post=4352"},{"taxonomy":"product_tag","embeddable":true,"href":"https:\/\/site.astrofoto.com.pt\/welcome\/wp-json\/wp\/v2\/product_tag?post=4352"}],"curies":[{"name":"wp","href":"https:\/\/api.w.org\/{rel}","templated":true}]}}