{"id":426,"date":"2015-06-22T18:03:39","date_gmt":"2015-06-22T18:03:39","guid":{"rendered":"http:\/\/site.astrofoto.com.pt\/welcome\/?post_type=product&#038;p=426"},"modified":"2024-08-07T13:16:52","modified_gmt":"2024-08-07T13:16:52","slug":"adaptador-m42macho-a-m42-macho-2","status":"publish","type":"product","link":"https:\/\/site.astrofoto.com.pt\/welcome\/produto\/adaptador-m42macho-a-m42-macho-2\/","title":{"rendered":"Adaptador M42macho a M42 macho"},"content":{"rendered":"<p><a href=\"http:\/\/site.astrofoto.com.pt\/welcome\/wp-content\/uploads\/2015\/06\/m4.png\"><img fetchpriority=\"high\" decoding=\"async\" class=\"alignleft size-full wp-image-427\" src=\"http:\/\/site.astrofoto.com.pt\/welcome\/wp-content\/uploads\/2015\/06\/m4.png\" alt=\"m4\" width=\"280\" height=\"239\" srcset=\"https:\/\/site.astrofoto.com.pt\/welcome\/wp-content\/uploads\/2015\/06\/m4.png 280w, https:\/\/site.astrofoto.com.pt\/welcome\/wp-content\/uploads\/2015\/06\/m4-150x128.png 150w\" sizes=\"(max-width: 280px) 100vw, 280px\" \/><\/a><span style=\"font-size: medium;\"><span style=\"font-size: small;\">\u2022 Adapta a rosca \u00e0 M42 f\u00eamea de maneira a entrar na M42 f\u00eamea<br \/>\n\u2022 C\u00e2maras Starlight<br \/>\n\u2022 Flip mirror True Technology<br \/>\n\u2022 Outros<\/span> <\/span><\/p>\n","protected":false},"excerpt":{"rendered":"<p>\u2022 Adapta a rosca \u00e0 M42 f\u00eamea de maneira a entrar na M42 f\u00eamea \u2022 C\u00e2maras Starlight \u2022 Flip mirror True Technology \u2022 Outros<\/p>\n","protected":false},"featured_media":427,"comment_status":"open","ping_status":"closed","template":"","meta":[],"product_brand":[],"product_cat":[34,31,95],"product_tag":[],"class_list":{"0":"post-426","1":"product","2":"type-product","3":"status-publish","4":"has-post-thumbnail","6":"product_cat-acessoriosfotografia","7":"product_cat-miscelanea","8":"product_cat-stock-off","10":"first","11":"instock","12":"sale","13":"shipping-taxable","14":"purchasable","15":"product-type-simple"},"_links":{"self":[{"href":"https:\/\/site.astrofoto.com.pt\/welcome\/wp-json\/wp\/v2\/product\/426","targetHints":{"allow":["GET"]}}],"collection":[{"href":"https:\/\/site.astrofoto.com.pt\/welcome\/wp-json\/wp\/v2\/product"}],"about":[{"href":"https:\/\/site.astrofoto.com.pt\/welcome\/wp-json\/wp\/v2\/types\/product"}],"replies":[{"embeddable":true,"href":"https:\/\/site.astrofoto.com.pt\/welcome\/wp-json\/wp\/v2\/comments?post=426"}],"wp:featuredmedia":[{"embeddable":true,"href":"https:\/\/site.astrofoto.com.pt\/welcome\/wp-json\/wp\/v2\/media\/427"}],"wp:attachment":[{"href":"https:\/\/site.astrofoto.com.pt\/welcome\/wp-json\/wp\/v2\/media?parent=426"}],"wp:term":[{"taxonomy":"product_brand","embeddable":true,"href":"https:\/\/site.astrofoto.com.pt\/welcome\/wp-json\/wp\/v2\/product_brand?post=426"},{"taxonomy":"product_cat","embeddable":true,"href":"https:\/\/site.astrofoto.com.pt\/welcome\/wp-json\/wp\/v2\/product_cat?post=426"},{"taxonomy":"product_tag","embeddable":true,"href":"https:\/\/site.astrofoto.com.pt\/welcome\/wp-json\/wp\/v2\/product_tag?post=426"}],"curies":[{"name":"wp","href":"https:\/\/api.w.org\/{rel}","templated":true}]}}