{"id":4247,"date":"2019-07-02T16:21:45","date_gmt":"2019-07-02T16:21:45","guid":{"rendered":"http:\/\/site.astrofoto.com.pt\/welcome\/?post_type=product&#038;p=4247"},"modified":"2020-11-05T14:59:21","modified_gmt":"2020-11-05T14:59:21","slug":"astrofisica-para-gente-com-pressa-2","status":"publish","type":"product","link":"https:\/\/site.astrofoto.com.pt\/welcome\/produto\/astrofisica-para-gente-com-pressa-2\/","title":{"rendered":"Astrofisica para gente com pressa"},"content":{"rendered":"<p><a href=\"http:\/\/site.astrofoto.com.pt\/welcome\/wp-content\/uploads\/2019\/07\/astrof\u00edsica.jpg\"><img fetchpriority=\"high\" decoding=\"async\" class=\"alignleft size-medium wp-image-4248\" src=\"http:\/\/site.astrofoto.com.pt\/welcome\/wp-content\/uploads\/2019\/07\/astrof\u00edsica-194x300.jpg\" alt=\"\" width=\"194\" height=\"300\" srcset=\"https:\/\/site.astrofoto.com.pt\/welcome\/wp-content\/uploads\/2019\/07\/astrof\u00edsica-194x300.jpg 194w, https:\/\/site.astrofoto.com.pt\/welcome\/wp-content\/uploads\/2019\/07\/astrof\u00edsica-150x232.jpg 150w, https:\/\/site.astrofoto.com.pt\/welcome\/wp-content\/uploads\/2019\/07\/astrof\u00edsica.jpg 233w\" sizes=\"(max-width: 194px) 100vw, 194px\" \/><\/a><strong>Astrofisica para gente com pressa<br \/>\n<\/strong>de:<strong> Neil de Grasse Tyson<br \/>\n<\/strong><\/p>\n<div class=\"col-xs-12 col-sm-8\">\n<p>Da autoria do mais famoso dos astrof\u00edsicos actuais, este livro cont\u00e9m o essencial sobre o Universo. Qual \u00e9 a natureza do espa\u00e7o e do tempo? Como \u00e9 que nos encaixamos no Universo? E como \u00e9 que o Universo se encaixa em n\u00f3s? Nestas quest\u00f5es n\u00e3o h\u00e1 melhor guia do que Tyson.<\/p>\n<p>A verdade \u00e9 que, nos dias que correm, poucos t\u00eam tempo para contemplar o Cosmos, mas neste livro Tyson tr\u00e1-lo at\u00e9 ao leitor de uma forma breve e clara, com uma intelig\u00eancia cintilante, em curtos cap\u00edtulos que se podem ler a qualquer hora e em qualquer lugar, ao longo do seu dia agitado.<\/p>\n<p>Enquanto espera pelo caf\u00e9, pelo autocarro, pelo comboio ou pelo avi\u00e3o, Astrof\u00edsica para Gente com Pressa revelar-lhe-\u00e1 tudo o que precisa para compreender os pr\u00f3ximos t\u00edtulos da imprensa sobre o Cosmos: do Big Bang aos buracos negros, dos quarks \u00e0 teoria qu\u00e2ntica, e da procura de exoplanetas \u00e0 busca de vida no Universo.<\/p>\n<p>\u00abTyson apresenta a ci\u00eancia de uma forma brilhante e extraordinariamente acess\u00edvel&#8230; [As suas] ideias s\u00e3o valiosas para qualquer l\u00edder, professor, cientista ou educador.\u00bb<br \/>\nForbes<\/p>\n<\/div>\n","protected":false},"excerpt":{"rendered":"<p>Astrofisica para gente com pressa de: Neil de Grasse Tyson Da autoria do mais famoso dos astrof\u00edsicos actuais, este livro cont\u00e9m o essencial sobre o Universo. Qual \u00e9 a natureza do espa\u00e7o e do tempo? Como \u00e9 que nos encaixamos no Universo? E como \u00e9 que o Universo se encaixa em n\u00f3s? Nestas quest\u00f5es n\u00e3o<\/p>\n<div class=\"more-link\">\n\t\t\t\t <a href=\"https:\/\/site.astrofoto.com.pt\/welcome\/produto\/astrofisica-para-gente-com-pressa-2\/\" class=\"btn theme-btn inverted\"><span>Continuar a Ler <\/span><\/a>\n\t\t\t<\/div>\n","protected":false},"featured_media":4248,"comment_status":"closed","ping_status":"closed","template":"","meta":[],"product_brand":[],"product_cat":[35],"product_tag":[],"class_list":{"0":"post-4247","1":"product","2":"type-product","3":"status-publish","4":"has-post-thumbnail","6":"product_cat-livro-e-dvd","8":"first","9":"outofstock","10":"shipping-taxable","11":"purchasable","12":"product-type-simple"},"_links":{"self":[{"href":"https:\/\/site.astrofoto.com.pt\/welcome\/wp-json\/wp\/v2\/product\/4247","targetHints":{"allow":["GET"]}}],"collection":[{"href":"https:\/\/site.astrofoto.com.pt\/welcome\/wp-json\/wp\/v2\/product"}],"about":[{"href":"https:\/\/site.astrofoto.com.pt\/welcome\/wp-json\/wp\/v2\/types\/product"}],"replies":[{"embeddable":true,"href":"https:\/\/site.astrofoto.com.pt\/welcome\/wp-json\/wp\/v2\/comments?post=4247"}],"wp:featuredmedia":[{"embeddable":true,"href":"https:\/\/site.astrofoto.com.pt\/welcome\/wp-json\/wp\/v2\/media\/4248"}],"wp:attachment":[{"href":"https:\/\/site.astrofoto.com.pt\/welcome\/wp-json\/wp\/v2\/media?parent=4247"}],"wp:term":[{"taxonomy":"product_brand","embeddable":true,"href":"https:\/\/site.astrofoto.com.pt\/welcome\/wp-json\/wp\/v2\/product_brand?post=4247"},{"taxonomy":"product_cat","embeddable":true,"href":"https:\/\/site.astrofoto.com.pt\/welcome\/wp-json\/wp\/v2\/product_cat?post=4247"},{"taxonomy":"product_tag","embeddable":true,"href":"https:\/\/site.astrofoto.com.pt\/welcome\/wp-json\/wp\/v2\/product_tag?post=4247"}],"curies":[{"name":"wp","href":"https:\/\/api.w.org\/{rel}","templated":true}]}}