{"id":4216,"date":"2019-06-26T15:28:31","date_gmt":"2019-06-26T15:28:31","guid":{"rendered":"http:\/\/site.astrofoto.com.pt\/welcome\/?post_type=product&#038;p=4216"},"modified":"2025-10-07T12:31:46","modified_gmt":"2025-10-07T12:31:46","slug":"telescopio-skywatcher-80-900-synscan-goto","status":"publish","type":"product","link":"https:\/\/site.astrofoto.com.pt\/welcome\/produto\/telescopio-skywatcher-80-900-synscan-goto\/","title":{"rendered":"Telescopio SkyWatcher 80\/900 Synscan GOTO"},"content":{"rendered":"<p><strong>Telescopio SkyWatcher 80\/900 Synscan GOTO<\/strong><\/p>\n<p>\u25baSistema GOTO:<br \/>\n\u2022Permite automaticamente a busca e seguimento dos objectos no C\u00e9u<br \/>\n\u2022Sugere o &#8220;tour&#8221; do que pode ver a essa hora nesse local<\/p>\n<p><span class=\"style10\">\u2022 diametro: 80mm<br \/>\n<\/span><span class=\"style10\">\u2022 focal: 900mm f\/11.25<br \/>\n\u2022 montagem: AZ\/GT Synscan GOTO<br \/>\n\u2022 Montagem Azimutal motorizada em ambos os eixos<br \/>\n\u2022 Nove velocidades de movimento: 4\u00ba\/seg, 2\u00ba\/seg, 1\u00ba\/seg, 0.5\u00ba\/seg, 32x, 16x, 8x, 4x, 2x<br \/>\n\u2022 Unidade de controlo Synscan com fun\u00e7\u00e3o GoTo e 42.000 objectos em mem\u00f3ria<br \/>\n\u2022 diagonal 90\u00ba<br \/>\n\u2022 oculares: S 25mm e S 10mm<br \/>\n\u2022 buscador: Red dot (ponto vermelho)<br \/>\n\u2022Trip\u00e9 de aluminio regulavel: 71cm a 123cm<br \/>\n\u2022 Alimenta\u00e7\u00e3o Caixa para pilhas (n\u00e3o incluidas)<br \/>\n\u2022 Alimenta\u00e7\u00e3o possivel a 12V &#8211;<a href=\"http:\/\/site.astrofoto.com.pt\/welcome\/produto\/adaptador-12v-3a\/\">opcional<\/a><br \/>\n<\/span><\/p>\n<p>&nbsp;<\/p>\n","protected":false},"excerpt":{"rendered":"<p>Telescopio SkyWatcher 80\/900 Synscan GOTO \u25baSistema GOTO: \u2022Permite automaticamente a busca e seguimento dos objectos no C\u00e9u \u2022Sugere o &#8220;tour&#8221; do que pode ver a essa hora nesse local \u2022 diametro: 80mm \u2022 focal: 900mm f\/11.25 \u2022 montagem: AZ\/GT Synscan GOTO \u2022 Montagem Azimutal motorizada em ambos os eixos \u2022 Nove velocidades de movimento: 4\u00ba\/seg,<\/p>\n<div class=\"more-link\">\n\t\t\t\t <a href=\"https:\/\/site.astrofoto.com.pt\/welcome\/produto\/telescopio-skywatcher-80-900-synscan-goto\/\" class=\"btn theme-btn inverted\"><span>Continuar a Ler <\/span><\/a>\n\t\t\t<\/div>\n","protected":false},"featured_media":4217,"comment_status":"closed","ping_status":"closed","template":"","meta":[],"product_brand":[],"product_cat":[79,16],"product_tag":[],"class_list":{"0":"post-4216","1":"product","2":"type-product","3":"status-publish","4":"has-post-thumbnail","6":"product_cat-montagens-goto","7":"product_cat-telescopios-refractores","9":"first","10":"outofstock","11":"shipping-taxable","12":"purchasable","13":"product-type-simple"},"_links":{"self":[{"href":"https:\/\/site.astrofoto.com.pt\/welcome\/wp-json\/wp\/v2\/product\/4216","targetHints":{"allow":["GET"]}}],"collection":[{"href":"https:\/\/site.astrofoto.com.pt\/welcome\/wp-json\/wp\/v2\/product"}],"about":[{"href":"https:\/\/site.astrofoto.com.pt\/welcome\/wp-json\/wp\/v2\/types\/product"}],"replies":[{"embeddable":true,"href":"https:\/\/site.astrofoto.com.pt\/welcome\/wp-json\/wp\/v2\/comments?post=4216"}],"wp:featuredmedia":[{"embeddable":true,"href":"https:\/\/site.astrofoto.com.pt\/welcome\/wp-json\/wp\/v2\/media\/4217"}],"wp:attachment":[{"href":"https:\/\/site.astrofoto.com.pt\/welcome\/wp-json\/wp\/v2\/media?parent=4216"}],"wp:term":[{"taxonomy":"product_brand","embeddable":true,"href":"https:\/\/site.astrofoto.com.pt\/welcome\/wp-json\/wp\/v2\/product_brand?post=4216"},{"taxonomy":"product_cat","embeddable":true,"href":"https:\/\/site.astrofoto.com.pt\/welcome\/wp-json\/wp\/v2\/product_cat?post=4216"},{"taxonomy":"product_tag","embeddable":true,"href":"https:\/\/site.astrofoto.com.pt\/welcome\/wp-json\/wp\/v2\/product_tag?post=4216"}],"curies":[{"name":"wp","href":"https:\/\/api.w.org\/{rel}","templated":true}]}}