{"id":4114,"date":"2019-05-30T14:21:09","date_gmt":"2019-05-30T14:21:09","guid":{"rendered":"http:\/\/site.astrofoto.com.pt\/welcome\/?post_type=product&#038;p=4114"},"modified":"2026-02-04T20:02:13","modified_gmt":"2026-02-04T20:02:13","slug":"estrela-artificial-hubble","status":"publish","type":"product","link":"https:\/\/site.astrofoto.com.pt\/welcome\/produto\/estrela-artificial-hubble\/","title":{"rendered":"Estrela Artificial Hubble Optics"},"content":{"rendered":"<p><a href=\"http:\/\/site.astrofoto.com.pt\/welcome\/wp-content\/uploads\/2019\/05\/EstrelaArtif00.jpg\"><img fetchpriority=\"high\" decoding=\"async\" class=\"alignleft size-medium wp-image-4118\" src=\"http:\/\/site.astrofoto.com.pt\/welcome\/wp-content\/uploads\/2019\/05\/EstrelaArtif00.jpg\" alt=\"\" width=\"300\" height=\"300\" srcset=\"https:\/\/site.astrofoto.com.pt\/welcome\/wp-content\/uploads\/2019\/05\/EstrelaArtif00.jpg 300w, https:\/\/site.astrofoto.com.pt\/welcome\/wp-content\/uploads\/2019\/05\/EstrelaArtif00-100x100.jpg 100w, https:\/\/site.astrofoto.com.pt\/welcome\/wp-content\/uploads\/2019\/05\/EstrelaArtif00-150x150.jpg 150w\" sizes=\"(max-width: 300px) 100vw, 300px\" \/><\/a><strong>Estrela Artificial Hubble Optics<br \/>\nHubble Optics 5-star Artificial Stars<br \/>\n<\/strong><\/p>\n<p>Para testar e colimar telesc\u00f3pios, refletores, catadi\u00f3ptricos e refratores, precisa fazer o teste por uma estrela. Nem sempre \u00e9 possivel ter uma estrela por varios condicionalismos e as condi\u00e7\u00f5es de transpar\u00eancia e estabilidade podem dificultar.<br \/>\nDa\u00ed a vantagem de ter uma estrela artificial.<\/p>\n<p>Uma estrela artificial \u00e9 uma excelente alternativa \u00e0 verdadeira estrela. Com uma estrela artificial, os testes podem ser realizados com precis\u00e3o a qualquer hora e em qualquer lugar.<br \/>\nConforme o telescopio a testar o tamanho da estrela pode ser importante por isso este dispositivo tem 5 tamanhos de estrelas que pode escolher.<\/p>\n<p>\u2022 5 tamanhos de estrela pontual<br \/>\n\u2022 5 LEDs brancos brilhantes com 5 orif\u00edcios de precis\u00e3o (50\/100\/150\/200\/250 microns)<br \/>\n\u2022 m\u00e1scara de \u00edman para tapar os que n\u00e3o deseja<\/p>\n<p><a href=\"http:\/\/www.astrophoto.fr\/collim.html\">\u25baver info <\/a>&#8220;colimar&#8221; por Thierry Legault<\/p>\n","protected":false},"excerpt":{"rendered":"<p>Estrela Artificial Hubble Optics Hubble Optics 5-star Artificial Stars Para testar e colimar telesc\u00f3pios, refletores, catadi\u00f3ptricos e refratores, precisa fazer o teste por uma estrela. Nem sempre \u00e9 possivel ter uma estrela por varios condicionalismos e as condi\u00e7\u00f5es de transpar\u00eancia e estabilidade podem dificultar. Da\u00ed a vantagem de ter uma estrela artificial. Uma estrela artificial<\/p>\n<div class=\"more-link\">\n\t\t\t\t <a href=\"https:\/\/site.astrofoto.com.pt\/welcome\/produto\/estrela-artificial-hubble\/\" class=\"btn theme-btn inverted\"><span>Continuar a Ler <\/span><\/a>\n\t\t\t<\/div>\n","protected":false},"featured_media":4118,"comment_status":"closed","ping_status":"closed","template":"","meta":[],"product_brand":[],"product_cat":[51,78,67],"product_tag":[],"class_list":{"0":"post-4114","1":"product","2":"type-product","3":"status-publish","4":"has-post-thumbnail","6":"product_cat-acessorios-para-telescopios","7":"product_cat-colimacao","8":"product_cat-https-site-astrofoto-com-pt-welcome-categoria-produto-novidade","10":"first","11":"onbackorder","12":"shipping-taxable","13":"purchasable","14":"product-type-simple"},"_links":{"self":[{"href":"https:\/\/site.astrofoto.com.pt\/welcome\/wp-json\/wp\/v2\/product\/4114","targetHints":{"allow":["GET"]}}],"collection":[{"href":"https:\/\/site.astrofoto.com.pt\/welcome\/wp-json\/wp\/v2\/product"}],"about":[{"href":"https:\/\/site.astrofoto.com.pt\/welcome\/wp-json\/wp\/v2\/types\/product"}],"replies":[{"embeddable":true,"href":"https:\/\/site.astrofoto.com.pt\/welcome\/wp-json\/wp\/v2\/comments?post=4114"}],"wp:featuredmedia":[{"embeddable":true,"href":"https:\/\/site.astrofoto.com.pt\/welcome\/wp-json\/wp\/v2\/media\/4118"}],"wp:attachment":[{"href":"https:\/\/site.astrofoto.com.pt\/welcome\/wp-json\/wp\/v2\/media?parent=4114"}],"wp:term":[{"taxonomy":"product_brand","embeddable":true,"href":"https:\/\/site.astrofoto.com.pt\/welcome\/wp-json\/wp\/v2\/product_brand?post=4114"},{"taxonomy":"product_cat","embeddable":true,"href":"https:\/\/site.astrofoto.com.pt\/welcome\/wp-json\/wp\/v2\/product_cat?post=4114"},{"taxonomy":"product_tag","embeddable":true,"href":"https:\/\/site.astrofoto.com.pt\/welcome\/wp-json\/wp\/v2\/product_tag?post=4114"}],"curies":[{"name":"wp","href":"https:\/\/api.w.org\/{rel}","templated":true}]}}